{"id":16950,"date":"2025-12-10T20:38:29","date_gmt":"2025-12-10T19:38:29","guid":{"rendered":"https:\/\/www.livresentre2actions.fr\/?post_type=product&#038;p=16950"},"modified":"2025-12-10T20:39:59","modified_gmt":"2025-12-10T19:39:59","slug":"encyclopedie-des-ouvrages-de-dames-th-de-dillmont","status":"publish","type":"product","link":"https:\/\/www.livresentre2actions.fr\/fr_fr\/produit\/encyclopedie-des-ouvrages-de-dames-th-de-dillmont\/","title":{"rendered":"Encyclop\u00e9die des ouvrages de dames, Th. de Dillmont"},"content":{"rendered":"<p>h. de Dillmont \u00e9diteur Pleine toile verte \u00e0 dos long orn\u00e9 comme le plat d\u2019un motif floral, plat sup\u00e9rieur marqu\u00e9 en pied \u00ab\u00a0Au bon March\u00e9, A. Boucicaut Paris.\u00a0\u00bb [Aristide Boucicaut, fondateur du Bon march\u00e9 en 1882], tranche de t\u00eate dor\u00e9e, 142 x 100, 826p. Suivi de la Liste des articles sp\u00e9ciaux marque D.M.C. et de la Biblioth\u00e8que D.M.C. Nouvelle \u00e9dition revue et augment\u00e9e, Dornach (Alsace) sans date. Int\u00e9rieur tr\u00e8s bon, propre, int\u00e8gre. Pleine toile en bon \u00e9tat avec frottements, traces, et une zone tr\u00e8s frott\u00e9e en plat sup\u00e9rieur. Bon exemplaire bien ferme.<\/p>\n","protected":false},"excerpt":{"rendered":"<p>h. de Dillmont \u00e9diteur Pleine toile verte \u00e0 dos long orn\u00e9 comme le plat d\u2019un motif floral, plat sup\u00e9rieur marqu\u00e9 en pied \u00ab\u00a0Au bon March\u00e9, A. Boucicaut Paris.\u00a0\u00bb [Aristide Boucicaut, fondateur du Bon march\u00e9 en 1882], tranche de t\u00eate dor\u00e9e, 142 x 100, 826p. Suivi de la Liste des articles sp\u00e9ciaux marque D.M.C. et de &#8230; <a title=\"Encyclop\u00e9die des ouvrages de dames, Th. de Dillmont\" class=\"read-more\" href=\"https:\/\/www.livresentre2actions.fr\/fr_fr\/produit\/encyclopedie-des-ouvrages-de-dames-th-de-dillmont\/\" aria-label=\"En savoir plus sur Encyclop\u00e9die des ouvrages de dames, Th. de Dillmont\">Lire plus<\/a><\/p>\n","protected":false},"featured_media":16951,"template":"","meta":{"_eb_attr":""},"product_brand":[],"product_cat":[37,72,71],"product_tag":[86],"class_list":{"0":"post-16950","1":"product","2":"type-product","3":"status-publish","4":"has-post-thumbnail","6":"product_cat-a-partir-du-xxeme-siecle","7":"product_cat-divers","8":"product_cat-illustres-modernes-editions-originales-signees-numerotees","9":"product_tag-illustre","10":"sales-flash-overlay","11":"woocommerce-text-align-center","12":"woocommerce-image-align-center","13":"wc-has-gallery","15":"first","16":"instock","17":"taxable","18":"shipping-taxable","19":"purchasable","20":"product-type-simple"},"aioseo_notices":[],"_links":{"self":[{"href":"https:\/\/www.livresentre2actions.fr\/fr_fr\/wp-json\/wp\/v2\/product\/16950","targetHints":{"allow":["GET"]}}],"collection":[{"href":"https:\/\/www.livresentre2actions.fr\/fr_fr\/wp-json\/wp\/v2\/product"}],"about":[{"href":"https:\/\/www.livresentre2actions.fr\/fr_fr\/wp-json\/wp\/v2\/types\/product"}],"wp:featuredmedia":[{"embeddable":true,"href":"https:\/\/www.livresentre2actions.fr\/fr_fr\/wp-json\/wp\/v2\/media\/16951"}],"wp:attachment":[{"href":"https:\/\/www.livresentre2actions.fr\/fr_fr\/wp-json\/wp\/v2\/media?parent=16950"}],"wp:term":[{"taxonomy":"product_brand","embeddable":true,"href":"https:\/\/www.livresentre2actions.fr\/fr_fr\/wp-json\/wp\/v2\/product_brand?post=16950"},{"taxonomy":"product_cat","embeddable":true,"href":"https:\/\/www.livresentre2actions.fr\/fr_fr\/wp-json\/wp\/v2\/product_cat?post=16950"},{"taxonomy":"product_tag","embeddable":true,"href":"https:\/\/www.livresentre2actions.fr\/fr_fr\/wp-json\/wp\/v2\/product_tag?post=16950"}],"curies":[{"name":"wp","href":"https:\/\/api.w.org\/{rel}","templated":true}]}}