{"id":16924,"date":"2025-12-10T17:03:04","date_gmt":"2025-12-10T16:03:04","guid":{"rendered":"https:\/\/www.livresentre2actions.fr\/?post_type=product&#038;p=16924"},"modified":"2025-12-10T20:40:17","modified_gmt":"2025-12-10T19:40:17","slug":"monsieur-nicolas-ou-le-coeur-humain-devoile-memoires-intimes","status":"publish","type":"product","link":"https:\/\/www.livresentre2actions.fr\/fr_fr\/produit\/monsieur-nicolas-ou-le-coeur-humain-devoile-memoires-intimes\/","title":{"rendered":"Monsieur Nicolas ou Le c\u0153ur humain d\u00e9voil\u00e9. M\u00e9moires intimes"},"content":{"rendered":"<p>Restif de la Bretonne &#8211; Chez Henri Jonqui\u00e8res<\/p>\n<p>Broch\u00e9 \u00e0 couvertures rempli\u00e9es, 256 x 167, 1924. illustr\u00e9s par Sylvain Sauvage. T1, 385p. T2, 442p. T3, 414p. T4, 1925, 620p. hors table. Tomes 2, 3 et 4 sont non coup\u00e9s. Pour tous les vols. : int\u00e9rieur l\u00e9g\u00e8rement insol\u00e9, mais tr\u00e8s bon, propre et int\u00e8gre. Couvertures et dos l\u00e9g\u00e8rement insol\u00e9s et frott\u00e9s, mais globalement bons avec : T1, tache rousse en couverture, petits manques en pied de dos, et un petit manque en t\u00eate de dos ; T2, petite d\u00e9chirure sans manque en t\u00eate et pied de dos ; T3, petite d\u00e9chirure sans manque en t\u00eate et pied de dos ; T4, petite d\u00e9chirure sans manque en t\u00eate et pied de dos. Volumes bien fermes, recouverts avec soin, sans adh\u00e9sif.<\/p>\n","protected":false},"excerpt":{"rendered":"<p>Restif de la Bretonne &#8211; Chez Henri Jonqui\u00e8res Broch\u00e9 \u00e0 couvertures rempli\u00e9es, 256 x 167, 1924. illustr\u00e9s par Sylvain Sauvage. T1, 385p. T2, 442p. T3, 414p. T4, 1925, 620p. hors table. Tomes 2, 3 et 4 sont non coup\u00e9s. Pour tous les vols. : int\u00e9rieur l\u00e9g\u00e8rement insol\u00e9, mais tr\u00e8s bon, propre et int\u00e8gre. Couvertures et &#8230; <a title=\"Monsieur Nicolas ou Le c\u0153ur humain d\u00e9voil\u00e9. M\u00e9moires intimes\" class=\"read-more\" href=\"https:\/\/www.livresentre2actions.fr\/fr_fr\/produit\/monsieur-nicolas-ou-le-coeur-humain-devoile-memoires-intimes\/\" aria-label=\"En savoir plus sur Monsieur Nicolas ou Le c\u0153ur humain d\u00e9voil\u00e9. M\u00e9moires intimes\">Lire plus<\/a><\/p>\n","protected":false},"featured_media":16925,"template":"","meta":{"_eb_attr":""},"product_brand":[],"product_cat":[37,84,71,76],"product_tag":[86],"class_list":{"0":"post-16924","1":"product","2":"type-product","3":"status-publish","4":"has-post-thumbnail","6":"product_cat-a-partir-du-xxeme-siecle","7":"product_cat-curiosa","8":"product_cat-illustres-modernes-editions-originales-signees-numerotees","9":"product_cat-poesie-theatre-prose","10":"product_tag-illustre","11":"sales-flash-overlay","12":"woocommerce-text-align-center","13":"woocommerce-image-align-center","14":"wc-has-gallery","16":"first","17":"instock","18":"taxable","19":"shipping-taxable","20":"purchasable","21":"product-type-simple"},"aioseo_notices":[],"_links":{"self":[{"href":"https:\/\/www.livresentre2actions.fr\/fr_fr\/wp-json\/wp\/v2\/product\/16924","targetHints":{"allow":["GET"]}}],"collection":[{"href":"https:\/\/www.livresentre2actions.fr\/fr_fr\/wp-json\/wp\/v2\/product"}],"about":[{"href":"https:\/\/www.livresentre2actions.fr\/fr_fr\/wp-json\/wp\/v2\/types\/product"}],"wp:featuredmedia":[{"embeddable":true,"href":"https:\/\/www.livresentre2actions.fr\/fr_fr\/wp-json\/wp\/v2\/media\/16925"}],"wp:attachment":[{"href":"https:\/\/www.livresentre2actions.fr\/fr_fr\/wp-json\/wp\/v2\/media?parent=16924"}],"wp:term":[{"taxonomy":"product_brand","embeddable":true,"href":"https:\/\/www.livresentre2actions.fr\/fr_fr\/wp-json\/wp\/v2\/product_brand?post=16924"},{"taxonomy":"product_cat","embeddable":true,"href":"https:\/\/www.livresentre2actions.fr\/fr_fr\/wp-json\/wp\/v2\/product_cat?post=16924"},{"taxonomy":"product_tag","embeddable":true,"href":"https:\/\/www.livresentre2actions.fr\/fr_fr\/wp-json\/wp\/v2\/product_tag?post=16924"}],"curies":[{"name":"wp","href":"https:\/\/api.w.org\/{rel}","templated":true}]}}