{"id":16917,"date":"2025-12-09T18:35:41","date_gmt":"2025-12-09T17:35:41","guid":{"rendered":"https:\/\/www.livresentre2actions.fr\/?post_type=product&#038;p=16917"},"modified":"2025-12-09T18:35:41","modified_gmt":"2025-12-09T17:35:41","slug":"lettres-a-un-ami-allemand-camus-2","status":"publish","type":"product","link":"https:\/\/www.livresentre2actions.fr\/fr_fr\/produit\/lettres-a-un-ami-allemand-camus-2\/","title":{"rendered":"Lettres \u00e0 un ami allemand, Camus"},"content":{"rendered":"<p>Broch\u00e9, 185 x 120, 87p. Hors table. 1948. Int\u00e9rieur propre, int\u00e8gre. Une marque de pliure en couverture, une petite d\u00e9chirure sans manque en t\u00eate de couverture et de quatri\u00e8me de couverture. Bien ferme.<\/p>\n","protected":false},"excerpt":{"rendered":"<p>Broch\u00e9, 185 x 120, 87p. Hors table. 1948. Int\u00e9rieur propre, int\u00e8gre. Une marque de pliure en couverture, une petite d\u00e9chirure sans manque en t\u00eate de couverture et de quatri\u00e8me de couverture. Bien ferme.<\/p>\n","protected":false},"featured_media":16918,"template":"","meta":{"_eb_attr":""},"product_brand":[],"product_cat":[37,73,76],"product_tag":[],"class_list":{"0":"post-16917","1":"product","2":"type-product","3":"status-publish","4":"has-post-thumbnail","6":"product_cat-a-partir-du-xxeme-siecle","7":"product_cat-histoires-et-recits-de-voyage","8":"product_cat-poesie-theatre-prose","9":"sales-flash-overlay","10":"woocommerce-text-align-center","11":"woocommerce-image-align-center","12":"wc-has-gallery","14":"first","15":"instock","16":"taxable","17":"shipping-taxable","18":"purchasable","19":"product-type-simple"},"aioseo_notices":[],"_links":{"self":[{"href":"https:\/\/www.livresentre2actions.fr\/fr_fr\/wp-json\/wp\/v2\/product\/16917","targetHints":{"allow":["GET"]}}],"collection":[{"href":"https:\/\/www.livresentre2actions.fr\/fr_fr\/wp-json\/wp\/v2\/product"}],"about":[{"href":"https:\/\/www.livresentre2actions.fr\/fr_fr\/wp-json\/wp\/v2\/types\/product"}],"wp:featuredmedia":[{"embeddable":true,"href":"https:\/\/www.livresentre2actions.fr\/fr_fr\/wp-json\/wp\/v2\/media\/16918"}],"wp:attachment":[{"href":"https:\/\/www.livresentre2actions.fr\/fr_fr\/wp-json\/wp\/v2\/media?parent=16917"}],"wp:term":[{"taxonomy":"product_brand","embeddable":true,"href":"https:\/\/www.livresentre2actions.fr\/fr_fr\/wp-json\/wp\/v2\/product_brand?post=16917"},{"taxonomy":"product_cat","embeddable":true,"href":"https:\/\/www.livresentre2actions.fr\/fr_fr\/wp-json\/wp\/v2\/product_cat?post=16917"},{"taxonomy":"product_tag","embeddable":true,"href":"https:\/\/www.livresentre2actions.fr\/fr_fr\/wp-json\/wp\/v2\/product_tag?post=16917"}],"curies":[{"name":"wp","href":"https:\/\/api.w.org\/{rel}","templated":true}]}}