{"id":16903,"date":"2025-12-09T18:28:19","date_gmt":"2025-12-09T17:28:19","guid":{"rendered":"https:\/\/www.livresentre2actions.fr\/?post_type=product&#038;p=16903"},"modified":"2025-12-09T18:28:57","modified_gmt":"2025-12-09T17:28:57","slug":"lancienne-france-le-theatre-et-la-musique-jusquen-1789","status":"publish","type":"product","link":"https:\/\/www.livresentre2actions.fr\/fr_fr\/produit\/lancienne-france-le-theatre-et-la-musique-jusquen-1789\/","title":{"rendered":"L\u2019ancienne France. Le th\u00e9\u00e2tre et la Musique jusqu\u2019en 1789"},"content":{"rendered":"<p>Librairie de Firmin-Didot &#8211; Pleine percaline rouge \u00e9diteur, \u00e0 dos long orn\u00e9, plat sup\u00e9rieur richement orn\u00e9 noir, rouge et or, \u00e0 motifs v\u00e9g\u00e9taux et g\u00e9om\u00e9triques, orn\u00e9 de la collection, du titre et de l\u2019\u00e9diteur, 207 x 190, 304p. 1887. 225 gravures et une chromolithographie sous serpente en frontispice. Myst\u00e8res \u2013 Trag\u00e9die \u2013 Com\u00e9die. Instruments, ballet, op\u00e9ra. Int\u00e9rieur l\u00e9g\u00e8rement insol\u00e9, mais tr\u00e8s bon, propre et int\u00e8gre. Dos insol\u00e9. Plats frott\u00e9s et l\u00e9g\u00e8rement tach\u00e9s (plat inf\u00e9rieur), mais int\u00e8gre. Coins l\u00e9g\u00e8rement frott\u00e9s et l\u00e9g\u00e8rement cogn\u00e9s. Bel exemplaire bien ferme.<\/p>\n","protected":false},"excerpt":{"rendered":"<p>Librairie de Firmin-Didot &#8211; Pleine percaline rouge \u00e9diteur, \u00e0 dos long orn\u00e9, plat sup\u00e9rieur richement orn\u00e9 noir, rouge et or, \u00e0 motifs v\u00e9g\u00e9taux et g\u00e9om\u00e9triques, orn\u00e9 de la collection, du titre et de l\u2019\u00e9diteur, 207 x 190, 304p. 1887. 225 gravures et une chromolithographie sous serpente en frontispice. Myst\u00e8res \u2013 Trag\u00e9die \u2013 Com\u00e9die. Instruments, ballet, &#8230; <a title=\"L\u2019ancienne France. Le th\u00e9\u00e2tre et la Musique jusqu\u2019en 1789\" class=\"read-more\" href=\"https:\/\/www.livresentre2actions.fr\/fr_fr\/produit\/lancienne-france-le-theatre-et-la-musique-jusquen-1789\/\" aria-label=\"En savoir plus sur L\u2019ancienne France. Le th\u00e9\u00e2tre et la Musique jusqu\u2019en 1789\">Lire plus<\/a><\/p>\n","protected":false},"featured_media":16904,"template":"","meta":{"_eb_attr":""},"product_brand":[],"product_cat":[36,75,71,76],"product_tag":[86],"class_list":{"0":"post-16903","1":"product","2":"type-product","3":"status-publish","4":"has-post-thumbnail","6":"product_cat-entre-le-xviiieme-et-le-xixeme-siecle","7":"product_cat-art","8":"product_cat-illustres-modernes-editions-originales-signees-numerotees","9":"product_cat-poesie-theatre-prose","10":"product_tag-illustre","11":"sales-flash-overlay","12":"woocommerce-text-align-center","13":"woocommerce-image-align-center","14":"wc-has-gallery","16":"first","17":"instock","18":"taxable","19":"shipping-taxable","20":"purchasable","21":"product-type-simple"},"aioseo_notices":[],"_links":{"self":[{"href":"https:\/\/www.livresentre2actions.fr\/fr_fr\/wp-json\/wp\/v2\/product\/16903","targetHints":{"allow":["GET"]}}],"collection":[{"href":"https:\/\/www.livresentre2actions.fr\/fr_fr\/wp-json\/wp\/v2\/product"}],"about":[{"href":"https:\/\/www.livresentre2actions.fr\/fr_fr\/wp-json\/wp\/v2\/types\/product"}],"wp:featuredmedia":[{"embeddable":true,"href":"https:\/\/www.livresentre2actions.fr\/fr_fr\/wp-json\/wp\/v2\/media\/16904"}],"wp:attachment":[{"href":"https:\/\/www.livresentre2actions.fr\/fr_fr\/wp-json\/wp\/v2\/media?parent=16903"}],"wp:term":[{"taxonomy":"product_brand","embeddable":true,"href":"https:\/\/www.livresentre2actions.fr\/fr_fr\/wp-json\/wp\/v2\/product_brand?post=16903"},{"taxonomy":"product_cat","embeddable":true,"href":"https:\/\/www.livresentre2actions.fr\/fr_fr\/wp-json\/wp\/v2\/product_cat?post=16903"},{"taxonomy":"product_tag","embeddable":true,"href":"https:\/\/www.livresentre2actions.fr\/fr_fr\/wp-json\/wp\/v2\/product_tag?post=16903"}],"curies":[{"name":"wp","href":"https:\/\/api.w.org\/{rel}","templated":true}]}}