{"id":16856,"date":"2025-12-08T15:41:56","date_gmt":"2025-12-08T14:41:56","guid":{"rendered":"https:\/\/www.livresentre2actions.fr\/?post_type=product&#038;p=16856"},"modified":"2025-12-08T15:42:00","modified_gmt":"2025-12-08T14:42:00","slug":"calvaires-du-beauvaisis-decouverte-dun-patrimoine-de-loise","status":"publish","type":"product","link":"https:\/\/www.livresentre2actions.fr\/fr_fr\/produit\/calvaires-du-beauvaisis-decouverte-dun-patrimoine-de-loise\/","title":{"rendered":"Calvaires du Beauvaisis. D\u00e9couverte d\u2019un patrimoine de l\u2019Oise"},"content":{"rendered":"<p>Association pour la connaissance et la conservation des calvaires et des croix du Beauvaisis Broch\u00e9, 297 x 210, 356p. 2016. Int\u00e9rieur tr\u00e8s bon, propre et int\u00e8gre. Couvertures et dos propres, avec l\u00e9g\u00e8re corne (redressement dans pliure) en couverture,et une corne avec une marque de pliure en pied de quatri\u00e8me. Tr\u00e8s l\u00e9g\u00e8res traces sur la tranche m\u00e9diane. Bel exemplaire bien ferme.<\/p>\n","protected":false},"excerpt":{"rendered":"<p>Association pour la connaissance et la conservation des calvaires et des croix du Beauvaisis Broch\u00e9, 297 x 210, 356p. 2016. Int\u00e9rieur tr\u00e8s bon, propre et int\u00e8gre. Couvertures et dos propres, avec l\u00e9g\u00e8re corne (redressement dans pliure) en couverture,et une corne avec une marque de pliure en pied de quatri\u00e8me. Tr\u00e8s l\u00e9g\u00e8res traces sur la tranche &#8230; <a title=\"Calvaires du Beauvaisis. D\u00e9couverte d\u2019un patrimoine de l\u2019Oise\" class=\"read-more\" href=\"https:\/\/www.livresentre2actions.fr\/fr_fr\/produit\/calvaires-du-beauvaisis-decouverte-dun-patrimoine-de-loise\/\" aria-label=\"En savoir plus sur Calvaires du Beauvaisis. D\u00e9couverte d\u2019un patrimoine de l\u2019Oise\">Lire plus<\/a><\/p>\n","protected":false},"featured_media":16857,"template":"","meta":{"_eb_attr":""},"product_brand":[],"product_cat":[37,71,81,68],"product_tag":[],"class_list":{"0":"post-16856","1":"product","2":"type-product","3":"status-publish","4":"has-post-thumbnail","6":"product_cat-a-partir-du-xxeme-siecle","7":"product_cat-illustres-modernes-editions-originales-signees-numerotees","8":"product_cat-hauts-de-france","9":"product_cat-religion-spiritualite","10":"sales-flash-overlay","11":"woocommerce-text-align-center","12":"woocommerce-image-align-center","13":"wc-has-gallery","15":"first","16":"instock","17":"taxable","18":"shipping-taxable","19":"purchasable","20":"product-type-simple"},"aioseo_notices":[],"_links":{"self":[{"href":"https:\/\/www.livresentre2actions.fr\/fr_fr\/wp-json\/wp\/v2\/product\/16856","targetHints":{"allow":["GET"]}}],"collection":[{"href":"https:\/\/www.livresentre2actions.fr\/fr_fr\/wp-json\/wp\/v2\/product"}],"about":[{"href":"https:\/\/www.livresentre2actions.fr\/fr_fr\/wp-json\/wp\/v2\/types\/product"}],"wp:featuredmedia":[{"embeddable":true,"href":"https:\/\/www.livresentre2actions.fr\/fr_fr\/wp-json\/wp\/v2\/media\/16857"}],"wp:attachment":[{"href":"https:\/\/www.livresentre2actions.fr\/fr_fr\/wp-json\/wp\/v2\/media?parent=16856"}],"wp:term":[{"taxonomy":"product_brand","embeddable":true,"href":"https:\/\/www.livresentre2actions.fr\/fr_fr\/wp-json\/wp\/v2\/product_brand?post=16856"},{"taxonomy":"product_cat","embeddable":true,"href":"https:\/\/www.livresentre2actions.fr\/fr_fr\/wp-json\/wp\/v2\/product_cat?post=16856"},{"taxonomy":"product_tag","embeddable":true,"href":"https:\/\/www.livresentre2actions.fr\/fr_fr\/wp-json\/wp\/v2\/product_tag?post=16856"}],"curies":[{"name":"wp","href":"https:\/\/api.w.org\/{rel}","templated":true}]}}