{"id":16838,"date":"2025-12-08T15:37:40","date_gmt":"2025-12-08T14:37:40","guid":{"rendered":"https:\/\/www.livresentre2actions.fr\/?post_type=product&#038;p=16838"},"modified":"2025-12-08T15:38:09","modified_gmt":"2025-12-08T14:38:09","slug":"instruction-sur-lhistoire-de-france-par-demandes-et-par-reponses","status":"publish","type":"product","link":"https:\/\/www.livresentre2actions.fr\/fr_fr\/produit\/instruction-sur-lhistoire-de-france-par-demandes-et-par-reponses\/","title":{"rendered":"Instruction sur l&rsquo;histoire de France, par demandes et par r\u00e9ponses"},"content":{"rendered":"<p>Instruction sur l&rsquo;histoire de France, par demandes et par r\u00e9ponses, depuis l&rsquo;\u00e9tablissement de la monarchie fran\u00e7aise jusqu&rsquo;a ce jour. Suivi d&rsquo;un Abr\u00e9g\u00e9 de la g\u00e9ographie ; d&rsquo;un Abr\u00e9g\u00e9 de l&rsquo;histoire romaine, des M\u00e9tamorphoses d&rsquo;Ovide, de l&rsquo;Histoire po\u00e9tique, d&rsquo;un Recueil de proverbes, sentences, bons mots et pens\u00e9es choisies.<\/p>\n<p>Le Rageois &#8211; Lille. L. Lefort &#8211; Demi-veau marbr\u00e9 moderne, dos \u00e0 faux-nerfs orn\u00e9 d\u2019une pi\u00e8ce de titre noire, 173 x 110, 1834. Pagination multiple. Chronique abr\u00e9g\u00e9e de l;histoire de France en vers, I-X ; Instruction sur l&rsquo;histoire de France, par demandes et par r\u00e9ponses, 264p. \u00c9l\u00e9mens de l\u2019histoire ancienne, par demandes et par r\u00e9ponses, 236p. Avec 66 portraits de Rois en m\u00e9daillon.<\/p>\n<p>Trois pages restaur\u00e9es dans la premi\u00e8re premi\u00e8re partie, de m\u00eame pour la derni\u00e8re page du volume. Int\u00e9rieur propre, rousseurs l\u00e9g\u00e8res et \u00e9parses. Reliure en tr\u00e8s \u00e9tat, \u00e9pidermure d\u2019\u00e9tiquette en pied de dos. Bon exemplaire bien ferme.<\/p>\n","protected":false},"excerpt":{"rendered":"<p>Instruction sur l&rsquo;histoire de France, par demandes et par r\u00e9ponses, depuis l&rsquo;\u00e9tablissement de la monarchie fran\u00e7aise jusqu&rsquo;a ce jour. Suivi d&rsquo;un Abr\u00e9g\u00e9 de la g\u00e9ographie ; d&rsquo;un Abr\u00e9g\u00e9 de l&rsquo;histoire romaine, des M\u00e9tamorphoses d&rsquo;Ovide, de l&rsquo;Histoire po\u00e9tique, d&rsquo;un Recueil de proverbes, sentences, bons mots et pens\u00e9es choisies. Le Rageois &#8211; Lille. L. Lefort &#8211; Demi-veau &#8230; <a title=\"Instruction sur l&rsquo;histoire de France, par demandes et par r\u00e9ponses\" class=\"read-more\" href=\"https:\/\/www.livresentre2actions.fr\/fr_fr\/produit\/instruction-sur-lhistoire-de-france-par-demandes-et-par-reponses\/\" aria-label=\"En savoir plus sur Instruction sur l&rsquo;histoire de France, par demandes et par r\u00e9ponses\">Lire plus<\/a><\/p>\n","protected":false},"featured_media":16840,"template":"","meta":{"_eb_attr":""},"product_brand":[],"product_cat":[36,71,73],"product_tag":[86],"class_list":{"0":"post-16838","1":"product","2":"type-product","3":"status-publish","4":"has-post-thumbnail","6":"product_cat-entre-le-xviiieme-et-le-xixeme-siecle","7":"product_cat-illustres-modernes-editions-originales-signees-numerotees","8":"product_cat-histoires-et-recits-de-voyage","9":"product_tag-illustre","10":"sales-flash-overlay","11":"woocommerce-text-align-center","12":"woocommerce-image-align-center","13":"wc-has-gallery","15":"first","16":"instock","17":"taxable","18":"shipping-taxable","19":"purchasable","20":"product-type-simple"},"aioseo_notices":[],"_links":{"self":[{"href":"https:\/\/www.livresentre2actions.fr\/fr_fr\/wp-json\/wp\/v2\/product\/16838","targetHints":{"allow":["GET"]}}],"collection":[{"href":"https:\/\/www.livresentre2actions.fr\/fr_fr\/wp-json\/wp\/v2\/product"}],"about":[{"href":"https:\/\/www.livresentre2actions.fr\/fr_fr\/wp-json\/wp\/v2\/types\/product"}],"wp:featuredmedia":[{"embeddable":true,"href":"https:\/\/www.livresentre2actions.fr\/fr_fr\/wp-json\/wp\/v2\/media\/16840"}],"wp:attachment":[{"href":"https:\/\/www.livresentre2actions.fr\/fr_fr\/wp-json\/wp\/v2\/media?parent=16838"}],"wp:term":[{"taxonomy":"product_brand","embeddable":true,"href":"https:\/\/www.livresentre2actions.fr\/fr_fr\/wp-json\/wp\/v2\/product_brand?post=16838"},{"taxonomy":"product_cat","embeddable":true,"href":"https:\/\/www.livresentre2actions.fr\/fr_fr\/wp-json\/wp\/v2\/product_cat?post=16838"},{"taxonomy":"product_tag","embeddable":true,"href":"https:\/\/www.livresentre2actions.fr\/fr_fr\/wp-json\/wp\/v2\/product_tag?post=16838"}],"curies":[{"name":"wp","href":"https:\/\/api.w.org\/{rel}","templated":true}]}}