{"id":16809,"date":"2025-12-05T20:07:37","date_gmt":"2025-12-05T19:07:37","guid":{"rendered":"https:\/\/www.livresentre2actions.fr\/?post_type=product&#038;p=16809"},"modified":"2025-12-06T12:20:04","modified_gmt":"2025-12-06T11:20:04","slug":"les-sentences-du-coq-de-sebastien-jurion-j-dauby-et-m-durieux","status":"publish","type":"product","link":"https:\/\/www.livresentre2actions.fr\/fr_fr\/produit\/les-sentences-du-coq-de-sebastien-jurion-j-dauby-et-m-durieux\/","title":{"rendered":"Les sentences du coq de S\u00e9bastien Jurion, J. Dauby et M.. Durieux"},"content":{"rendered":"<p>Mus\u00e9e de Picardie &#8211; Collection de la soci\u00e9t\u00e9 d linguistique picarde, XXII. Broch\u00e9, 242 x 160, 107 p. 1981. Excellent exemplaire, l\u00e9g\u00e8rement insol\u00e9 et frott\u00e9 mais propre et int\u00e8gre.<\/p>\n","protected":false},"excerpt":{"rendered":"<p>Mus\u00e9e de Picardie &#8211; Collection de la soci\u00e9t\u00e9 d linguistique picarde, XXII. Broch\u00e9, 242 x 160, 107 p. 1981. Excellent exemplaire, l\u00e9g\u00e8rement insol\u00e9 et frott\u00e9 mais propre et int\u00e8gre.<\/p>\n","protected":false},"featured_media":16818,"template":"","meta":{"_eb_attr":""},"product_brand":[],"product_cat":[37,71,81],"product_tag":[],"class_list":{"0":"post-16809","1":"product","2":"type-product","3":"status-publish","4":"has-post-thumbnail","6":"product_cat-a-partir-du-xxeme-siecle","7":"product_cat-illustres-modernes-editions-originales-signees-numerotees","8":"product_cat-hauts-de-france","9":"sales-flash-overlay","10":"woocommerce-text-align-center","11":"woocommerce-image-align-center","12":"wc-has-gallery","14":"first","15":"instock","16":"taxable","17":"shipping-taxable","18":"purchasable","19":"product-type-simple"},"aioseo_notices":[],"_links":{"self":[{"href":"https:\/\/www.livresentre2actions.fr\/fr_fr\/wp-json\/wp\/v2\/product\/16809","targetHints":{"allow":["GET"]}}],"collection":[{"href":"https:\/\/www.livresentre2actions.fr\/fr_fr\/wp-json\/wp\/v2\/product"}],"about":[{"href":"https:\/\/www.livresentre2actions.fr\/fr_fr\/wp-json\/wp\/v2\/types\/product"}],"wp:featuredmedia":[{"embeddable":true,"href":"https:\/\/www.livresentre2actions.fr\/fr_fr\/wp-json\/wp\/v2\/media\/16818"}],"wp:attachment":[{"href":"https:\/\/www.livresentre2actions.fr\/fr_fr\/wp-json\/wp\/v2\/media?parent=16809"}],"wp:term":[{"taxonomy":"product_brand","embeddable":true,"href":"https:\/\/www.livresentre2actions.fr\/fr_fr\/wp-json\/wp\/v2\/product_brand?post=16809"},{"taxonomy":"product_cat","embeddable":true,"href":"https:\/\/www.livresentre2actions.fr\/fr_fr\/wp-json\/wp\/v2\/product_cat?post=16809"},{"taxonomy":"product_tag","embeddable":true,"href":"https:\/\/www.livresentre2actions.fr\/fr_fr\/wp-json\/wp\/v2\/product_tag?post=16809"}],"curies":[{"name":"wp","href":"https:\/\/api.w.org\/{rel}","templated":true}]}}