{"id":16796,"date":"2025-12-05T19:55:56","date_gmt":"2025-12-05T18:55:56","guid":{"rendered":"https:\/\/www.livresentre2actions.fr\/?post_type=product&#038;p=16796"},"modified":"2025-12-05T19:55:56","modified_gmt":"2025-12-05T18:55:56","slug":"le-maroc-geographie-organisation-politique","status":"publish","type":"product","link":"https:\/\/www.livresentre2actions.fr\/fr_fr\/produit\/le-maroc-geographie-organisation-politique\/","title":{"rendered":"Le Maroc. G\u00e9ographie. Organisation. Politique"},"content":{"rendered":"<p>R.- J. Frisch &#8211; Ernest Leroux \u00e9diteur<\/p>\n<p>Demi-veau \u00e0 dos long orn\u00e9 du titre, et d\u2019une \u00e9tiquette (code de biblioth\u00e8que?), 188 x 107, 404p. Avec table. 1895. \u00c9dition originale peu courante. Avec une carte d\u00e9pliante en d\u00e9but de volume (rousseurs, 2 plis avec d\u00e9chirure sans manque). Int\u00e9rieur propre, avec rousseurs de fr\u00e9quence et d\u2019intensit\u00e9 variables, mais plut\u00f4t marginales. Reliure modeste avec petits accidents (frottements, \u00e9pidermures, carton apparent sur un plat). Exemplaire bien ferme.<\/p>\n","protected":false},"excerpt":{"rendered":"<p>R.- J. Frisch &#8211; Ernest Leroux \u00e9diteur Demi-veau \u00e0 dos long orn\u00e9 du titre, et d\u2019une \u00e9tiquette (code de biblioth\u00e8que?), 188 x 107, 404p. Avec table. 1895. \u00c9dition originale peu courante. Avec une carte d\u00e9pliante en d\u00e9but de volume (rousseurs, 2 plis avec d\u00e9chirure sans manque). Int\u00e9rieur propre, avec rousseurs de fr\u00e9quence et d\u2019intensit\u00e9 variables, &#8230; <a title=\"Le Maroc. G\u00e9ographie. Organisation. Politique\" class=\"read-more\" href=\"https:\/\/www.livresentre2actions.fr\/fr_fr\/produit\/le-maroc-geographie-organisation-politique\/\" aria-label=\"En savoir plus sur Le Maroc. G\u00e9ographie. Organisation. Politique\">Lire plus<\/a><\/p>\n","protected":false},"featured_media":16797,"template":"","meta":{"_eb_attr":""},"product_brand":[],"product_cat":[36,71,73],"product_tag":[],"class_list":{"0":"post-16796","1":"product","2":"type-product","3":"status-publish","4":"has-post-thumbnail","6":"product_cat-entre-le-xviiieme-et-le-xixeme-siecle","7":"product_cat-illustres-modernes-editions-originales-signees-numerotees","8":"product_cat-histoires-et-recits-de-voyage","9":"sales-flash-overlay","10":"woocommerce-text-align-center","11":"woocommerce-image-align-center","12":"wc-has-gallery","14":"first","15":"instock","16":"taxable","17":"shipping-taxable","18":"purchasable","19":"product-type-simple"},"aioseo_notices":[],"_links":{"self":[{"href":"https:\/\/www.livresentre2actions.fr\/fr_fr\/wp-json\/wp\/v2\/product\/16796","targetHints":{"allow":["GET"]}}],"collection":[{"href":"https:\/\/www.livresentre2actions.fr\/fr_fr\/wp-json\/wp\/v2\/product"}],"about":[{"href":"https:\/\/www.livresentre2actions.fr\/fr_fr\/wp-json\/wp\/v2\/types\/product"}],"wp:featuredmedia":[{"embeddable":true,"href":"https:\/\/www.livresentre2actions.fr\/fr_fr\/wp-json\/wp\/v2\/media\/16797"}],"wp:attachment":[{"href":"https:\/\/www.livresentre2actions.fr\/fr_fr\/wp-json\/wp\/v2\/media?parent=16796"}],"wp:term":[{"taxonomy":"product_brand","embeddable":true,"href":"https:\/\/www.livresentre2actions.fr\/fr_fr\/wp-json\/wp\/v2\/product_brand?post=16796"},{"taxonomy":"product_cat","embeddable":true,"href":"https:\/\/www.livresentre2actions.fr\/fr_fr\/wp-json\/wp\/v2\/product_cat?post=16796"},{"taxonomy":"product_tag","embeddable":true,"href":"https:\/\/www.livresentre2actions.fr\/fr_fr\/wp-json\/wp\/v2\/product_tag?post=16796"}],"curies":[{"name":"wp","href":"https:\/\/api.w.org\/{rel}","templated":true}]}}