{"id":16769,"date":"2025-12-05T19:37:06","date_gmt":"2025-12-05T18:37:06","guid":{"rendered":"https:\/\/www.livresentre2actions.fr\/?post_type=product&#038;p=16769"},"modified":"2025-12-06T12:21:07","modified_gmt":"2025-12-06T11:21:07","slug":"ethica-christiana-ubi-de-beatudine-humana-de-passionibus-animi","status":"publish","type":"product","link":"https:\/\/www.livresentre2actions.fr\/fr_fr\/produit\/ethica-christiana-ubi-de-beatudine-humana-de-passionibus-animi\/","title":{"rendered":"Ethica  Christiana\u00a0: ubi De Beatudine humana. De Passionibus Animi"},"content":{"rendered":"<p>Ethica Christiana\u00a0: ubi De Beatudine humana. De Passionibus Animi. De Virtutibus moralibus et De Virtitibus Christianis. Philosophic\u00e8, christiane, ac cordat\u00e8 differitur<\/p>\n<p>Eusebios Amort &#8211; Augustae Vindelicorum [Augsbourg] Sumptibus Fratrum Veite Bibliopolarum<\/p>\n<p>Plein veau marbr\u00e9, dos \u00e0 cinq nerfs, orn\u00e9 d\u2019une pi\u00e8ce de titre olive au titre en creux, tranches jasp\u00e9es rouges, 190 x 128, 368p. 1758. Premi\u00e8re \u00e9dition, avec tr\u00e8s joli frontispice grav\u00e9 par la graveuse allemande Catharina Klauber [identit\u00e9 r\u00e9elle sujette \u00e0 interrogation\u00a0: portrait dans un grand encadrement du cardinal italien Antonus Andreas Galli [1697-1767 ] surplombant une adresse en piedestal, avec les armoiries du cardinal au centre. Jolie vignette all\u00e9gorique au titre celle de l\u2019\u00e9diteur avec son monogramme en pied \u00e0 l\u2019encre et boussole et la devise \u00ab\u00a0Aperi et pretiosa lege\u00a0\u00bb , vignette grav\u00e9e par Joseph-Erasmus Bellinger. Ex-libris ou inscription latine manuscrite en garde. Comprend\u00a0: Adresse au Cardinal Galli, Approbation et Adresse au lecteur, Index, Prolegomena , 10p. Puis le texte termin\u00e9 par la devise j\u00e9suite acronyme O.A.M.D.G. [Omnia Ad Majorem Dei Gloriam]. In fine\u00a0: Errores typographici. Int\u00e9rieur propre mais avec rousseurs continues. Reliure en bel \u00e9tat except\u00e9 la coiffe manquante avec un manque au caisson de t\u00eate, la queue avec un petit manque et un trou de ver aux caisson de pied. Bel exemplaire bien ferme. Th\u00e9ologien catholique allemand, Eusebios Amort (1692-1775) est notamment l\u2019auteur d\u2019un cours de philosophie pour le dioc\u00e8se d\u2019Augsbourg.<\/p>\n<p>&nbsp;<\/p>\n<p>&nbsp;<\/p>\n","protected":false},"excerpt":{"rendered":"<p>Ethica Christiana\u00a0: ubi De Beatudine humana. De Passionibus Animi. De Virtutibus moralibus et De Virtitibus Christianis. Philosophic\u00e8, christiane, ac cordat\u00e8 differitur Eusebios Amort &#8211; Augustae Vindelicorum [Augsbourg] Sumptibus Fratrum Veite Bibliopolarum Plein veau marbr\u00e9, dos \u00e0 cinq nerfs, orn\u00e9 d\u2019une pi\u00e8ce de titre olive au titre en creux, tranches jasp\u00e9es rouges, 190 x 128, 368p. &#8230; <a title=\"Ethica  Christiana\u00a0: ubi De Beatudine humana. De Passionibus Animi\" class=\"read-more\" href=\"https:\/\/www.livresentre2actions.fr\/fr_fr\/produit\/ethica-christiana-ubi-de-beatudine-humana-de-passionibus-animi\/\" aria-label=\"En savoir plus sur Ethica  Christiana\u00a0: ubi De Beatudine humana. De Passionibus Animi\">Lire plus<\/a><\/p>\n","protected":false},"featured_media":16819,"template":"","meta":{"_eb_attr":""},"product_brand":[],"product_cat":[36,71,68],"product_tag":[],"class_list":{"0":"post-16769","1":"product","2":"type-product","3":"status-publish","4":"has-post-thumbnail","6":"product_cat-entre-le-xviiieme-et-le-xixeme-siecle","7":"product_cat-illustres-modernes-editions-originales-signees-numerotees","8":"product_cat-religion-spiritualite","9":"sales-flash-overlay","10":"woocommerce-text-align-center","11":"woocommerce-image-align-center","12":"wc-has-gallery","14":"first","15":"instock","16":"taxable","17":"shipping-taxable","18":"purchasable","19":"product-type-simple"},"aioseo_notices":[],"_links":{"self":[{"href":"https:\/\/www.livresentre2actions.fr\/fr_fr\/wp-json\/wp\/v2\/product\/16769","targetHints":{"allow":["GET"]}}],"collection":[{"href":"https:\/\/www.livresentre2actions.fr\/fr_fr\/wp-json\/wp\/v2\/product"}],"about":[{"href":"https:\/\/www.livresentre2actions.fr\/fr_fr\/wp-json\/wp\/v2\/types\/product"}],"wp:featuredmedia":[{"embeddable":true,"href":"https:\/\/www.livresentre2actions.fr\/fr_fr\/wp-json\/wp\/v2\/media\/16819"}],"wp:attachment":[{"href":"https:\/\/www.livresentre2actions.fr\/fr_fr\/wp-json\/wp\/v2\/media?parent=16769"}],"wp:term":[{"taxonomy":"product_brand","embeddable":true,"href":"https:\/\/www.livresentre2actions.fr\/fr_fr\/wp-json\/wp\/v2\/product_brand?post=16769"},{"taxonomy":"product_cat","embeddable":true,"href":"https:\/\/www.livresentre2actions.fr\/fr_fr\/wp-json\/wp\/v2\/product_cat?post=16769"},{"taxonomy":"product_tag","embeddable":true,"href":"https:\/\/www.livresentre2actions.fr\/fr_fr\/wp-json\/wp\/v2\/product_tag?post=16769"}],"curies":[{"name":"wp","href":"https:\/\/api.w.org\/{rel}","templated":true}]}}