{"id":16734,"date":"2025-09-26T14:45:10","date_gmt":"2025-09-26T12:45:10","guid":{"rendered":"https:\/\/www.livresentre2actions.fr\/?post_type=product&#038;p=16734"},"modified":"2025-11-26T14:45:44","modified_gmt":"2025-11-26T13:45:44","slug":"le-tour-du-monde-galerie-historique-victor-adam","status":"publish","type":"product","link":"https:\/\/www.livresentre2actions.fr\/fr_fr\/produit\/le-tour-du-monde-galerie-historique-victor-adam\/","title":{"rendered":"Le Tour du monde. Galerie historique &#8211; Victor Adam"},"content":{"rendered":"<p>Compos\u00e9e de 101 gravures formant plus de 5000 sujets repr\u00e9sentant les costumes, les Hommes c\u00e9l\u00e8bres et les \u00e9v\u00e9nements historiques depuis les temps les plus recul\u00e9s jusqu\u2019\u00e0 nos jours<\/p>\n<p>Chez Adolphe Delahays &#8211; Plein chagrin lie de vin \u00e0 dos long orn\u00e9 au noir des titre, auteur et fleurons, plats estamp\u00e9s au noir d\u2019un encadrement guirlande et d\u2019un m\u00eame motif g\u00e9om\u00e9trique aux angles du cadre, toutes tranches dor\u00e9es, 352 x 170, non pagine, mais bien complet de 101 gravures, pr\u00e9c\u00e9d\u00e9es de la table. 1876. \u00c9dition originale.<\/p>\n<p>Int\u00e9rieur plut\u00f4t bon \u00e0 tr\u00e8s bon, rousseurs \/foxing pr\u00e9sent mais marginalement ou au verso des gravures majoritairement, ; en revanche 4 gravures sont bien attaqu\u00e9es. Charni\u00e8re sup\u00e9rieure ouverte en garde. Champs et coins frott\u00e9s, coins \u00e9mouss\u00e9s. Plats frott\u00e9s et un peu noircis ; plus fortement en plat inf\u00e9rieur. Dos et mors frott\u00e9s, dos avec \u00e9pidermures en coiffe et queue. Bon exemplaire bien ferme.<\/p>\n","protected":false},"excerpt":{"rendered":"<p>Compos\u00e9e de 101 gravures formant plus de 5000 sujets repr\u00e9sentant les costumes, les Hommes c\u00e9l\u00e8bres et les \u00e9v\u00e9nements historiques depuis les temps les plus recul\u00e9s jusqu\u2019\u00e0 nos jours Chez Adolphe Delahays &#8211; Plein chagrin lie de vin \u00e0 dos long orn\u00e9 au noir des titre, auteur et fleurons, plats estamp\u00e9s au noir d\u2019un encadrement guirlande &#8230; <a title=\"Le Tour du monde. Galerie historique &#8211; Victor Adam\" class=\"read-more\" href=\"https:\/\/www.livresentre2actions.fr\/fr_fr\/produit\/le-tour-du-monde-galerie-historique-victor-adam\/\" aria-label=\"En savoir plus sur Le Tour du monde. Galerie historique &#8211; Victor Adam\">Lire plus<\/a><\/p>\n","protected":false},"featured_media":16735,"template":"","meta":{"_eb_attr":""},"product_brand":[],"product_cat":[36,75,71,73],"product_tag":[86],"class_list":{"0":"post-16734","1":"product","2":"type-product","3":"status-publish","4":"has-post-thumbnail","6":"product_cat-entre-le-xviiieme-et-le-xixeme-siecle","7":"product_cat-art","8":"product_cat-illustres-modernes-editions-originales-signees-numerotees","9":"product_cat-histoires-et-recits-de-voyage","10":"product_tag-illustre","11":"sales-flash-overlay","12":"woocommerce-text-align-center","13":"woocommerce-image-align-center","14":"wc-has-gallery","16":"first","17":"instock","18":"taxable","19":"shipping-taxable","20":"purchasable","21":"product-type-simple"},"aioseo_notices":[],"_links":{"self":[{"href":"https:\/\/www.livresentre2actions.fr\/fr_fr\/wp-json\/wp\/v2\/product\/16734","targetHints":{"allow":["GET"]}}],"collection":[{"href":"https:\/\/www.livresentre2actions.fr\/fr_fr\/wp-json\/wp\/v2\/product"}],"about":[{"href":"https:\/\/www.livresentre2actions.fr\/fr_fr\/wp-json\/wp\/v2\/types\/product"}],"wp:featuredmedia":[{"embeddable":true,"href":"https:\/\/www.livresentre2actions.fr\/fr_fr\/wp-json\/wp\/v2\/media\/16735"}],"wp:attachment":[{"href":"https:\/\/www.livresentre2actions.fr\/fr_fr\/wp-json\/wp\/v2\/media?parent=16734"}],"wp:term":[{"taxonomy":"product_brand","embeddable":true,"href":"https:\/\/www.livresentre2actions.fr\/fr_fr\/wp-json\/wp\/v2\/product_brand?post=16734"},{"taxonomy":"product_cat","embeddable":true,"href":"https:\/\/www.livresentre2actions.fr\/fr_fr\/wp-json\/wp\/v2\/product_cat?post=16734"},{"taxonomy":"product_tag","embeddable":true,"href":"https:\/\/www.livresentre2actions.fr\/fr_fr\/wp-json\/wp\/v2\/product_tag?post=16734"}],"curies":[{"name":"wp","href":"https:\/\/api.w.org\/{rel}","templated":true}]}}