{"id":16708,"date":"2025-11-26T11:43:35","date_gmt":"2025-11-26T10:43:35","guid":{"rendered":"https:\/\/www.livresentre2actions.fr\/?post_type=product&#038;p=16708"},"modified":"2025-11-26T11:44:13","modified_gmt":"2025-11-26T10:44:13","slug":"histoire-et-phenomene-du-vesuve-jean-marie-della-torre","status":"publish","type":"product","link":"https:\/\/www.livresentre2actions.fr\/fr_fr\/produit\/histoire-et-phenomene-du-vesuve-jean-marie-della-torre\/","title":{"rendered":"Histoire et ph\u00e9nom\u00e8ne du V\u00e9suve &#8211; Jean-Marie della-Torre"},"content":{"rendered":"<p>Histoire et ph\u00e9nom\u00e8ne du V\u00e9suve, expos\u00e9s par la p\u00e8re Jean-Marie della-Torre. Suivi de\u00a0: Disssertation critique sur les opinions courantes touchant les ph\u00e9nom\u00e8nes du V\u00e9suve et des autres volcans, par le p\u00e8re Gaetan D\u2019Amato<\/p>\n<p>Chez Jean-Thomas H\u00e9rissant &#8211; Plein veau marbr\u00e9, dos \u00e0 cinq nerfs richement orn\u00e9, pi\u00e8ce de titre en maroquin lie de vin, tranches rouges, signet, 178 x 105, traduit de l\u2019italien par l\u2019abb\u00e9 P\u00e9ton, 399p. 1760. Premi\u00e8re \u00e9dition en fran\u00e7ais [1755 pour l\u2019original italien]. Bien complet de sa carte d\u00e9pliante plac\u00e9e en d\u00e9but de volume comme recommand\u00e9 au verso du titre ; carte int\u00e8gre ; et des 5 planches d\u00e9pliantes in fine, int\u00e8gres, repr\u00e9sentant au total 8 illustrations.<\/p>\n<p>Comprend : p. 295 \u00e0 fin : Disssertation critique sur les opinions courantes touchant les ph\u00e9nom\u00e8nes du V\u00e9suve et des autres volcans, par le p\u00e8re Gaetan D\u2019Amato.<\/p>\n<p>Le p\u00e8re Della-Torre observa les \u00e9ruptions du V\u00e9suve de 1751 et 1754. L\u2019ouvrage contient en outre une bibliographie de tous les auteurs ayant \u00e9crit sur le volcan depuis 1631. Ex-libtis au titre Mlle De Montenay. Tr\u00e8s bel exemplaire, tr\u00e8s frais. Reliure en tr\u00e8s bel \u00e9tat de m\u00eame, quelques frottements aux nerfs, coiffe et queue ; mors l\u00e9g\u00e8rement fendus en t\u00eate de plats. Bel exemplaire bien ferme.<\/p>\n","protected":false},"excerpt":{"rendered":"<p>Histoire et ph\u00e9nom\u00e8ne du V\u00e9suve, expos\u00e9s par la p\u00e8re Jean-Marie della-Torre. Suivi de\u00a0: Disssertation critique sur les opinions courantes touchant les ph\u00e9nom\u00e8nes du V\u00e9suve et des autres volcans, par le p\u00e8re Gaetan D\u2019Amato Chez Jean-Thomas H\u00e9rissant &#8211; Plein veau marbr\u00e9, dos \u00e0 cinq nerfs richement orn\u00e9, pi\u00e8ce de titre en maroquin lie de vin, tranches &#8230; <a title=\"Histoire et ph\u00e9nom\u00e8ne du V\u00e9suve &#8211; Jean-Marie della-Torre\" class=\"read-more\" href=\"https:\/\/www.livresentre2actions.fr\/fr_fr\/produit\/histoire-et-phenomene-du-vesuve-jean-marie-della-torre\/\" aria-label=\"En savoir plus sur Histoire et ph\u00e9nom\u00e8ne du V\u00e9suve &#8211; Jean-Marie della-Torre\">Lire plus<\/a><\/p>\n","protected":false},"featured_media":16709,"template":"","meta":{"_eb_attr":""},"product_brand":[],"product_cat":[36,71,73,69],"product_tag":[86],"class_list":{"0":"post-16708","1":"product","2":"type-product","3":"status-publish","4":"has-post-thumbnail","6":"product_cat-entre-le-xviiieme-et-le-xixeme-siecle","7":"product_cat-illustres-modernes-editions-originales-signees-numerotees","8":"product_cat-histoires-et-recits-de-voyage","9":"product_cat-sciences-et-techniques","10":"product_tag-illustre","11":"sales-flash-overlay","12":"woocommerce-text-align-center","13":"woocommerce-image-align-center","14":"wc-has-gallery","16":"first","17":"instock","18":"taxable","19":"shipping-taxable","20":"purchasable","21":"product-type-simple"},"aioseo_notices":[],"_links":{"self":[{"href":"https:\/\/www.livresentre2actions.fr\/fr_fr\/wp-json\/wp\/v2\/product\/16708","targetHints":{"allow":["GET"]}}],"collection":[{"href":"https:\/\/www.livresentre2actions.fr\/fr_fr\/wp-json\/wp\/v2\/product"}],"about":[{"href":"https:\/\/www.livresentre2actions.fr\/fr_fr\/wp-json\/wp\/v2\/types\/product"}],"wp:featuredmedia":[{"embeddable":true,"href":"https:\/\/www.livresentre2actions.fr\/fr_fr\/wp-json\/wp\/v2\/media\/16709"}],"wp:attachment":[{"href":"https:\/\/www.livresentre2actions.fr\/fr_fr\/wp-json\/wp\/v2\/media?parent=16708"}],"wp:term":[{"taxonomy":"product_brand","embeddable":true,"href":"https:\/\/www.livresentre2actions.fr\/fr_fr\/wp-json\/wp\/v2\/product_brand?post=16708"},{"taxonomy":"product_cat","embeddable":true,"href":"https:\/\/www.livresentre2actions.fr\/fr_fr\/wp-json\/wp\/v2\/product_cat?post=16708"},{"taxonomy":"product_tag","embeddable":true,"href":"https:\/\/www.livresentre2actions.fr\/fr_fr\/wp-json\/wp\/v2\/product_tag?post=16708"}],"curies":[{"name":"wp","href":"https:\/\/api.w.org\/{rel}","templated":true}]}}