{"id":16687,"date":"2025-09-26T10:32:25","date_gmt":"2025-09-26T08:32:25","guid":{"rendered":"https:\/\/www.livresentre2actions.fr\/?post_type=product&#038;p=16687"},"modified":"2025-11-26T10:33:01","modified_gmt":"2025-11-26T09:33:01","slug":"r-mineau-l-racinoux-legendaire-de-la-vienne","status":"publish","type":"product","link":"https:\/\/www.livresentre2actions.fr\/fr_fr\/produit\/r-mineau-l-racinoux-legendaire-de-la-vienne\/","title":{"rendered":"R. Mineau &#038; L. Racinoux &#8211; L\u00e9gendaire de la Vienne"},"content":{"rendered":"<p>Brissaud. Librairie \u00ab Le Bouquiniste \u00bb &#8211; Pleine toile rouge oblong, \u00e0 dos long, signet rouge, 158 x 224, 423p. Avec table. 1978. Pleine toile l\u00e9g\u00e8rement frott\u00e9e, mais tr\u00e8s bon exemplaire, propre, int\u00e8gre, bien ferme.<\/p>\n","protected":false},"excerpt":{"rendered":"<p>Brissaud. Librairie \u00ab Le Bouquiniste \u00bb &#8211; Pleine toile rouge oblong, \u00e0 dos long, signet rouge, 158 x 224, 423p. Avec table. 1978. Pleine toile l\u00e9g\u00e8rement frott\u00e9e, mais tr\u00e8s bon exemplaire, propre, int\u00e8gre, bien ferme.<\/p>\n","protected":false},"featured_media":16688,"template":"","meta":{"_eb_attr":""},"product_brand":[],"product_cat":[37,71,97,68],"product_tag":[86],"class_list":{"0":"post-16687","1":"product","2":"type-product","3":"status-publish","4":"has-post-thumbnail","6":"product_cat-a-partir-du-xxeme-siecle","7":"product_cat-illustres-modernes-editions-originales-signees-numerotees","8":"product_cat-regionalia-divers","9":"product_cat-religion-spiritualite","10":"product_tag-illustre","11":"sales-flash-overlay","12":"woocommerce-text-align-center","13":"woocommerce-image-align-center","14":"wc-has-gallery","16":"first","17":"instock","18":"taxable","19":"shipping-taxable","20":"purchasable","21":"product-type-simple"},"aioseo_notices":[],"_links":{"self":[{"href":"https:\/\/www.livresentre2actions.fr\/fr_fr\/wp-json\/wp\/v2\/product\/16687","targetHints":{"allow":["GET"]}}],"collection":[{"href":"https:\/\/www.livresentre2actions.fr\/fr_fr\/wp-json\/wp\/v2\/product"}],"about":[{"href":"https:\/\/www.livresentre2actions.fr\/fr_fr\/wp-json\/wp\/v2\/types\/product"}],"wp:featuredmedia":[{"embeddable":true,"href":"https:\/\/www.livresentre2actions.fr\/fr_fr\/wp-json\/wp\/v2\/media\/16688"}],"wp:attachment":[{"href":"https:\/\/www.livresentre2actions.fr\/fr_fr\/wp-json\/wp\/v2\/media?parent=16687"}],"wp:term":[{"taxonomy":"product_brand","embeddable":true,"href":"https:\/\/www.livresentre2actions.fr\/fr_fr\/wp-json\/wp\/v2\/product_brand?post=16687"},{"taxonomy":"product_cat","embeddable":true,"href":"https:\/\/www.livresentre2actions.fr\/fr_fr\/wp-json\/wp\/v2\/product_cat?post=16687"},{"taxonomy":"product_tag","embeddable":true,"href":"https:\/\/www.livresentre2actions.fr\/fr_fr\/wp-json\/wp\/v2\/product_tag?post=16687"}],"curies":[{"name":"wp","href":"https:\/\/api.w.org\/{rel}","templated":true}]}}