{"id":16552,"date":"2025-11-19T10:32:07","date_gmt":"2025-11-19T09:32:07","guid":{"rendered":"https:\/\/www.livresentre2actions.fr\/?post_type=product&#038;p=16552"},"modified":"2025-11-19T10:32:08","modified_gmt":"2025-11-19T09:32:08","slug":"collection-amoudruz-tresors-de-lartisanat-alpin-2-tomes","status":"publish","type":"product","link":"https:\/\/www.livresentre2actions.fr\/fr_fr\/produit\/collection-amoudruz-tresors-de-lartisanat-alpin-2-tomes\/","title":{"rendered":"Collection Amoudruz. Tr\u00e9sors de l&rsquo;artisanat alpin, 2 tomes"},"content":{"rendered":"<p>Collection Amoudruz. Tr\u00e9sors de l&rsquo;artisanat alpin &#8211; Mus\u00e9e d&rsquo;\u00e9thnographie de Gen\u00e8ve, Tomes I et II<\/p>\n<p>Plein simili cuir noir \u00e0 dos long muet sous embo\u00eetage illustr\u00e9, 250 x 245, 135p. et 108p. avec tables. 1989 et 1991.<\/p>\n<p>Except\u00e9 les embo\u00eetages l\u00e9g\u00e8rement frott\u00e9s, tr\u00e8s bons exemplaires, propres, int\u00e8gres, bien fermes.<\/p>\n","protected":false},"excerpt":{"rendered":"<p>Collection Amoudruz. Tr\u00e9sors de l&rsquo;artisanat alpin &#8211; Mus\u00e9e d&rsquo;\u00e9thnographie de Gen\u00e8ve, Tomes I et II Plein simili cuir noir \u00e0 dos long muet sous embo\u00eetage illustr\u00e9, 250 x 245, 135p. et 108p. avec tables. 1989 et 1991. Except\u00e9 les embo\u00eetages l\u00e9g\u00e8rement frott\u00e9s, tr\u00e8s bons exemplaires, propres, int\u00e8gres, bien fermes.<\/p>\n","protected":false},"featured_media":16553,"template":"","meta":{"_eb_attr":""},"product_brand":[],"product_cat":[37,75,71,97],"product_tag":[],"class_list":{"0":"post-16552","1":"product","2":"type-product","3":"status-publish","4":"has-post-thumbnail","6":"product_cat-a-partir-du-xxeme-siecle","7":"product_cat-art","8":"product_cat-illustres-modernes-editions-originales-signees-numerotees","9":"product_cat-regionalia-divers","10":"sales-flash-overlay","11":"woocommerce-text-align-center","12":"woocommerce-image-align-center","13":"wc-has-gallery","15":"first","16":"instock","17":"taxable","18":"shipping-taxable","19":"purchasable","20":"product-type-simple"},"aioseo_notices":[],"_links":{"self":[{"href":"https:\/\/www.livresentre2actions.fr\/fr_fr\/wp-json\/wp\/v2\/product\/16552","targetHints":{"allow":["GET"]}}],"collection":[{"href":"https:\/\/www.livresentre2actions.fr\/fr_fr\/wp-json\/wp\/v2\/product"}],"about":[{"href":"https:\/\/www.livresentre2actions.fr\/fr_fr\/wp-json\/wp\/v2\/types\/product"}],"wp:featuredmedia":[{"embeddable":true,"href":"https:\/\/www.livresentre2actions.fr\/fr_fr\/wp-json\/wp\/v2\/media\/16553"}],"wp:attachment":[{"href":"https:\/\/www.livresentre2actions.fr\/fr_fr\/wp-json\/wp\/v2\/media?parent=16552"}],"wp:term":[{"taxonomy":"product_brand","embeddable":true,"href":"https:\/\/www.livresentre2actions.fr\/fr_fr\/wp-json\/wp\/v2\/product_brand?post=16552"},{"taxonomy":"product_cat","embeddable":true,"href":"https:\/\/www.livresentre2actions.fr\/fr_fr\/wp-json\/wp\/v2\/product_cat?post=16552"},{"taxonomy":"product_tag","embeddable":true,"href":"https:\/\/www.livresentre2actions.fr\/fr_fr\/wp-json\/wp\/v2\/product_tag?post=16552"}],"curies":[{"name":"wp","href":"https:\/\/api.w.org\/{rel}","templated":true}]}}