{"id":16475,"date":"2025-07-12T17:40:03","date_gmt":"2025-07-12T15:40:03","guid":{"rendered":"https:\/\/www.livresentre2actions.fr\/?post_type=product&#038;p=16475"},"modified":"2025-11-13T13:15:20","modified_gmt":"2025-11-13T12:15:20","slug":"les-saints-de-france-du-treizieme-au-dix-neuvieme-siecle","status":"publish","type":"product","link":"https:\/\/www.livresentre2actions.fr\/fr_fr\/produit\/les-saints-de-france-du-treizieme-au-dix-neuvieme-siecle\/","title":{"rendered":"Les Saints de France du treizi\u00e8me au dix-neuvi\u00e8me si\u00e8cle"},"content":{"rendered":"<p>Les Saints de France du treizi\u00e8me au dix-neuvi\u00e8me si\u00e8cle.<\/p>\n<p>Isabelle Verny &#8211; Descl\u00e9e de Brouwer<\/p>\n<p>Cartonnage \u00e9diteur, toutes tranches dor\u00e9es, 280 x 185, 517p. avec table. 1895. Int\u00e9rieur tr\u00e8s bon, propre, int\u00e8gre. Frottements et taches sombres \u00e0 la reliure, plats insol\u00e9s. Bon exemplaire bien ferme.<\/p>\n","protected":false},"excerpt":{"rendered":"<p>Les Saints de France du treizi\u00e8me au dix-neuvi\u00e8me si\u00e8cle. Isabelle Verny &#8211; Descl\u00e9e de Brouwer Cartonnage \u00e9diteur, toutes tranches dor\u00e9es, 280 x 185, 517p. avec table. 1895. Int\u00e9rieur tr\u00e8s bon, propre, int\u00e8gre. Frottements et taches sombres \u00e0 la reliure, plats insol\u00e9s. Bon exemplaire bien ferme.<\/p>\n","protected":false},"featured_media":16480,"template":"","meta":{"_eb_attr":""},"product_brand":[],"product_cat":[36,71,68],"product_tag":[],"class_list":{"0":"post-16475","1":"product","2":"type-product","3":"status-publish","4":"has-post-thumbnail","6":"product_cat-entre-le-xviiieme-et-le-xixeme-siecle","7":"product_cat-illustres-modernes-editions-originales-signees-numerotees","8":"product_cat-religion-spiritualite","9":"sales-flash-overlay","10":"woocommerce-text-align-center","11":"woocommerce-image-align-center","13":"first","14":"outofstock","15":"taxable","16":"shipping-taxable","17":"purchasable","18":"product-type-simple"},"aioseo_notices":[],"_links":{"self":[{"href":"https:\/\/www.livresentre2actions.fr\/fr_fr\/wp-json\/wp\/v2\/product\/16475","targetHints":{"allow":["GET"]}}],"collection":[{"href":"https:\/\/www.livresentre2actions.fr\/fr_fr\/wp-json\/wp\/v2\/product"}],"about":[{"href":"https:\/\/www.livresentre2actions.fr\/fr_fr\/wp-json\/wp\/v2\/types\/product"}],"wp:featuredmedia":[{"embeddable":true,"href":"https:\/\/www.livresentre2actions.fr\/fr_fr\/wp-json\/wp\/v2\/media\/16480"}],"wp:attachment":[{"href":"https:\/\/www.livresentre2actions.fr\/fr_fr\/wp-json\/wp\/v2\/media?parent=16475"}],"wp:term":[{"taxonomy":"product_brand","embeddable":true,"href":"https:\/\/www.livresentre2actions.fr\/fr_fr\/wp-json\/wp\/v2\/product_brand?post=16475"},{"taxonomy":"product_cat","embeddable":true,"href":"https:\/\/www.livresentre2actions.fr\/fr_fr\/wp-json\/wp\/v2\/product_cat?post=16475"},{"taxonomy":"product_tag","embeddable":true,"href":"https:\/\/www.livresentre2actions.fr\/fr_fr\/wp-json\/wp\/v2\/product_tag?post=16475"}],"curies":[{"name":"wp","href":"https:\/\/api.w.org\/{rel}","templated":true}]}}