{"id":16392,"date":"2025-11-11T18:56:22","date_gmt":"2025-11-11T17:56:22","guid":{"rendered":"https:\/\/www.livresentre2actions.fr\/?post_type=product&#038;p=16392"},"modified":"2025-11-13T14:46:06","modified_gmt":"2025-11-13T13:46:06","slug":"oeuvres-en-cinq-volumes-charles-albert-demoustier","status":"publish","type":"product","link":"https:\/\/www.livresentre2actions.fr\/fr_fr\/produit\/oeuvres-en-cinq-volumes-charles-albert-demoustier\/","title":{"rendered":"\u0152uvres en cinq volumes. &#8211; Charles-Albert\u00a0Demoustier"},"content":{"rendered":"<p>\u0152uvres en cinq volumes. Chez Antoine Auguste Renouard<\/p>\n<p>Lettres \u00e0 \u00c9milie sur la mythologie, 6 tomes en trois volumes. Pi\u00e8ces de th\u00e9\u00e2tre, 1 vol. Cours de morale et opuscules en vers et prose, 1 vol<\/p>\n<p>Demi-basane vert olive \u00e0 petit coins, dos long orn\u00e9 de liser\u00e9s et des auteur, titre, tomaison, toutes tranches marbr\u00e9es, 209 x 132, 1809.<\/p>\n<p>T1 \u00e0 T3, Lettres \u00e0 Emilie sur la mythologie, 1 \u00e0 6, 2 parties par volume.<\/p>\n<p>T1, 136p. et 123p. Hors tables. Avec un frontispice, portrait de l&rsquo;auteur, par Ducreux grav\u00e9 par Gaucher \u00e0 la premier partie\u00a0; et un de Moreau \u00e0 la seconde partie. Et 12 gravures sous serpente dessin\u00e9es par Moreau et grav\u00e9es par Delvaux (7), Ghendt (2), Tri\u00e8re (3).<\/p>\n<p>T2, 99p. Hors table. Et 107p. Avec table. Et 12 gravures sous serpente dont 2 frontispice, par Moreau.<\/p>\n<p>T3, 116p. Avec table. Et 248p. Avec table. Et 12 gravures dont 2 frontispices.<\/p>\n<p>T4, Th\u00e9\u00e2tre, 1804, 426p. Hors table.<\/p>\n<p>T5, Cours de morale. Et opuscules en vers et prose. 1804. 408p. Avec table.<\/p>\n<p>Soit 38 gravures dessin\u00e9es par J. M. Moreau et grav\u00e9es par Delvaux (15), Ghendt (8), Tri\u00e8re (5), Simonet (4), Thomas (2), Roger (2).<\/p>\n<p>Int\u00e9rieur tr\u00e8s bon, rousseurs marginales. Coins et champs frott\u00e9s, un coin \u00e9mouss\u00e9. Plats cartonn\u00e9s globalement propres, l\u00e9g\u00e8rement insol\u00e9s, plat sup\u00e9rieur du T1 et du T3 avec une tache. Mors l\u00e9g\u00e8rement frott\u00e9s, quelques \u00e9pidermures, mais tr\u00e8s bons. Dos frott\u00e9s mais globalement bons, avec des \u00e9pidermures en coiffes, queue et en plein. Bel ensemble frais et bien ferme.<\/p>\n<p>&nbsp;<\/p>\n","protected":false},"excerpt":{"rendered":"<p>\u0152uvres en cinq volumes. Chez Antoine Auguste Renouard Lettres \u00e0 \u00c9milie sur la mythologie, 6 tomes en trois volumes. Pi\u00e8ces de th\u00e9\u00e2tre, 1 vol. Cours de morale et opuscules en vers et prose, 1 vol Demi-basane vert olive \u00e0 petit coins, dos long orn\u00e9 de liser\u00e9s et des auteur, titre, tomaison, toutes tranches marbr\u00e9es, 209 &#8230; <a title=\"\u0152uvres en cinq volumes. &#8211; Charles-Albert\u00a0Demoustier\" class=\"read-more\" href=\"https:\/\/www.livresentre2actions.fr\/fr_fr\/produit\/oeuvres-en-cinq-volumes-charles-albert-demoustier\/\" aria-label=\"En savoir plus sur \u0152uvres en cinq volumes. &#8211; Charles-Albert\u00a0Demoustier\">Lire plus<\/a><\/p>\n","protected":false},"featured_media":16488,"template":"","meta":{"_eb_attr":""},"product_brand":[],"product_cat":[36,71,76],"product_tag":[86],"class_list":{"0":"post-16392","1":"product","2":"type-product","3":"status-publish","4":"has-post-thumbnail","6":"product_cat-entre-le-xviiieme-et-le-xixeme-siecle","7":"product_cat-illustres-modernes-editions-originales-signees-numerotees","8":"product_cat-poesie-theatre-prose","9":"product_tag-illustre","10":"sales-flash-overlay","11":"woocommerce-text-align-center","12":"woocommerce-image-align-center","13":"wc-has-gallery","15":"first","16":"instock","17":"taxable","18":"shipping-taxable","19":"purchasable","20":"product-type-simple"},"aioseo_notices":[],"_links":{"self":[{"href":"https:\/\/www.livresentre2actions.fr\/fr_fr\/wp-json\/wp\/v2\/product\/16392","targetHints":{"allow":["GET"]}}],"collection":[{"href":"https:\/\/www.livresentre2actions.fr\/fr_fr\/wp-json\/wp\/v2\/product"}],"about":[{"href":"https:\/\/www.livresentre2actions.fr\/fr_fr\/wp-json\/wp\/v2\/types\/product"}],"wp:featuredmedia":[{"embeddable":true,"href":"https:\/\/www.livresentre2actions.fr\/fr_fr\/wp-json\/wp\/v2\/media\/16488"}],"wp:attachment":[{"href":"https:\/\/www.livresentre2actions.fr\/fr_fr\/wp-json\/wp\/v2\/media?parent=16392"}],"wp:term":[{"taxonomy":"product_brand","embeddable":true,"href":"https:\/\/www.livresentre2actions.fr\/fr_fr\/wp-json\/wp\/v2\/product_brand?post=16392"},{"taxonomy":"product_cat","embeddable":true,"href":"https:\/\/www.livresentre2actions.fr\/fr_fr\/wp-json\/wp\/v2\/product_cat?post=16392"},{"taxonomy":"product_tag","embeddable":true,"href":"https:\/\/www.livresentre2actions.fr\/fr_fr\/wp-json\/wp\/v2\/product_tag?post=16392"}],"curies":[{"name":"wp","href":"https:\/\/api.w.org\/{rel}","templated":true}]}}