{"id":16296,"date":"2025-11-08T16:41:55","date_gmt":"2025-11-08T15:41:55","guid":{"rendered":"https:\/\/www.livresentre2actions.fr\/?post_type=product&#038;p=16296"},"modified":"2025-11-08T16:41:55","modified_gmt":"2025-11-08T15:41:55","slug":"la-vie-de-maximilien-robespierre","status":"publish","type":"product","link":"https:\/\/www.livresentre2actions.fr\/fr_fr\/produit\/la-vie-de-maximilien-robespierre\/","title":{"rendered":"La vie de Maximilien Robespierre"},"content":{"rendered":"<p>Sans nom d\u2019auteur &#8211;\u00a0Chez Th\u00e9ry, Libraire rue Saint-Aubert, Arras<\/p>\n<p>Demi-veau moderne l\u00e9opard\u00e9, dos \u00e0 faux-nerfs, orn\u00e9 du titre, 184 x 112, 287p. Hors table. 1850. Tr\u00e8s rare \u00e9dition arrageoise, \u00e9dition unique et originale. La vie de Maximilien Robespierre , 242p. Suivi de Liste des membres de la Convention nationale avec le vote de chacun d\u2019eux dans le proc\u00e8s de Louis XVI. 243-285. Puis 4p. d\u2019Appendice avant la table. Restauration de pages au faux-titre, au titre, \u00e0 la table, \u00e0 l\u2019appendice, et \u00e0 la liste des Conventionnels. Int\u00e9rieur globalement propre, rousseurs \u00e9parses, plus marqu\u00e9es en tout d\u00e9but et toute fin de volume. Reliure en tr\u00e8s bel \u00e9tat, frottements l\u00e9gers.<\/p>\n","protected":false},"excerpt":{"rendered":"<p>Sans nom d\u2019auteur &#8211;\u00a0Chez Th\u00e9ry, Libraire rue Saint-Aubert, Arras Demi-veau moderne l\u00e9opard\u00e9, dos \u00e0 faux-nerfs, orn\u00e9 du titre, 184 x 112, 287p. Hors table. 1850. Tr\u00e8s rare \u00e9dition arrageoise, \u00e9dition unique et originale. La vie de Maximilien Robespierre , 242p. Suivi de Liste des membres de la Convention nationale avec le vote de chacun d\u2019eux &#8230; <a title=\"La vie de Maximilien Robespierre\" class=\"read-more\" href=\"https:\/\/www.livresentre2actions.fr\/fr_fr\/produit\/la-vie-de-maximilien-robespierre\/\" aria-label=\"En savoir plus sur La vie de Maximilien Robespierre\">Lire plus<\/a><\/p>\n","protected":false},"featured_media":16297,"template":"","meta":{"_eb_attr":""},"product_brand":[],"product_cat":[36,71,81,73],"product_tag":[],"class_list":{"0":"post-16296","1":"product","2":"type-product","3":"status-publish","4":"has-post-thumbnail","6":"product_cat-entre-le-xviiieme-et-le-xixeme-siecle","7":"product_cat-illustres-modernes-editions-originales-signees-numerotees","8":"product_cat-hauts-de-france","9":"product_cat-histoires-et-recits-de-voyage","10":"sales-flash-overlay","11":"woocommerce-text-align-center","12":"woocommerce-image-align-center","13":"wc-has-gallery","15":"first","16":"instock","17":"taxable","18":"shipping-taxable","19":"purchasable","20":"product-type-simple"},"aioseo_notices":[],"_links":{"self":[{"href":"https:\/\/www.livresentre2actions.fr\/fr_fr\/wp-json\/wp\/v2\/product\/16296","targetHints":{"allow":["GET"]}}],"collection":[{"href":"https:\/\/www.livresentre2actions.fr\/fr_fr\/wp-json\/wp\/v2\/product"}],"about":[{"href":"https:\/\/www.livresentre2actions.fr\/fr_fr\/wp-json\/wp\/v2\/types\/product"}],"wp:featuredmedia":[{"embeddable":true,"href":"https:\/\/www.livresentre2actions.fr\/fr_fr\/wp-json\/wp\/v2\/media\/16297"}],"wp:attachment":[{"href":"https:\/\/www.livresentre2actions.fr\/fr_fr\/wp-json\/wp\/v2\/media?parent=16296"}],"wp:term":[{"taxonomy":"product_brand","embeddable":true,"href":"https:\/\/www.livresentre2actions.fr\/fr_fr\/wp-json\/wp\/v2\/product_brand?post=16296"},{"taxonomy":"product_cat","embeddable":true,"href":"https:\/\/www.livresentre2actions.fr\/fr_fr\/wp-json\/wp\/v2\/product_cat?post=16296"},{"taxonomy":"product_tag","embeddable":true,"href":"https:\/\/www.livresentre2actions.fr\/fr_fr\/wp-json\/wp\/v2\/product_tag?post=16296"}],"curies":[{"name":"wp","href":"https:\/\/api.w.org\/{rel}","templated":true}]}}