{"id":16226,"date":"2025-11-06T16:10:19","date_gmt":"2025-11-06T15:10:19","guid":{"rendered":"https:\/\/www.livresentre2actions.fr\/?post_type=product&#038;p=16226"},"modified":"2025-11-19T11:04:31","modified_gmt":"2025-11-19T10:04:31","slug":"la-tunisie-francaise-eugene-poire","status":"publish","type":"product","link":"https:\/\/www.livresentre2actions.fr\/fr_fr\/produit\/la-tunisie-francaise-eugene-poire\/","title":{"rendered":"La Tunisie fran\u00e7aise &#8211; Eug\u00e8ne Poir\u00e9"},"content":{"rendered":"<p>E. Plon et Nourrit &#8211; Demi-veau \u00e0 dos long orn\u00e9 du titre, et d\u2019une \u00e9tiquette (code de biblioth\u00e8que), 188 x 107, 302p. Avec table. 1892. Rare\u00a0 \u00e9dition originale. Int\u00e9rieur propre, rousseur tr\u00e8s marginales, plut\u00f4t sur tranches. Tampon du Cercle militaire de Saint-Omer au titre et en premi\u00e8re page. Reliure modeste avec petits accidents (frottements, \u00e9pidermures, carton apparent sur un plat). Exemplaire bien ferme.<\/p>\n","protected":false},"excerpt":{"rendered":"<p>E. Plon et Nourrit &#8211; Demi-veau \u00e0 dos long orn\u00e9 du titre, et d\u2019une \u00e9tiquette (code de biblioth\u00e8que), 188 x 107, 302p. Avec table. 1892. Rare\u00a0 \u00e9dition originale. Int\u00e9rieur propre, rousseur tr\u00e8s marginales, plut\u00f4t sur tranches. Tampon du Cercle militaire de Saint-Omer au titre et en premi\u00e8re page. Reliure modeste avec petits accidents (frottements, \u00e9pidermures, &#8230; <a title=\"La Tunisie fran\u00e7aise &#8211; Eug\u00e8ne Poir\u00e9\" class=\"read-more\" href=\"https:\/\/www.livresentre2actions.fr\/fr_fr\/produit\/la-tunisie-francaise-eugene-poire\/\" aria-label=\"En savoir plus sur La Tunisie fran\u00e7aise &#8211; Eug\u00e8ne Poir\u00e9\">Lire plus<\/a><\/p>\n","protected":false},"featured_media":0,"template":"","meta":{"_eb_attr":""},"product_brand":[],"product_cat":[36,71,73],"product_tag":[],"class_list":{"0":"post-16226","1":"product","2":"type-product","3":"status-publish","5":"product_cat-entre-le-xviiieme-et-le-xixeme-siecle","6":"product_cat-illustres-modernes-editions-originales-signees-numerotees","7":"product_cat-histoires-et-recits-de-voyage","8":"sales-flash-overlay","9":"woocommerce-text-align-center","10":"woocommerce-image-align-center","12":"first","13":"outofstock","14":"taxable","15":"shipping-taxable","16":"purchasable","17":"product-type-simple"},"aioseo_notices":[],"_links":{"self":[{"href":"https:\/\/www.livresentre2actions.fr\/fr_fr\/wp-json\/wp\/v2\/product\/16226","targetHints":{"allow":["GET"]}}],"collection":[{"href":"https:\/\/www.livresentre2actions.fr\/fr_fr\/wp-json\/wp\/v2\/product"}],"about":[{"href":"https:\/\/www.livresentre2actions.fr\/fr_fr\/wp-json\/wp\/v2\/types\/product"}],"wp:attachment":[{"href":"https:\/\/www.livresentre2actions.fr\/fr_fr\/wp-json\/wp\/v2\/media?parent=16226"}],"wp:term":[{"taxonomy":"product_brand","embeddable":true,"href":"https:\/\/www.livresentre2actions.fr\/fr_fr\/wp-json\/wp\/v2\/product_brand?post=16226"},{"taxonomy":"product_cat","embeddable":true,"href":"https:\/\/www.livresentre2actions.fr\/fr_fr\/wp-json\/wp\/v2\/product_cat?post=16226"},{"taxonomy":"product_tag","embeddable":true,"href":"https:\/\/www.livresentre2actions.fr\/fr_fr\/wp-json\/wp\/v2\/product_tag?post=16226"}],"curies":[{"name":"wp","href":"https:\/\/api.w.org\/{rel}","templated":true}]}}