{"id":16163,"date":"2025-11-05T17:46:30","date_gmt":"2025-11-05T16:46:30","guid":{"rendered":"https:\/\/www.livresentre2actions.fr\/?post_type=product&#038;p=16163"},"modified":"2025-11-11T11:42:21","modified_gmt":"2025-11-11T10:42:21","slug":"brevis-expositio-propositionum-damnatarum-duarte-ab-aragonia-ord-min","status":"publish","type":"product","link":"https:\/\/www.livresentre2actions.fr\/fr_fr\/produit\/brevis-expositio-propositionum-damnatarum-duarte-ab-aragonia-ord-min\/","title":{"rendered":"Brevis Expositio propositionum damnatarum &#8211; Duarte ab Aragonia Ord. Min"},"content":{"rendered":"<p>Brevis Expositio propositionum damnatarum. In qua variae quaestiones a probatis dd. fus\u00e8 enarratae, juxta summorum pontificum decreta, brevi metodo, ordineque alphabetico dispositae resolvuntur A p.f. Didaco Duarte ab Aragonia Ord. Min &#8211; Venetiis, Apud Antonium Groppium Plein v\u00e9lin d\u2019\u00e9poque, dos long, dos \u00e0 quatre nerfs orn\u00e9 des titre et auteur \u00e0 la plume, 150 x 85, 324p. 1716. [Original dat\u00e9 de 1679]. Vignette au titre. Adresse de l\u2019\u00e9diteur \u00e0 Joanni Cornelio ; Adresse au lecteur ; Approbation, 10p. Puis le texte.<\/p>\n<p>Int\u00e9rieur propre, rousseurs variables, plut\u00f4t l\u00e9g\u00e8res et continues. Reliure un peu gris\u00e9e, mais en tr\u00e8s bel \u00e9tat, int\u00e8gre. Bel exemplaire bien ferme.<\/p>\n<p>Ouvrage qui aborde la lutte contre le jans\u00e9nisme, exposant les cinq propositions sur la Gr\u00e2ce attribu\u00e9es \u00e0 Jans\u00e9nius, condamn\u00e9es par Innocent X et successeurs notamment Alexandre VII, Innocent XI, Alexandre VIII dont on retrouve ici les d\u00e9crets de condamnations dat\u00e9es ; ces condamnations conduiront en France au Formulaire ou profession de foi que devait signer tous les eccl\u00e9siastiques du royaume. 2 ex-libris manuscrit en garde dont un barr\u00e9.<\/p>\n","protected":false},"excerpt":{"rendered":"<p>Brevis Expositio propositionum damnatarum. In qua variae quaestiones a probatis dd. fus\u00e8 enarratae, juxta summorum pontificum decreta, brevi metodo, ordineque alphabetico dispositae resolvuntur A p.f. Didaco Duarte ab Aragonia Ord. Min &#8211; Venetiis, Apud Antonium Groppium Plein v\u00e9lin d\u2019\u00e9poque, dos long, dos \u00e0 quatre nerfs orn\u00e9 des titre et auteur \u00e0 la plume, 150 x &#8230; <a title=\"Brevis Expositio propositionum damnatarum &#8211; Duarte ab Aragonia Ord. Min\" class=\"read-more\" href=\"https:\/\/www.livresentre2actions.fr\/fr_fr\/produit\/brevis-expositio-propositionum-damnatarum-duarte-ab-aragonia-ord-min\/\" aria-label=\"En savoir plus sur Brevis Expositio propositionum damnatarum &#8211; Duarte ab Aragonia Ord. Min\">Lire plus<\/a><\/p>\n","protected":false},"featured_media":16358,"template":"","meta":{"_eb_attr":""},"product_brand":[],"product_cat":[35,68],"product_tag":[],"class_list":{"0":"post-16163","1":"product","2":"type-product","3":"status-publish","4":"has-post-thumbnail","6":"product_cat-jusquau-xviiemesiecle","7":"product_cat-religion-spiritualite","8":"sales-flash-overlay","9":"woocommerce-text-align-center","10":"woocommerce-image-align-center","11":"wc-has-gallery","13":"first","14":"instock","15":"taxable","16":"shipping-taxable","17":"purchasable","18":"product-type-simple"},"aioseo_notices":[],"_links":{"self":[{"href":"https:\/\/www.livresentre2actions.fr\/fr_fr\/wp-json\/wp\/v2\/product\/16163","targetHints":{"allow":["GET"]}}],"collection":[{"href":"https:\/\/www.livresentre2actions.fr\/fr_fr\/wp-json\/wp\/v2\/product"}],"about":[{"href":"https:\/\/www.livresentre2actions.fr\/fr_fr\/wp-json\/wp\/v2\/types\/product"}],"wp:featuredmedia":[{"embeddable":true,"href":"https:\/\/www.livresentre2actions.fr\/fr_fr\/wp-json\/wp\/v2\/media\/16358"}],"wp:attachment":[{"href":"https:\/\/www.livresentre2actions.fr\/fr_fr\/wp-json\/wp\/v2\/media?parent=16163"}],"wp:term":[{"taxonomy":"product_brand","embeddable":true,"href":"https:\/\/www.livresentre2actions.fr\/fr_fr\/wp-json\/wp\/v2\/product_brand?post=16163"},{"taxonomy":"product_cat","embeddable":true,"href":"https:\/\/www.livresentre2actions.fr\/fr_fr\/wp-json\/wp\/v2\/product_cat?post=16163"},{"taxonomy":"product_tag","embeddable":true,"href":"https:\/\/www.livresentre2actions.fr\/fr_fr\/wp-json\/wp\/v2\/product_tag?post=16163"}],"curies":[{"name":"wp","href":"https:\/\/api.w.org\/{rel}","templated":true}]}}