{"id":16134,"date":"2025-11-05T17:37:40","date_gmt":"2025-11-05T16:37:40","guid":{"rendered":"https:\/\/www.livresentre2actions.fr\/?post_type=product&#038;p=16134"},"modified":"2025-11-05T17:42:04","modified_gmt":"2025-11-05T16:42:04","slug":"oeuvres-completes-de-parny-en-deux-volumes","status":"publish","type":"product","link":"https:\/\/www.livresentre2actions.fr\/fr_fr\/produit\/oeuvres-completes-de-parny-en-deux-volumes\/","title":{"rendered":"\u0152uvres compl\u00e8tes de Parny, en deux volumes"},"content":{"rendered":"<p>Auguste Wahlen et compagnie<\/p>\n<p>Demi-maroquin marine, dos \u00e0 faux-nerfs, orn\u00e9 joliment aux caissons, du titre d\u2019une tomaison et de la date en pied, et sign\u00e9 du relieur (R. Petit) en pied de dos du T1. Tranches de t\u00eate dor\u00e9e. Liser\u00e9s aux coins et plats. Le dos est noir plus que marine (bleu assombri \u00e0 la lumi\u00e8re?) . 214 x 141. 1824. <span style=\"font-size: inherit;\">Vignette au titre diff\u00e9rentes pour les deux volumes.\u00a0 <\/span><\/p>\n<p><span style=\"font-size: inherit;\">T1, Pr\u00e9face, Notice, II-X. 468p. Avec table. Et 10 gravures sign\u00e9es J. Chauvet comme suit : 2 en quatre \u00e9tats, 3 en trois \u00e9tats, 5 en deux \u00e9tats. Certaines sous serpente volante. <\/span><\/p>\n<p><span style=\"font-size: inherit;\">T2, 493p. Avec table. Pour les deux volumes, int\u00e9rieur propre et int\u00e8gre. Avec deux ex-libris respectivement contrecoll\u00e9s en contreplat sup\u00e9rieur et garde du T1 :Dr. Robert Thibault \/ Roland Thibaut (\u00e0 l\u2019encre pour ce rameur d\u2019aviron fran\u00e7ais). Coins et champs frott\u00e9s, mais bons. <\/span><\/p>\n<p><span style=\"font-size: inherit;\">Plats et coins reli\u00e9s frott\u00e9s, avec \u00e9pidermures marginales. Mors frott\u00e9s avec \u00e9pidermures, sauf mors inf\u00e9rieur du T2, peu marqu\u00e9. Dos tr\u00e8s bons, \u00e9pidermures en coiffe et queue du T1 ; coiffe et queue du T2 tr\u00e8s bons. Bien fermes. Parny s&rsquo;est fait conna\u00eetre par ses Po\u00e9sies \u00e9rotiques (1778). Peintre, dessinateur et lithographe, Jules-Adolphe Chauvet avait plusieurs sp\u00e9cialit\u00e9s : architecture, paysage et repr\u00e9sentations \u00e9rotiques.<\/span><\/p>\n","protected":false},"excerpt":{"rendered":"<p>Auguste Wahlen et compagnie Demi-maroquin marine, dos \u00e0 faux-nerfs, orn\u00e9 joliment aux caissons, du titre d\u2019une tomaison et de la date en pied, et sign\u00e9 du relieur (R. Petit) en pied de dos du T1. Tranches de t\u00eate dor\u00e9e. Liser\u00e9s aux coins et plats. Le dos est noir plus que marine (bleu assombri \u00e0 la &#8230; <a title=\"\u0152uvres compl\u00e8tes de Parny, en deux volumes\" class=\"read-more\" href=\"https:\/\/www.livresentre2actions.fr\/fr_fr\/produit\/oeuvres-completes-de-parny-en-deux-volumes\/\" aria-label=\"En savoir plus sur \u0152uvres compl\u00e8tes de Parny, en deux volumes\">Lire plus<\/a><\/p>\n","protected":false},"featured_media":16135,"template":"","meta":{"_eb_attr":""},"product_brand":[],"product_cat":[36,84,71,76],"product_tag":[86,94,95],"class_list":{"0":"post-16134","1":"product","2":"type-product","3":"status-publish","4":"has-post-thumbnail","6":"product_cat-entre-le-xviiieme-et-le-xixeme-siecle","7":"product_cat-curiosa","8":"product_cat-illustres-modernes-editions-originales-signees-numerotees","9":"product_cat-poesie-theatre-prose","10":"product_tag-illustre","11":"product_tag-provenance","12":"product_tag-reliure","13":"sales-flash-overlay","14":"woocommerce-text-align-center","15":"woocommerce-image-align-center","16":"wc-has-gallery","18":"first","19":"instock","20":"taxable","21":"shipping-taxable","22":"purchasable","23":"product-type-simple"},"aioseo_notices":[],"_links":{"self":[{"href":"https:\/\/www.livresentre2actions.fr\/fr_fr\/wp-json\/wp\/v2\/product\/16134","targetHints":{"allow":["GET"]}}],"collection":[{"href":"https:\/\/www.livresentre2actions.fr\/fr_fr\/wp-json\/wp\/v2\/product"}],"about":[{"href":"https:\/\/www.livresentre2actions.fr\/fr_fr\/wp-json\/wp\/v2\/types\/product"}],"wp:featuredmedia":[{"embeddable":true,"href":"https:\/\/www.livresentre2actions.fr\/fr_fr\/wp-json\/wp\/v2\/media\/16135"}],"wp:attachment":[{"href":"https:\/\/www.livresentre2actions.fr\/fr_fr\/wp-json\/wp\/v2\/media?parent=16134"}],"wp:term":[{"taxonomy":"product_brand","embeddable":true,"href":"https:\/\/www.livresentre2actions.fr\/fr_fr\/wp-json\/wp\/v2\/product_brand?post=16134"},{"taxonomy":"product_cat","embeddable":true,"href":"https:\/\/www.livresentre2actions.fr\/fr_fr\/wp-json\/wp\/v2\/product_cat?post=16134"},{"taxonomy":"product_tag","embeddable":true,"href":"https:\/\/www.livresentre2actions.fr\/fr_fr\/wp-json\/wp\/v2\/product_tag?post=16134"}],"curies":[{"name":"wp","href":"https:\/\/api.w.org\/{rel}","templated":true}]}}