{"id":16065,"date":"2025-10-31T15:45:07","date_gmt":"2025-10-31T14:45:07","guid":{"rendered":"https:\/\/www.livresentre2actions.fr\/?post_type=product&#038;p=16065"},"modified":"2025-10-31T15:45:07","modified_gmt":"2025-10-31T14:45:07","slug":"simone-de-beauvoir-les-belles-images-premiere-edition","status":"publish","type":"product","link":"https:\/\/www.livresentre2actions.fr\/fr_fr\/produit\/simone-de-beauvoir-les-belles-images-premiere-edition\/","title":{"rendered":"Simone de Beauvoir, Les belles images &#8211; Premi\u00e8re \u00e9dition"},"content":{"rendered":"<p>Broch\u00e9 \u00e0 rabats, 186 x 120, 258p. 1966. Premi\u00e8re \u00e9dition. Tr\u00e8s bon exemplaire, l\u00e9g\u00e8rement insol\u00e9, mais propre, int\u00e8gre, bien ferme.<\/p>\n<p>Nous joignons\u00a0: Tous les hommes sont mortels, Gallimard, bon \u00e9tat, 1948. 35\u00e8me ed.<\/p>\n","protected":false},"excerpt":{"rendered":"<p>Broch\u00e9 \u00e0 rabats, 186 x 120, 258p. 1966. Premi\u00e8re \u00e9dition. Tr\u00e8s bon exemplaire, l\u00e9g\u00e8rement insol\u00e9, mais propre, int\u00e8gre, bien ferme. Nous joignons\u00a0: Tous les hommes sont mortels, Gallimard, bon \u00e9tat, 1948. 35\u00e8me ed.<\/p>\n","protected":false},"featured_media":16066,"template":"","meta":{"_eb_attr":""},"product_brand":[],"product_cat":[37,71,76],"product_tag":[],"class_list":{"0":"post-16065","1":"product","2":"type-product","3":"status-publish","4":"has-post-thumbnail","6":"product_cat-a-partir-du-xxeme-siecle","7":"product_cat-illustres-modernes-editions-originales-signees-numerotees","8":"product_cat-poesie-theatre-prose","9":"sales-flash-overlay","10":"woocommerce-text-align-center","11":"woocommerce-image-align-center","12":"wc-has-gallery","14":"first","15":"instock","16":"taxable","17":"shipping-taxable","18":"purchasable","19":"product-type-simple"},"aioseo_notices":[],"_links":{"self":[{"href":"https:\/\/www.livresentre2actions.fr\/fr_fr\/wp-json\/wp\/v2\/product\/16065","targetHints":{"allow":["GET"]}}],"collection":[{"href":"https:\/\/www.livresentre2actions.fr\/fr_fr\/wp-json\/wp\/v2\/product"}],"about":[{"href":"https:\/\/www.livresentre2actions.fr\/fr_fr\/wp-json\/wp\/v2\/types\/product"}],"wp:featuredmedia":[{"embeddable":true,"href":"https:\/\/www.livresentre2actions.fr\/fr_fr\/wp-json\/wp\/v2\/media\/16066"}],"wp:attachment":[{"href":"https:\/\/www.livresentre2actions.fr\/fr_fr\/wp-json\/wp\/v2\/media?parent=16065"}],"wp:term":[{"taxonomy":"product_brand","embeddable":true,"href":"https:\/\/www.livresentre2actions.fr\/fr_fr\/wp-json\/wp\/v2\/product_brand?post=16065"},{"taxonomy":"product_cat","embeddable":true,"href":"https:\/\/www.livresentre2actions.fr\/fr_fr\/wp-json\/wp\/v2\/product_cat?post=16065"},{"taxonomy":"product_tag","embeddable":true,"href":"https:\/\/www.livresentre2actions.fr\/fr_fr\/wp-json\/wp\/v2\/product_tag?post=16065"}],"curies":[{"name":"wp","href":"https:\/\/api.w.org\/{rel}","templated":true}]}}