{"id":16056,"date":"2025-10-31T15:38:55","date_gmt":"2025-10-31T14:38:55","guid":{"rendered":"https:\/\/www.livresentre2actions.fr\/?post_type=product&#038;p=16056"},"modified":"2026-03-07T19:40:59","modified_gmt":"2026-03-07T18:40:59","slug":"dictionnaire-picard-gaulois-et-francois-pere-daire","status":"publish","type":"product","link":"https:\/\/www.livresentre2actions.fr\/fr_fr\/produit\/dictionnaire-picard-gaulois-et-francois-pere-daire\/","title":{"rendered":"Dictionnaire picard : gaulois et fran\u00e7ois, P\u00e8re Daire"},"content":{"rendered":"<p>Dictionnaire picard : gaulois et fran\u00e7ois, contenant aussi les mots gaulois approchants le plus de dialecte de la picardie avec leur signification en fran\u00e7ois.<\/p>\n<p>H. Champion &#8211; Mis en ordre, compl\u00e9t\u00e9, et publi\u00e9 d\u2019apr\u00e8s le manuscrit autographe par Alcus Ledieu.<\/p>\n<p>Broch\u00e9, 255 x 175, 165p. 1911. Frontispice et une gravure sous serpente. Pr\u00e9c\u00e9d\u00e9 d\u2019une notice biographique sur le p\u00e8re Daire (1715-1792), pagin\u00e9e X \u00e0 LIII, non coup\u00e9e. Int\u00e9rieur propre et int\u00e8gre. Couvertures et dos insol\u00e9s, avec pliures en bordure de couverture et ne d\u00e9chirure sans manque, un petit manque en pied de dos. Bien ferme.<\/p>\n","protected":false},"excerpt":{"rendered":"<p>Dictionnaire picard : gaulois et fran\u00e7ois, contenant aussi les mots gaulois approchants le plus de dialecte de la picardie avec leur signification en fran\u00e7ois. H. Champion &#8211; Mis en ordre, compl\u00e9t\u00e9, et publi\u00e9 d\u2019apr\u00e8s le manuscrit autographe par Alcus Ledieu. Broch\u00e9, 255 x 175, 165p. 1911. Frontispice et une gravure sous serpente. Pr\u00e9c\u00e9d\u00e9 d\u2019une notice &#8230; <a title=\"Dictionnaire picard : gaulois et fran\u00e7ois, P\u00e8re Daire\" class=\"read-more\" href=\"https:\/\/www.livresentre2actions.fr\/fr_fr\/produit\/dictionnaire-picard-gaulois-et-francois-pere-daire\/\" aria-label=\"En savoir plus sur Dictionnaire picard : gaulois et fran\u00e7ois, P\u00e8re Daire\">Lire plus<\/a><\/p>\n","protected":false},"featured_media":0,"template":"","meta":{"_eb_attr":""},"product_brand":[],"product_cat":[37,71,81],"product_tag":[],"class_list":{"0":"post-16056","1":"product","2":"type-product","3":"status-publish","5":"product_cat-a-partir-du-xxeme-siecle","6":"product_cat-illustres-modernes-editions-originales-signees-numerotees","7":"product_cat-hauts-de-france","8":"sales-flash-overlay","9":"woocommerce-text-align-center","10":"woocommerce-image-align-center","12":"first","13":"outofstock","14":"taxable","15":"shipping-taxable","16":"purchasable","17":"product-type-simple"},"aioseo_notices":[],"_links":{"self":[{"href":"https:\/\/www.livresentre2actions.fr\/fr_fr\/wp-json\/wp\/v2\/product\/16056","targetHints":{"allow":["GET"]}}],"collection":[{"href":"https:\/\/www.livresentre2actions.fr\/fr_fr\/wp-json\/wp\/v2\/product"}],"about":[{"href":"https:\/\/www.livresentre2actions.fr\/fr_fr\/wp-json\/wp\/v2\/types\/product"}],"wp:attachment":[{"href":"https:\/\/www.livresentre2actions.fr\/fr_fr\/wp-json\/wp\/v2\/media?parent=16056"}],"wp:term":[{"taxonomy":"product_brand","embeddable":true,"href":"https:\/\/www.livresentre2actions.fr\/fr_fr\/wp-json\/wp\/v2\/product_brand?post=16056"},{"taxonomy":"product_cat","embeddable":true,"href":"https:\/\/www.livresentre2actions.fr\/fr_fr\/wp-json\/wp\/v2\/product_cat?post=16056"},{"taxonomy":"product_tag","embeddable":true,"href":"https:\/\/www.livresentre2actions.fr\/fr_fr\/wp-json\/wp\/v2\/product_tag?post=16056"}],"curies":[{"name":"wp","href":"https:\/\/api.w.org\/{rel}","templated":true}]}}