{"id":16004,"date":"2025-10-30T16:08:14","date_gmt":"2025-10-30T15:08:14","guid":{"rendered":"https:\/\/www.livresentre2actions.fr\/?post_type=product&#038;p=16004"},"modified":"2025-10-30T16:14:10","modified_gmt":"2025-10-30T15:14:10","slug":"le-pere-terroir-emile-poiteau-signe","status":"publish","type":"product","link":"https:\/\/www.livresentre2actions.fr\/fr_fr\/produit\/le-pere-terroir-emile-poiteau-signe\/","title":{"rendered":"Le P\u00e8re Terroir, Emile Poiteau &#8211; Sign\u00e9"},"content":{"rendered":"<p>Eug\u00e8ne Figui\u00e8re &#8211; Broch\u00e9, 180 x 117, 218 p. 1927. \u00c9dition originale sur papier courant Int\u00e9rieur insol\u00e9 mais propre et int\u00e8gre. Avec un long envoi adress\u00e9 de l&rsquo;auteur en page de garde. Couvertures et dos insol\u00e9s et frott\u00e9s, avec dos rid\u00e9, et une petite d\u00e9chirure sans manque en bordure de premi\u00e8re et quatri\u00e8me de couverture.<\/p>\n<p>\u00c9galement en stock :\u00a0Au cours de ma vie, po\u00e8mes \/ Dans la clart\u00e9 des \u00e2mes \/ \u00c0 travers la belle France, po\u00e8mes illustr\u00e9s \/ \u00c0 l&rsquo;ombre de ma vie, po\u00e8mes \/ Sur les hauteurs de l&rsquo;Olympe, po\u00e8mes \/ La porteuse d&rsquo;amour<\/p>\n<p>&nbsp;<\/p>\n","protected":false},"excerpt":{"rendered":"<p>Eug\u00e8ne Figui\u00e8re &#8211; Broch\u00e9, 180 x 117, 218 p. 1927. \u00c9dition originale sur papier courant Int\u00e9rieur insol\u00e9 mais propre et int\u00e8gre. Avec un long envoi adress\u00e9 de l&rsquo;auteur en page de garde. Couvertures et dos insol\u00e9s et frott\u00e9s, avec dos rid\u00e9, et une petite d\u00e9chirure sans manque en bordure de premi\u00e8re et quatri\u00e8me de couverture. &#8230; <a title=\"Le P\u00e8re Terroir, Emile Poiteau &#8211; Sign\u00e9\" class=\"read-more\" href=\"https:\/\/www.livresentre2actions.fr\/fr_fr\/produit\/le-pere-terroir-emile-poiteau-signe\/\" aria-label=\"En savoir plus sur Le P\u00e8re Terroir, Emile Poiteau &#8211; Sign\u00e9\">Lire plus<\/a><\/p>\n","protected":false},"featured_media":16005,"template":"","meta":{"_eb_attr":""},"product_brand":[],"product_cat":[37,71,81,76],"product_tag":[87],"class_list":{"0":"post-16004","1":"product","2":"type-product","3":"status-publish","4":"has-post-thumbnail","6":"product_cat-a-partir-du-xxeme-siecle","7":"product_cat-illustres-modernes-editions-originales-signees-numerotees","8":"product_cat-hauts-de-france","9":"product_cat-poesie-theatre-prose","10":"product_tag-signe","11":"sales-flash-overlay","12":"woocommerce-text-align-center","13":"woocommerce-image-align-center","14":"wc-has-gallery","16":"first","17":"instock","18":"taxable","19":"shipping-taxable","20":"purchasable","21":"product-type-simple"},"aioseo_notices":[],"_links":{"self":[{"href":"https:\/\/www.livresentre2actions.fr\/fr_fr\/wp-json\/wp\/v2\/product\/16004","targetHints":{"allow":["GET"]}}],"collection":[{"href":"https:\/\/www.livresentre2actions.fr\/fr_fr\/wp-json\/wp\/v2\/product"}],"about":[{"href":"https:\/\/www.livresentre2actions.fr\/fr_fr\/wp-json\/wp\/v2\/types\/product"}],"wp:featuredmedia":[{"embeddable":true,"href":"https:\/\/www.livresentre2actions.fr\/fr_fr\/wp-json\/wp\/v2\/media\/16005"}],"wp:attachment":[{"href":"https:\/\/www.livresentre2actions.fr\/fr_fr\/wp-json\/wp\/v2\/media?parent=16004"}],"wp:term":[{"taxonomy":"product_brand","embeddable":true,"href":"https:\/\/www.livresentre2actions.fr\/fr_fr\/wp-json\/wp\/v2\/product_brand?post=16004"},{"taxonomy":"product_cat","embeddable":true,"href":"https:\/\/www.livresentre2actions.fr\/fr_fr\/wp-json\/wp\/v2\/product_cat?post=16004"},{"taxonomy":"product_tag","embeddable":true,"href":"https:\/\/www.livresentre2actions.fr\/fr_fr\/wp-json\/wp\/v2\/product_tag?post=16004"}],"curies":[{"name":"wp","href":"https:\/\/api.w.org\/{rel}","templated":true}]}}