{"id":15969,"date":"2025-10-30T15:33:24","date_gmt":"2025-10-30T14:33:24","guid":{"rendered":"https:\/\/www.livresentre2actions.fr\/?post_type=product&#038;p=15969"},"modified":"2025-10-30T15:45:10","modified_gmt":"2025-10-30T14:45:10","slug":"hortus-pastorum-sacrae-doctrinae-floribus-polymitus","status":"publish","type":"product","link":"https:\/\/www.livresentre2actions.fr\/fr_fr\/produit\/hortus-pastorum-sacrae-doctrinae-floribus-polymitus\/","title":{"rendered":"Hortus pastorum Sacrae Doctrinae floribus polymitus"},"content":{"rendered":"<p>Hortus pastorum Sacrae Doctrinae floribus polymitus . Una cum candelabro, tuba sacerdotali, virga Aaronis, aliisque opusculis ejusdem authoris . Studio et opera Michaelis Alix, Parochi Ecclesiae, sancti Audo\u00ebni de Elcemosyna, dioecesis parisiensis. Editio Ultima, et Plan\u00e9 Recognita<\/p>\n<p>In-folio plein veau, dos \u00e0 six nerfs fleuronn\u00e9 aux caissons, pi\u00e8ce de titre, tranches rouges, 390 x 250, 1661. Rare \u00e9dition parisienne de ce classique de la pr\u00eatrise catholique, par Jacques Marchant (1547-1648) acteur du renouveau catholique de la spiritualit\u00e9 et de l\u2019activit\u00e9 missionnaire pour contrer la R\u00e9forme. Il fut parfois surnommer le John Bunyan fran\u00e7ais.. Vignette au titre, culs-de-lampe.<\/p>\n<p>Comprend\u00a0: Fide christiana (liber I), 200p. De Spe, et oratione dominica (lib Ii), pp. 201-321\u00a0; De Charitate (lib III), 342-452 pp. Reli\u00e9 \u00e0 la suite\u00a0avec une pagination propre\u00a0: Candelabri mystici, 291p.\u00a0; suivi de Tuba Sacerdotalis demoliens muros jericho, 292-411 pp. Suvi de Virga aaronis, 413-522 pp. Suivi de Summarium resolutionum et responsionum ad quaestionnes pastorales, pp. 523-607.<\/p>\n<p>In fine\u00a0: Praxis catechistica ex pastoralii hortoper interrogationes et responsiones digesta 608-639\u00a0; Collationes sacrae de officio pastoralis\u2026 640-648\u00a0; Tiara sacra, 648-652\u00a0; Index rerum, 653-664.<\/p>\n<p>Int\u00e9rieur globalement propre, des mouillures parfois. Un ex-libris manuscrit en t\u00eate de garde d\u2019un fr\u00e8re du Petit s\u00e9minaire de Pont-\u00e0-Mousson, dat\u00e9 de 1895\u00a0; et plusieurs ex-libris \u00e0 l\u2019encre en page de titre, biff\u00e9, sauf un en latin. Page de titre restaur\u00e9e avec manque. Reliure en \u00e9tat tr\u00e8s modeste\u00a0: coins et champs frott\u00e9s, coins \u00e9mouss\u00e9s, des manques en champs, recouvrement du champ inf\u00e9rieur qui se d\u00e9solidarise. Plats frott\u00e9s\u00a0: plat sup\u00e9rieur avec griffes l\u00e9g\u00e8rement p\u00e9n\u00e9trantes, d\u00e9chirures\u00a0; plat inf\u00e9rieur avec petites d\u00e9chirures et griffes. Mors frott\u00e9s avec petits manques mais non fendus, bien solides. Dos frott\u00e9, avec queue manquante, coiffe frott\u00e9e avec \u00e9pidermures, des manques en bords de nerfs, un manque au cinqui\u00e8me caisson. Exemplaire bien ferme<\/p>\n","protected":false},"excerpt":{"rendered":"<p>Hortus pastorum Sacrae Doctrinae floribus polymitus . Una cum candelabro, tuba sacerdotali, virga Aaronis, aliisque opusculis ejusdem authoris . Studio et opera Michaelis Alix, Parochi Ecclesiae, sancti Audo\u00ebni de Elcemosyna, dioecesis parisiensis. Editio Ultima, et Plan\u00e9 Recognita In-folio plein veau, dos \u00e0 six nerfs fleuronn\u00e9 aux caissons, pi\u00e8ce de titre, tranches rouges, 390 x 250, &#8230; <a title=\"Hortus pastorum Sacrae Doctrinae floribus polymitus\" class=\"read-more\" href=\"https:\/\/www.livresentre2actions.fr\/fr_fr\/produit\/hortus-pastorum-sacrae-doctrinae-floribus-polymitus\/\" aria-label=\"En savoir plus sur Hortus pastorum Sacrae Doctrinae floribus polymitus\">Lire plus<\/a><\/p>\n","protected":false},"featured_media":15970,"template":"","meta":{"_eb_attr":""},"product_brand":[],"product_cat":[35,68],"product_tag":[],"class_list":{"0":"post-15969","1":"product","2":"type-product","3":"status-publish","4":"has-post-thumbnail","6":"product_cat-jusquau-xviiemesiecle","7":"product_cat-religion-spiritualite","8":"sales-flash-overlay","9":"woocommerce-text-align-center","10":"woocommerce-image-align-center","11":"wc-has-gallery","13":"first","14":"instock","15":"taxable","16":"shipping-taxable","17":"purchasable","18":"product-type-simple"},"aioseo_notices":[],"_links":{"self":[{"href":"https:\/\/www.livresentre2actions.fr\/fr_fr\/wp-json\/wp\/v2\/product\/15969","targetHints":{"allow":["GET"]}}],"collection":[{"href":"https:\/\/www.livresentre2actions.fr\/fr_fr\/wp-json\/wp\/v2\/product"}],"about":[{"href":"https:\/\/www.livresentre2actions.fr\/fr_fr\/wp-json\/wp\/v2\/types\/product"}],"wp:featuredmedia":[{"embeddable":true,"href":"https:\/\/www.livresentre2actions.fr\/fr_fr\/wp-json\/wp\/v2\/media\/15970"}],"wp:attachment":[{"href":"https:\/\/www.livresentre2actions.fr\/fr_fr\/wp-json\/wp\/v2\/media?parent=15969"}],"wp:term":[{"taxonomy":"product_brand","embeddable":true,"href":"https:\/\/www.livresentre2actions.fr\/fr_fr\/wp-json\/wp\/v2\/product_brand?post=15969"},{"taxonomy":"product_cat","embeddable":true,"href":"https:\/\/www.livresentre2actions.fr\/fr_fr\/wp-json\/wp\/v2\/product_cat?post=15969"},{"taxonomy":"product_tag","embeddable":true,"href":"https:\/\/www.livresentre2actions.fr\/fr_fr\/wp-json\/wp\/v2\/product_tag?post=15969"}],"curies":[{"name":"wp","href":"https:\/\/api.w.org\/{rel}","templated":true}]}}