{"id":15826,"date":"2025-10-28T18:13:33","date_gmt":"2025-10-28T17:13:33","guid":{"rendered":"https:\/\/www.livresentre2actions.fr\/?post_type=product&#038;p=15826"},"modified":"2025-11-17T14:22:05","modified_gmt":"2025-11-17T13:22:05","slug":"jean-izoulet-le-pantheisme-doccident","status":"publish","type":"product","link":"https:\/\/www.livresentre2actions.fr\/fr_fr\/produit\/jean-izoulet-le-pantheisme-doccident\/","title":{"rendered":"Jean Izoulet. Le Panth\u00e9isme d&rsquo;Occident"},"content":{"rendered":"<h2 class=\"text-headline-1 flex items-center\"><\/h2>\n<div data-qa-id=\"adview_description_container\">\n<p id=\"readme-content\" class=\"text-body-1 [overflow-wrap:anywhere] whitespace-pre-line\">Jean Izoulet. Le Panth\u00e9isme d&rsquo;Occident ou le Super-la\u00efcisme et le fondement m\u00e9taphysique de la r\u00e9publique et du socialisme hi\u00e9rarchiques. La Nouvelle Ame et le Nouveau Dieu. La Nouvelle \u00c9glise et le Nouvel \u00c9tat 2 vol. Broch\u00e9, 230 x 145, 1928. 380p et 434p. Edition originale, sur verg\u00e9 Lafuma tir\u00e9 \u00e0 50 ex, n\u00b09 ; tr\u00e8s peu courant et rarement complet de ses deux volumes.<\/p>\n<p class=\"text-body-1 [overflow-wrap:anywhere] whitespace-pre-line\">T1, int\u00e9rieur tr\u00e8s bon, propre, jusqu\u2019\u00e0 la page 350 o\u00f9 appara\u00eet une trace d\u2019humidit\u00e9 \u00e0 la charni\u00e8re des page sans doute due \u00e0 une ancienne mouillure pr\u00e9sente en quatri\u00e8me de couverture. Trace de mouillures en couverture un manque restaur\u00e9 en couverture, des manques au dos. T2, int\u00e9rieur tr\u00e8s bon, propre, int\u00e8gre, en grande partie non coup\u00e9. Restauration en pied de couverture, manques au dos. Deux exemplaires, recouverts avec soin sans adh\u00e9sif et bien fermes. Normalien, Jean Izoulet fut \u00e9lu \u00e0 la chaire de de philosophie sociale du Coll\u00e8ge de France, chaire cr\u00e9\u00e9e pour lui contre la pens\u00e9e de Durkheim. \u00ab\u00a0Les ouvrages qu&rsquo;il publie se rapportent tous \u00e0 un m\u00eame th\u00e8me de redressement socio-politique, d\u2019ordre intellectuel, moral et explicitement religieux. Ils sont anim\u00e9s par l&rsquo;id\u00e9e centrale du primat absolu de la soci\u00e9t\u00e9. \u00ab\u00a0 (wikip.)<\/p>\n<\/div>\n","protected":false},"excerpt":{"rendered":"<p>Jean Izoulet. Le Panth\u00e9isme d&rsquo;Occident ou le Super-la\u00efcisme et le fondement m\u00e9taphysique de la r\u00e9publique et du socialisme hi\u00e9rarchiques. La Nouvelle Ame et le Nouveau Dieu. La Nouvelle \u00c9glise et le Nouvel \u00c9tat 2 vol. Broch\u00e9, 230 x 145, 1928. 380p et 434p. Edition originale, sur verg\u00e9 Lafuma tir\u00e9 \u00e0 50 ex, n\u00b09 ; tr\u00e8s &#8230; <a title=\"Jean Izoulet. Le Panth\u00e9isme d&rsquo;Occident\" class=\"read-more\" href=\"https:\/\/www.livresentre2actions.fr\/fr_fr\/produit\/jean-izoulet-le-pantheisme-doccident\/\" aria-label=\"En savoir plus sur Jean Izoulet. Le Panth\u00e9isme d&rsquo;Occident\">Lire plus<\/a><\/p>\n","protected":false},"featured_media":15827,"template":"","meta":{"_eb_attr":""},"product_brand":[],"product_cat":[37,71,82],"product_tag":[],"class_list":{"0":"post-15826","1":"product","2":"type-product","3":"status-publish","4":"has-post-thumbnail","6":"product_cat-a-partir-du-xxeme-siecle","7":"product_cat-illustres-modernes-editions-originales-signees-numerotees","8":"product_cat-philosophie","9":"sales-flash-overlay","10":"woocommerce-text-align-center","11":"woocommerce-image-align-center","12":"wc-has-gallery","14":"first","15":"instock","16":"taxable","17":"shipping-taxable","18":"purchasable","19":"product-type-simple"},"aioseo_notices":[],"_links":{"self":[{"href":"https:\/\/www.livresentre2actions.fr\/fr_fr\/wp-json\/wp\/v2\/product\/15826","targetHints":{"allow":["GET"]}}],"collection":[{"href":"https:\/\/www.livresentre2actions.fr\/fr_fr\/wp-json\/wp\/v2\/product"}],"about":[{"href":"https:\/\/www.livresentre2actions.fr\/fr_fr\/wp-json\/wp\/v2\/types\/product"}],"wp:featuredmedia":[{"embeddable":true,"href":"https:\/\/www.livresentre2actions.fr\/fr_fr\/wp-json\/wp\/v2\/media\/15827"}],"wp:attachment":[{"href":"https:\/\/www.livresentre2actions.fr\/fr_fr\/wp-json\/wp\/v2\/media?parent=15826"}],"wp:term":[{"taxonomy":"product_brand","embeddable":true,"href":"https:\/\/www.livresentre2actions.fr\/fr_fr\/wp-json\/wp\/v2\/product_brand?post=15826"},{"taxonomy":"product_cat","embeddable":true,"href":"https:\/\/www.livresentre2actions.fr\/fr_fr\/wp-json\/wp\/v2\/product_cat?post=15826"},{"taxonomy":"product_tag","embeddable":true,"href":"https:\/\/www.livresentre2actions.fr\/fr_fr\/wp-json\/wp\/v2\/product_tag?post=15826"}],"curies":[{"name":"wp","href":"https:\/\/api.w.org\/{rel}","templated":true}]}}