{"id":15801,"date":"2025-10-28T18:03:10","date_gmt":"2025-10-28T17:03:10","guid":{"rendered":"https:\/\/www.livresentre2actions.fr\/?post_type=product&#038;p=15801"},"modified":"2025-10-28T18:03:58","modified_gmt":"2025-10-28T17:03:58","slug":"lemoi-jean-viollis-illustrations-de-calbet","status":"publish","type":"product","link":"https:\/\/www.livresentre2actions.fr\/fr_fr\/produit\/lemoi-jean-viollis-illustrations-de-calbet\/","title":{"rendered":"L&rsquo;\u2019\u00e9moi, Jean Viollis &#8211; Illustrations de Calbet"},"content":{"rendered":"<p>Librairie Borel &#8211; Pleine basane marine \u00e0 dos romantique orn\u00e9 de 5 faux-nerfs, de liser\u00e9s, frises et pi\u00e8ce de titre rouge, et de l\u2019auteur estamp\u00e9 dor\u00e9, tranche de t\u00eate dor\u00e9e, couverture couleur conserv\u00e9e, signet rouge, 140 x 77, 80p. 1897. Collection Edouard Guillaume \u00ab\u00a0Lotus Alba\u00a0\u00bb. Illustrations de Calbet. Page de titre illustr\u00e9e. Avant la lettre\u00a0: 4 sanguines pleine page en guide de suite des ill. noires \u00e0 pleine page\u00a0; frontispice et illustrations \u00e0 pleine page et en ent\u00eate. In fine\u00a0: extrait du catalogue. Int\u00e9rieur tr\u00e8s bon, propre et int\u00e8gre. Des frottements et \u00e9pidermures \u00e0 la reliure, queue tr\u00e8s frott\u00e9e. . Bel exemplaire bien ferme.<\/p>\n","protected":false},"excerpt":{"rendered":"<p>Librairie Borel &#8211; Pleine basane marine \u00e0 dos romantique orn\u00e9 de 5 faux-nerfs, de liser\u00e9s, frises et pi\u00e8ce de titre rouge, et de l\u2019auteur estamp\u00e9 dor\u00e9, tranche de t\u00eate dor\u00e9e, couverture couleur conserv\u00e9e, signet rouge, 140 x 77, 80p. 1897. Collection Edouard Guillaume \u00ab\u00a0Lotus Alba\u00a0\u00bb. Illustrations de Calbet. Page de titre illustr\u00e9e. Avant la lettre\u00a0: &#8230; <a title=\"L&rsquo;\u2019\u00e9moi, Jean Viollis &#8211; Illustrations de Calbet\" class=\"read-more\" href=\"https:\/\/www.livresentre2actions.fr\/fr_fr\/produit\/lemoi-jean-viollis-illustrations-de-calbet\/\" aria-label=\"En savoir plus sur L&rsquo;\u2019\u00e9moi, Jean Viollis &#8211; Illustrations de Calbet\">Lire plus<\/a><\/p>\n","protected":false},"featured_media":15802,"template":"","meta":{"_eb_attr":""},"product_brand":[],"product_cat":[36,74,84,71,76],"product_tag":[86],"class_list":{"0":"post-15801","1":"product","2":"type-product","3":"status-publish","4":"has-post-thumbnail","6":"product_cat-entre-le-xviiieme-et-le-xixeme-siecle","7":"product_cat-collections","8":"product_cat-curiosa","9":"product_cat-illustres-modernes-editions-originales-signees-numerotees","10":"product_cat-poesie-theatre-prose","11":"product_tag-illustre","12":"sales-flash-overlay","13":"woocommerce-text-align-center","14":"woocommerce-image-align-center","15":"wc-has-gallery","17":"first","18":"instock","19":"taxable","20":"shipping-taxable","21":"purchasable","22":"product-type-simple"},"aioseo_notices":[],"_links":{"self":[{"href":"https:\/\/www.livresentre2actions.fr\/fr_fr\/wp-json\/wp\/v2\/product\/15801","targetHints":{"allow":["GET"]}}],"collection":[{"href":"https:\/\/www.livresentre2actions.fr\/fr_fr\/wp-json\/wp\/v2\/product"}],"about":[{"href":"https:\/\/www.livresentre2actions.fr\/fr_fr\/wp-json\/wp\/v2\/types\/product"}],"wp:featuredmedia":[{"embeddable":true,"href":"https:\/\/www.livresentre2actions.fr\/fr_fr\/wp-json\/wp\/v2\/media\/15802"}],"wp:attachment":[{"href":"https:\/\/www.livresentre2actions.fr\/fr_fr\/wp-json\/wp\/v2\/media?parent=15801"}],"wp:term":[{"taxonomy":"product_brand","embeddable":true,"href":"https:\/\/www.livresentre2actions.fr\/fr_fr\/wp-json\/wp\/v2\/product_brand?post=15801"},{"taxonomy":"product_cat","embeddable":true,"href":"https:\/\/www.livresentre2actions.fr\/fr_fr\/wp-json\/wp\/v2\/product_cat?post=15801"},{"taxonomy":"product_tag","embeddable":true,"href":"https:\/\/www.livresentre2actions.fr\/fr_fr\/wp-json\/wp\/v2\/product_tag?post=15801"}],"curies":[{"name":"wp","href":"https:\/\/api.w.org\/{rel}","templated":true}]}}