{"id":15776,"date":"2025-10-27T17:17:15","date_gmt":"2025-10-27T16:17:15","guid":{"rendered":"https:\/\/www.livresentre2actions.fr\/?post_type=product&#038;p=15776"},"modified":"2025-10-27T17:18:35","modified_gmt":"2025-10-27T16:18:35","slug":"savignac-affichiste-exposition-paris-bibliotheque-forney-11-septembre-2001-12-janvier-2002","status":"publish","type":"product","link":"https:\/\/www.livresentre2actions.fr\/fr_fr\/produit\/savignac-affichiste-exposition-paris-bibliotheque-forney-11-septembre-2001-12-janvier-2002\/","title":{"rendered":"Savignac affichiste : Exposition Paris Biblioth\u00e8que Forney (11 septembre 2001-12 janvier 2002)"},"content":{"rendered":"<p>Biblioth\u00e8que Forney &#8211; \u00c9dition cartonn\u00e9e \u00e9diteur, 245 x 174, 555p. Avec table. 2001.<\/p>\n<p>Except\u00e9 quelques frottements sur les plats, tr\u00e8s bel exemplaire, propre, int\u00e8gre, bien ferme.<\/p>\n","protected":false},"excerpt":{"rendered":"<p>Biblioth\u00e8que Forney &#8211; \u00c9dition cartonn\u00e9e \u00e9diteur, 245 x 174, 555p. Avec table. 2001. Except\u00e9 quelques frottements sur les plats, tr\u00e8s bel exemplaire, propre, int\u00e8gre, bien ferme.<\/p>\n","protected":false},"featured_media":15777,"template":"","meta":{"_eb_attr":""},"product_brand":[],"product_cat":[37,75,71],"product_tag":[86],"class_list":{"0":"post-15776","1":"product","2":"type-product","3":"status-publish","4":"has-post-thumbnail","6":"product_cat-a-partir-du-xxeme-siecle","7":"product_cat-art","8":"product_cat-illustres-modernes-editions-originales-signees-numerotees","9":"product_tag-illustre","10":"sales-flash-overlay","11":"woocommerce-text-align-center","12":"woocommerce-image-align-center","13":"wc-has-gallery","15":"first","16":"instock","17":"taxable","18":"shipping-taxable","19":"purchasable","20":"product-type-simple"},"aioseo_notices":[],"_links":{"self":[{"href":"https:\/\/www.livresentre2actions.fr\/fr_fr\/wp-json\/wp\/v2\/product\/15776","targetHints":{"allow":["GET"]}}],"collection":[{"href":"https:\/\/www.livresentre2actions.fr\/fr_fr\/wp-json\/wp\/v2\/product"}],"about":[{"href":"https:\/\/www.livresentre2actions.fr\/fr_fr\/wp-json\/wp\/v2\/types\/product"}],"wp:featuredmedia":[{"embeddable":true,"href":"https:\/\/www.livresentre2actions.fr\/fr_fr\/wp-json\/wp\/v2\/media\/15777"}],"wp:attachment":[{"href":"https:\/\/www.livresentre2actions.fr\/fr_fr\/wp-json\/wp\/v2\/media?parent=15776"}],"wp:term":[{"taxonomy":"product_brand","embeddable":true,"href":"https:\/\/www.livresentre2actions.fr\/fr_fr\/wp-json\/wp\/v2\/product_brand?post=15776"},{"taxonomy":"product_cat","embeddable":true,"href":"https:\/\/www.livresentre2actions.fr\/fr_fr\/wp-json\/wp\/v2\/product_cat?post=15776"},{"taxonomy":"product_tag","embeddable":true,"href":"https:\/\/www.livresentre2actions.fr\/fr_fr\/wp-json\/wp\/v2\/product_tag?post=15776"}],"curies":[{"name":"wp","href":"https:\/\/api.w.org\/{rel}","templated":true}]}}