{"id":15765,"date":"2025-10-27T17:09:56","date_gmt":"2025-10-27T16:09:56","guid":{"rendered":"https:\/\/www.livresentre2actions.fr\/?post_type=product&#038;p=15765"},"modified":"2025-11-19T11:03:36","modified_gmt":"2025-11-19T10:03:36","slug":"une-demeure-1934-robert-mallet-stevens","status":"publish","type":"product","link":"https:\/\/www.livresentre2actions.fr\/fr_fr\/produit\/une-demeure-1934-robert-mallet-stevens\/","title":{"rendered":"Une demeure 1934 &#8211; Robert Mallet-Stevens"},"content":{"rendered":"<p>Nouvelles \u00e9ditions Jean-Michel Place. Cartonn\u00e9 \u00e9diteur, 180 x 127, 56p. 2015. Tr\u00e8s bon exemplaire, propre, int\u00e8gre, bien ferme. Proche du neuf. Avec une carte oostale couleur, vierge, de la villa Cavroix.<\/p>\n","protected":false},"excerpt":{"rendered":"<p>Nouvelles \u00e9ditions Jean-Michel Place. Cartonn\u00e9 \u00e9diteur, 180 x 127, 56p. 2015. Tr\u00e8s bon exemplaire, propre, int\u00e8gre, bien ferme. Proche du neuf. Avec une carte oostale couleur, vierge, de la villa Cavroix.<\/p>\n","protected":false},"featured_media":0,"template":"","meta":{"_eb_attr":""},"product_brand":[],"product_cat":[37,75,74,71],"product_tag":[86],"class_list":{"0":"post-15765","1":"product","2":"type-product","3":"status-publish","5":"product_cat-a-partir-du-xxeme-siecle","6":"product_cat-art","7":"product_cat-collections","8":"product_cat-illustres-modernes-editions-originales-signees-numerotees","9":"product_tag-illustre","10":"sales-flash-overlay","11":"woocommerce-text-align-center","12":"woocommerce-image-align-center","14":"first","15":"outofstock","16":"taxable","17":"shipping-taxable","18":"purchasable","19":"product-type-simple"},"aioseo_notices":[],"_links":{"self":[{"href":"https:\/\/www.livresentre2actions.fr\/fr_fr\/wp-json\/wp\/v2\/product\/15765","targetHints":{"allow":["GET"]}}],"collection":[{"href":"https:\/\/www.livresentre2actions.fr\/fr_fr\/wp-json\/wp\/v2\/product"}],"about":[{"href":"https:\/\/www.livresentre2actions.fr\/fr_fr\/wp-json\/wp\/v2\/types\/product"}],"wp:attachment":[{"href":"https:\/\/www.livresentre2actions.fr\/fr_fr\/wp-json\/wp\/v2\/media?parent=15765"}],"wp:term":[{"taxonomy":"product_brand","embeddable":true,"href":"https:\/\/www.livresentre2actions.fr\/fr_fr\/wp-json\/wp\/v2\/product_brand?post=15765"},{"taxonomy":"product_cat","embeddable":true,"href":"https:\/\/www.livresentre2actions.fr\/fr_fr\/wp-json\/wp\/v2\/product_cat?post=15765"},{"taxonomy":"product_tag","embeddable":true,"href":"https:\/\/www.livresentre2actions.fr\/fr_fr\/wp-json\/wp\/v2\/product_tag?post=15765"}],"curies":[{"name":"wp","href":"https:\/\/api.w.org\/{rel}","templated":true}]}}