{"id":15737,"date":"2025-10-27T16:51:30","date_gmt":"2025-10-27T15:51:30","guid":{"rendered":"https:\/\/www.livresentre2actions.fr\/?post_type=product&#038;p=15737"},"modified":"2025-10-27T16:52:59","modified_gmt":"2025-10-27T15:52:59","slug":"le-mime-bathylle-jean-bertheroy-berthe-clorine-jeanne-le-barillier","status":"publish","type":"product","link":"https:\/\/www.livresentre2actions.fr\/fr_fr\/produit\/le-mime-bathylle-jean-bertheroy-berthe-clorine-jeanne-le-barillier\/","title":{"rendered":"\u00a0Le mime Bathylle &#8211; Jean Bertheroy [Berthe Clorine Jeanne Le Barillier]\u00a0"},"content":{"rendered":"<p>Librairie L. Borel<\/p>\n<p>Tr\u00e8s joli demi-chagrin chocolat, dos long orn\u00e9 des titre et auteur, orn\u00e9 d\u2019un motif dans un style art nouveau, tranche de t\u00eate dor\u00e9e, signet, 191 x 115, 206p. Hors table. 1902. Illustrations de Marodon qui se compose ainsi : frontispice, 9 \u00e0 pleine page, 4 ent\u00eates, 5 culs-de-lampes. Int\u00e9rieur propre. Reliure en tr\u00e8s bel \u00e9tat.<\/p>\n","protected":false},"excerpt":{"rendered":"<p>Librairie L. Borel Tr\u00e8s joli demi-chagrin chocolat, dos long orn\u00e9 des titre et auteur, orn\u00e9 d\u2019un motif dans un style art nouveau, tranche de t\u00eate dor\u00e9e, signet, 191 x 115, 206p. Hors table. 1902. Illustrations de Marodon qui se compose ainsi : frontispice, 9 \u00e0 pleine page, 4 ent\u00eates, 5 culs-de-lampes. Int\u00e9rieur propre. Reliure en &#8230; <a title=\"\u00a0Le mime Bathylle &#8211; Jean Bertheroy [Berthe Clorine Jeanne Le Barillier]\u00a0\" class=\"read-more\" href=\"https:\/\/www.livresentre2actions.fr\/fr_fr\/produit\/le-mime-bathylle-jean-bertheroy-berthe-clorine-jeanne-le-barillier\/\" aria-label=\"En savoir plus sur \u00a0Le mime Bathylle &#8211; Jean Bertheroy [Berthe Clorine Jeanne Le Barillier]\u00a0\">Lire plus<\/a><\/p>\n","protected":false},"featured_media":15738,"template":"","meta":{"_eb_attr":""},"product_brand":[],"product_cat":[37,71,76],"product_tag":[86],"class_list":{"0":"post-15737","1":"product","2":"type-product","3":"status-publish","4":"has-post-thumbnail","6":"product_cat-a-partir-du-xxeme-siecle","7":"product_cat-illustres-modernes-editions-originales-signees-numerotees","8":"product_cat-poesie-theatre-prose","9":"product_tag-illustre","10":"sales-flash-overlay","11":"woocommerce-text-align-center","12":"woocommerce-image-align-center","13":"wc-has-gallery","15":"first","16":"instock","17":"taxable","18":"shipping-taxable","19":"purchasable","20":"product-type-simple"},"aioseo_notices":[],"_links":{"self":[{"href":"https:\/\/www.livresentre2actions.fr\/fr_fr\/wp-json\/wp\/v2\/product\/15737","targetHints":{"allow":["GET"]}}],"collection":[{"href":"https:\/\/www.livresentre2actions.fr\/fr_fr\/wp-json\/wp\/v2\/product"}],"about":[{"href":"https:\/\/www.livresentre2actions.fr\/fr_fr\/wp-json\/wp\/v2\/types\/product"}],"wp:featuredmedia":[{"embeddable":true,"href":"https:\/\/www.livresentre2actions.fr\/fr_fr\/wp-json\/wp\/v2\/media\/15738"}],"wp:attachment":[{"href":"https:\/\/www.livresentre2actions.fr\/fr_fr\/wp-json\/wp\/v2\/media?parent=15737"}],"wp:term":[{"taxonomy":"product_brand","embeddable":true,"href":"https:\/\/www.livresentre2actions.fr\/fr_fr\/wp-json\/wp\/v2\/product_brand?post=15737"},{"taxonomy":"product_cat","embeddable":true,"href":"https:\/\/www.livresentre2actions.fr\/fr_fr\/wp-json\/wp\/v2\/product_cat?post=15737"},{"taxonomy":"product_tag","embeddable":true,"href":"https:\/\/www.livresentre2actions.fr\/fr_fr\/wp-json\/wp\/v2\/product_tag?post=15737"}],"curies":[{"name":"wp","href":"https:\/\/api.w.org\/{rel}","templated":true}]}}