{"id":15722,"date":"2025-10-27T16:47:19","date_gmt":"2025-10-27T15:47:19","guid":{"rendered":"https:\/\/www.livresentre2actions.fr\/?post_type=product&#038;p=15722"},"modified":"2025-10-29T18:05:27","modified_gmt":"2025-10-29T17:05:27","slug":"trois-textes-illustres-dont-les-clients-du-bon-chien-jaune-de-mac-orlan","status":"publish","type":"product","link":"https:\/\/www.livresentre2actions.fr\/fr_fr\/produit\/trois-textes-illustres-dont-les-clients-du-bon-chien-jaune-de-mac-orlan\/","title":{"rendered":"Trois textes illustr\u00e9s dont Les clients du \u00ab\u00a0Bon chien jaune\u00a0\u00bb de Mac Orlan"},"content":{"rendered":"<p>La Maison Des Sept Compagnons, Fanny Clar &#8211; Les Clients Du \u00ab\u00a0Bon Chien Jaune\u00a0\u00bb, Pierre Mac-Orlan &#8211; Mon Ennemi Ch\u00e9ri, Jean Webster &#8211; Paul Duval \u00e9diteur<\/p>\n<p>Plein cartonnage \u00e9diteur rouge \u00e0 dos long orn\u00e9 des titres, auteurs et de l&rsquo;\u00e9diteur, toutes tranches jaunes, plat sup\u00e9rieur orn\u00e9, 248 x 192, comprend :<\/p>\n<p>La maison des sept compagnons, par Fanny Clar [1875-1944, journaliste libertaire], 158p. avec table, 1928. Illustrations de Paulette Humbert, dont frontispice couleur.<\/p>\n<p>Les clients du \u00ab\u00a0Bon chien jaune\u00a0\u00bb, Mac-Orlan, 118p. avec table. 1926. Illustrations de Tcherkessoff dont frontispice couleur.<\/p>\n<p>Mon ennemi ch\u00e9ri, Jean Webster [Alice Jane Chandler Webster 1876 &#8211; 1916, autrice am\u00e9ricaine], 173p. 1927. Illustrations de Jean H\u00e9e.<\/p>\n<p>Int\u00e9rieur et cartonnage tr\u00e8s bons, propres, int\u00e8gres. Bel exemplaire, bien ferme.<\/p>\n","protected":false},"excerpt":{"rendered":"<p>La Maison Des Sept Compagnons, Fanny Clar &#8211; Les Clients Du \u00ab\u00a0Bon Chien Jaune\u00a0\u00bb, Pierre Mac-Orlan &#8211; Mon Ennemi Ch\u00e9ri, Jean Webster &#8211; Paul Duval \u00e9diteur Plein cartonnage \u00e9diteur rouge \u00e0 dos long orn\u00e9 des titres, auteurs et de l&rsquo;\u00e9diteur, toutes tranches jaunes, plat sup\u00e9rieur orn\u00e9, 248 x 192, comprend : La maison des sept &#8230; <a title=\"Trois textes illustr\u00e9s dont Les clients du \u00ab\u00a0Bon chien jaune\u00a0\u00bb de Mac Orlan\" class=\"read-more\" href=\"https:\/\/www.livresentre2actions.fr\/fr_fr\/produit\/trois-textes-illustres-dont-les-clients-du-bon-chien-jaune-de-mac-orlan\/\" aria-label=\"En savoir plus sur Trois textes illustr\u00e9s dont Les clients du \u00ab\u00a0Bon chien jaune\u00a0\u00bb de Mac Orlan\">Lire plus<\/a><\/p>\n","protected":false},"featured_media":0,"template":"","meta":{"_eb_attr":""},"product_brand":[],"product_cat":[37,78,71],"product_tag":[86],"class_list":{"0":"post-15722","1":"product","2":"type-product","3":"status-publish","5":"product_cat-a-partir-du-xxeme-siecle","6":"product_cat-enfantina","7":"product_cat-illustres-modernes-editions-originales-signees-numerotees","8":"product_tag-illustre","9":"sales-flash-overlay","10":"woocommerce-text-align-center","11":"woocommerce-image-align-center","13":"first","14":"outofstock","15":"taxable","16":"shipping-taxable","17":"purchasable","18":"product-type-simple"},"aioseo_notices":[],"_links":{"self":[{"href":"https:\/\/www.livresentre2actions.fr\/fr_fr\/wp-json\/wp\/v2\/product\/15722","targetHints":{"allow":["GET"]}}],"collection":[{"href":"https:\/\/www.livresentre2actions.fr\/fr_fr\/wp-json\/wp\/v2\/product"}],"about":[{"href":"https:\/\/www.livresentre2actions.fr\/fr_fr\/wp-json\/wp\/v2\/types\/product"}],"wp:attachment":[{"href":"https:\/\/www.livresentre2actions.fr\/fr_fr\/wp-json\/wp\/v2\/media?parent=15722"}],"wp:term":[{"taxonomy":"product_brand","embeddable":true,"href":"https:\/\/www.livresentre2actions.fr\/fr_fr\/wp-json\/wp\/v2\/product_brand?post=15722"},{"taxonomy":"product_cat","embeddable":true,"href":"https:\/\/www.livresentre2actions.fr\/fr_fr\/wp-json\/wp\/v2\/product_cat?post=15722"},{"taxonomy":"product_tag","embeddable":true,"href":"https:\/\/www.livresentre2actions.fr\/fr_fr\/wp-json\/wp\/v2\/product_tag?post=15722"}],"curies":[{"name":"wp","href":"https:\/\/api.w.org\/{rel}","templated":true}]}}