{"id":15699,"date":"2025-10-23T15:48:01","date_gmt":"2025-10-23T13:48:01","guid":{"rendered":"https:\/\/www.livresentre2actions.fr\/?post_type=product&#038;p=15699"},"modified":"2025-10-23T15:48:02","modified_gmt":"2025-10-23T13:48:02","slug":"ames-en-prison-lecole-francaise-des-sourdes-muettes-aveugles-et-leurs-soeurs-des-deux-mondes","status":"publish","type":"product","link":"https:\/\/www.livresentre2actions.fr\/fr_fr\/produit\/ames-en-prison-lecole-francaise-des-sourdes-muettes-aveugles-et-leurs-soeurs-des-deux-mondes\/","title":{"rendered":"\u00c2mes en prison &#8211; L\u2019\u00e9cole fran\u00e7aise des sourdes-muettes-aveugles et leurs s\u0153urs des deux mondes"},"content":{"rendered":"<p>Louis Arnould &#8211; Boivin &amp; Cie<\/p>\n<p>Demi-chagrin rouge \u00e0 coins, 188 x 133, 276p. 1934. 20\u00e8me \u00e9dition enti\u00e8rement revue et augment\u00e9e de deux chapitres in\u00e9dits, d&rsquo;un appendice et de quatre nouvelles gravures. Int\u00e9rieur propre, rousseurs marginales. Une vignette ex-libris en page de garde. reliure frott\u00e9e avec \u00e9pidermures, mais bonne. bon exemplaire bien ferme.<\/p>\n","protected":false},"excerpt":{"rendered":"<p>Louis Arnould &#8211; Boivin &amp; Cie Demi-chagrin rouge \u00e0 coins, 188 x 133, 276p. 1934. 20\u00e8me \u00e9dition enti\u00e8rement revue et augment\u00e9e de deux chapitres in\u00e9dits, d&rsquo;un appendice et de quatre nouvelles gravures. Int\u00e9rieur propre, rousseurs marginales. Une vignette ex-libris en page de garde. reliure frott\u00e9e avec \u00e9pidermures, mais bonne. bon exemplaire bien ferme.<\/p>\n","protected":false},"featured_media":15700,"template":"","meta":{"_eb_attr":""},"product_brand":[],"product_cat":[37,72,71,73,70],"product_tag":[],"class_list":{"0":"post-15699","1":"product","2":"type-product","3":"status-publish","4":"has-post-thumbnail","6":"product_cat-a-partir-du-xxeme-siecle","7":"product_cat-divers","8":"product_cat-illustres-modernes-editions-originales-signees-numerotees","9":"product_cat-histoires-et-recits-de-voyage","10":"product_cat-medecine-et-nature","11":"sales-flash-overlay","12":"woocommerce-text-align-center","13":"woocommerce-image-align-center","14":"wc-has-gallery","16":"first","17":"instock","18":"taxable","19":"shipping-taxable","20":"purchasable","21":"product-type-simple"},"aioseo_notices":[],"_links":{"self":[{"href":"https:\/\/www.livresentre2actions.fr\/fr_fr\/wp-json\/wp\/v2\/product\/15699","targetHints":{"allow":["GET"]}}],"collection":[{"href":"https:\/\/www.livresentre2actions.fr\/fr_fr\/wp-json\/wp\/v2\/product"}],"about":[{"href":"https:\/\/www.livresentre2actions.fr\/fr_fr\/wp-json\/wp\/v2\/types\/product"}],"wp:featuredmedia":[{"embeddable":true,"href":"https:\/\/www.livresentre2actions.fr\/fr_fr\/wp-json\/wp\/v2\/media\/15700"}],"wp:attachment":[{"href":"https:\/\/www.livresentre2actions.fr\/fr_fr\/wp-json\/wp\/v2\/media?parent=15699"}],"wp:term":[{"taxonomy":"product_brand","embeddable":true,"href":"https:\/\/www.livresentre2actions.fr\/fr_fr\/wp-json\/wp\/v2\/product_brand?post=15699"},{"taxonomy":"product_cat","embeddable":true,"href":"https:\/\/www.livresentre2actions.fr\/fr_fr\/wp-json\/wp\/v2\/product_cat?post=15699"},{"taxonomy":"product_tag","embeddable":true,"href":"https:\/\/www.livresentre2actions.fr\/fr_fr\/wp-json\/wp\/v2\/product_tag?post=15699"}],"curies":[{"name":"wp","href":"https:\/\/api.w.org\/{rel}","templated":true}]}}