{"id":15682,"date":"2025-10-23T15:41:30","date_gmt":"2025-10-23T13:41:30","guid":{"rendered":"https:\/\/www.livresentre2actions.fr\/?post_type=product&#038;p=15682"},"modified":"2025-10-23T15:41:30","modified_gmt":"2025-10-23T13:41:30","slug":"on-the-origin-nature-progress-and-influence-of-consular-establishments","status":"publish","type":"product","link":"https:\/\/www.livresentre2actions.fr\/fr_fr\/produit\/on-the-origin-nature-progress-and-influence-of-consular-establishments\/","title":{"rendered":"On the Origin, Nature, Progress and Influence of Consular Establishments"},"content":{"rendered":"<p>D. B. Warden &#8211; Smith, rue Montmorency n\u00b016, Paris<\/p>\n<p>Demi-basane tabac, dos long orn\u00e9 de liser\u00e9s et d\u2019une pi\u00e8ce de titre en maroquin vert, 224 x 135, 330p. 1813. Edition originale. Int\u00e9rieur globalement propre, rousseurs marginales. Mouillure sombre bri\u00e8vement sur la tranche en d\u00e9but de volume, et en fin de volume en coin de page qui va crescendo depuis la page 226. Frottements, griffes, \u00e9pidermures \u00e0 al reliure qui reste tr\u00e8s bonne n\u00e9anmoins. Plats et coins frott\u00e9s, coins de pied l\u00e9g\u00e8rement cogn\u00e9s et \u00e9mouss\u00e9s. Bon exemplaire bien ferme de cette rare premi\u00e8re \u00e9dition. David Bailie Warden\u00a0(1772-1845) fut un insurg\u00e9 r\u00e9publicain lors de la r\u00e9bellion irlandaise de 1798 contre la Couronne britannique, puis, exil\u00e9 aux Etats-Unis, il en devint consul en France. C\u2019est dans ce cadre qu\u2019il publie cette \u00e9tude.<\/p>\n","protected":false},"excerpt":{"rendered":"<p>D. B. Warden &#8211; Smith, rue Montmorency n\u00b016, Paris Demi-basane tabac, dos long orn\u00e9 de liser\u00e9s et d\u2019une pi\u00e8ce de titre en maroquin vert, 224 x 135, 330p. 1813. Edition originale. Int\u00e9rieur globalement propre, rousseurs marginales. Mouillure sombre bri\u00e8vement sur la tranche en d\u00e9but de volume, et en fin de volume en coin de page &#8230; <a title=\"On the Origin, Nature, Progress and Influence of Consular Establishments\" class=\"read-more\" href=\"https:\/\/www.livresentre2actions.fr\/fr_fr\/produit\/on-the-origin-nature-progress-and-influence-of-consular-establishments\/\" aria-label=\"En savoir plus sur On the Origin, Nature, Progress and Influence of Consular Establishments\">Lire plus<\/a><\/p>\n","protected":false},"featured_media":15684,"template":"","meta":{"_eb_attr":""},"product_brand":[],"product_cat":[36,71,73],"product_tag":[],"class_list":{"0":"post-15682","1":"product","2":"type-product","3":"status-publish","4":"has-post-thumbnail","6":"product_cat-entre-le-xviiieme-et-le-xixeme-siecle","7":"product_cat-illustres-modernes-editions-originales-signees-numerotees","8":"product_cat-histoires-et-recits-de-voyage","9":"sales-flash-overlay","10":"woocommerce-text-align-center","11":"woocommerce-image-align-center","12":"wc-has-gallery","14":"first","15":"instock","16":"taxable","17":"shipping-taxable","18":"purchasable","19":"product-type-simple"},"aioseo_notices":[],"_links":{"self":[{"href":"https:\/\/www.livresentre2actions.fr\/fr_fr\/wp-json\/wp\/v2\/product\/15682","targetHints":{"allow":["GET"]}}],"collection":[{"href":"https:\/\/www.livresentre2actions.fr\/fr_fr\/wp-json\/wp\/v2\/product"}],"about":[{"href":"https:\/\/www.livresentre2actions.fr\/fr_fr\/wp-json\/wp\/v2\/types\/product"}],"wp:featuredmedia":[{"embeddable":true,"href":"https:\/\/www.livresentre2actions.fr\/fr_fr\/wp-json\/wp\/v2\/media\/15684"}],"wp:attachment":[{"href":"https:\/\/www.livresentre2actions.fr\/fr_fr\/wp-json\/wp\/v2\/media?parent=15682"}],"wp:term":[{"taxonomy":"product_brand","embeddable":true,"href":"https:\/\/www.livresentre2actions.fr\/fr_fr\/wp-json\/wp\/v2\/product_brand?post=15682"},{"taxonomy":"product_cat","embeddable":true,"href":"https:\/\/www.livresentre2actions.fr\/fr_fr\/wp-json\/wp\/v2\/product_cat?post=15682"},{"taxonomy":"product_tag","embeddable":true,"href":"https:\/\/www.livresentre2actions.fr\/fr_fr\/wp-json\/wp\/v2\/product_tag?post=15682"}],"curies":[{"name":"wp","href":"https:\/\/api.w.org\/{rel}","templated":true}]}}