{"id":15620,"date":"2025-08-22T16:20:47","date_gmt":"2025-08-22T14:20:47","guid":{"rendered":"https:\/\/www.livresentre2actions.fr\/?post_type=product&#038;p=15620"},"modified":"2025-10-22T16:21:35","modified_gmt":"2025-10-22T14:21:35","slug":"la-legende-de-metz-le-comte-dherisson","status":"publish","type":"product","link":"https:\/\/www.livresentre2actions.fr\/fr_fr\/produit\/la-legende-de-metz-le-comte-dherisson\/","title":{"rendered":"La l\u00e9gende de Metz, Le Comte D&rsquo;H\u00e9risson"},"content":{"rendered":"<p>Demi-chagrin noir \u00e0 petits grains, dos \u00e0 faux-nerfs orn\u00e9 du titre et de l&rsquo;auteur, 161 x 118, 316p. avec table. 1888. 20\u00e8me \u00e9dition. Exemplaire en bon, int\u00e9rieur comme reliure, odeur de papier ancien.<\/p>\n","protected":false},"excerpt":{"rendered":"<p>Demi-chagrin noir \u00e0 petits grains, dos \u00e0 faux-nerfs orn\u00e9 du titre et de l&rsquo;auteur, 161 x 118, 316p. avec table. 1888. 20\u00e8me \u00e9dition. Exemplaire en bon, int\u00e9rieur comme reliure, odeur de papier ancien.<\/p>\n","protected":false},"featured_media":15621,"template":"","meta":{"_eb_attr":""},"product_brand":[],"product_cat":[36,73,97],"product_tag":[],"class_list":{"0":"post-15620","1":"product","2":"type-product","3":"status-publish","4":"has-post-thumbnail","6":"product_cat-entre-le-xviiieme-et-le-xixeme-siecle","7":"product_cat-histoires-et-recits-de-voyage","8":"product_cat-regionalia-divers","9":"sales-flash-overlay","10":"woocommerce-text-align-center","11":"woocommerce-image-align-center","12":"wc-has-gallery","14":"first","15":"instock","16":"taxable","17":"shipping-taxable","18":"purchasable","19":"product-type-simple"},"aioseo_notices":[],"_links":{"self":[{"href":"https:\/\/www.livresentre2actions.fr\/fr_fr\/wp-json\/wp\/v2\/product\/15620","targetHints":{"allow":["GET"]}}],"collection":[{"href":"https:\/\/www.livresentre2actions.fr\/fr_fr\/wp-json\/wp\/v2\/product"}],"about":[{"href":"https:\/\/www.livresentre2actions.fr\/fr_fr\/wp-json\/wp\/v2\/types\/product"}],"wp:featuredmedia":[{"embeddable":true,"href":"https:\/\/www.livresentre2actions.fr\/fr_fr\/wp-json\/wp\/v2\/media\/15621"}],"wp:attachment":[{"href":"https:\/\/www.livresentre2actions.fr\/fr_fr\/wp-json\/wp\/v2\/media?parent=15620"}],"wp:term":[{"taxonomy":"product_brand","embeddable":true,"href":"https:\/\/www.livresentre2actions.fr\/fr_fr\/wp-json\/wp\/v2\/product_brand?post=15620"},{"taxonomy":"product_cat","embeddable":true,"href":"https:\/\/www.livresentre2actions.fr\/fr_fr\/wp-json\/wp\/v2\/product_cat?post=15620"},{"taxonomy":"product_tag","embeddable":true,"href":"https:\/\/www.livresentre2actions.fr\/fr_fr\/wp-json\/wp\/v2\/product_tag?post=15620"}],"curies":[{"name":"wp","href":"https:\/\/api.w.org\/{rel}","templated":true}]}}