{"id":15610,"date":"2025-08-22T16:17:27","date_gmt":"2025-08-22T14:17:27","guid":{"rendered":"https:\/\/www.livresentre2actions.fr\/?post_type=product&#038;p=15610"},"modified":"2025-10-22T16:18:20","modified_gmt":"2025-10-22T14:18:20","slug":"un-village-martyr-au-coeur-de-la-poche-de-colmar","status":"publish","type":"product","link":"https:\/\/www.livresentre2actions.fr\/fr_fr\/produit\/un-village-martyr-au-coeur-de-la-poche-de-colmar\/","title":{"rendered":"Un Village martyr au c\u0153ur de la poche de Colmar"},"content":{"rendered":"<p>Broch\u00e9, 230 x 210, 125p. avec table. 1984. In fine carte couleur d\u00e9pliante, int\u00e8gre. Int\u00e9rieur tr\u00e8s bon, propre, int\u00e8gre. Except\u00e9 quelques traces et frottements en couverture (en quatri\u00e8me), couvertures et dos sont bons. Bon exemplaire bien ferme.<\/p>\n","protected":false},"excerpt":{"rendered":"<p>Broch\u00e9, 230 x 210, 125p. avec table. 1984. In fine carte couleur d\u00e9pliante, int\u00e8gre. Int\u00e9rieur tr\u00e8s bon, propre, int\u00e8gre. Except\u00e9 quelques traces et frottements en couverture (en quatri\u00e8me), couvertures et dos sont bons. Bon exemplaire bien ferme.<\/p>\n","protected":false},"featured_media":15611,"template":"","meta":{"_eb_attr":""},"product_brand":[],"product_cat":[37,71,73,97],"product_tag":[86],"class_list":{"0":"post-15610","1":"product","2":"type-product","3":"status-publish","4":"has-post-thumbnail","6":"product_cat-a-partir-du-xxeme-siecle","7":"product_cat-illustres-modernes-editions-originales-signees-numerotees","8":"product_cat-histoires-et-recits-de-voyage","9":"product_cat-regionalia-divers","10":"product_tag-illustre","11":"sales-flash-overlay","12":"woocommerce-text-align-center","13":"woocommerce-image-align-center","14":"wc-has-gallery","16":"first","17":"instock","18":"taxable","19":"shipping-taxable","20":"purchasable","21":"product-type-simple"},"aioseo_notices":[],"_links":{"self":[{"href":"https:\/\/www.livresentre2actions.fr\/fr_fr\/wp-json\/wp\/v2\/product\/15610","targetHints":{"allow":["GET"]}}],"collection":[{"href":"https:\/\/www.livresentre2actions.fr\/fr_fr\/wp-json\/wp\/v2\/product"}],"about":[{"href":"https:\/\/www.livresentre2actions.fr\/fr_fr\/wp-json\/wp\/v2\/types\/product"}],"wp:featuredmedia":[{"embeddable":true,"href":"https:\/\/www.livresentre2actions.fr\/fr_fr\/wp-json\/wp\/v2\/media\/15611"}],"wp:attachment":[{"href":"https:\/\/www.livresentre2actions.fr\/fr_fr\/wp-json\/wp\/v2\/media?parent=15610"}],"wp:term":[{"taxonomy":"product_brand","embeddable":true,"href":"https:\/\/www.livresentre2actions.fr\/fr_fr\/wp-json\/wp\/v2\/product_brand?post=15610"},{"taxonomy":"product_cat","embeddable":true,"href":"https:\/\/www.livresentre2actions.fr\/fr_fr\/wp-json\/wp\/v2\/product_cat?post=15610"},{"taxonomy":"product_tag","embeddable":true,"href":"https:\/\/www.livresentre2actions.fr\/fr_fr\/wp-json\/wp\/v2\/product_tag?post=15610"}],"curies":[{"name":"wp","href":"https:\/\/api.w.org\/{rel}","templated":true}]}}