{"id":15581,"date":"2025-08-16T21:47:02","date_gmt":"2025-08-16T19:47:02","guid":{"rendered":"https:\/\/www.livresentre2actions.fr\/?post_type=product&#038;p=15581"},"modified":"2025-10-16T21:47:36","modified_gmt":"2025-10-16T19:47:36","slug":"lagrange-oeuvre-tissee-de-1945-a-1985","status":"publish","type":"product","link":"https:\/\/www.livresentre2actions.fr\/fr_fr\/produit\/lagrange-oeuvre-tissee-de-1945-a-1985\/","title":{"rendered":"Lagrange, Oeuvre tiss\u00e9e, de 1945 \u00c0 1985"},"content":{"rendered":"<p>Broch\u00e9, 210 x 200, 40p. 1985. Joint : Le 4 pages avec pr\u00e9sentation d&rsquo;Annick Davy, Conservateur du Mus\u00e9e d&rsquo;Arras et de l&rsquo;auteur ; ainsi que d&rsquo;une reproduction au format du livre de \u00ab\u00a0Vie et mort d&rsquo;un chevalier\u00a0\u00bb, avec un po\u00e8me de Guillevic au verso<\/p>\n","protected":false},"excerpt":{"rendered":"<p>Broch\u00e9, 210 x 200, 40p. 1985. Joint : Le 4 pages avec pr\u00e9sentation d&rsquo;Annick Davy, Conservateur du Mus\u00e9e d&rsquo;Arras et de l&rsquo;auteur ; ainsi que d&rsquo;une reproduction au format du livre de \u00ab\u00a0Vie et mort d&rsquo;un chevalier\u00a0\u00bb, avec un po\u00e8me de Guillevic au verso<\/p>\n","protected":false},"featured_media":15582,"template":"","meta":{"_eb_attr":""},"product_brand":[],"product_cat":[37,75,71],"product_tag":[86],"class_list":{"0":"post-15581","1":"product","2":"type-product","3":"status-publish","4":"has-post-thumbnail","6":"product_cat-a-partir-du-xxeme-siecle","7":"product_cat-art","8":"product_cat-illustres-modernes-editions-originales-signees-numerotees","9":"product_tag-illustre","10":"sales-flash-overlay","11":"woocommerce-text-align-center","12":"woocommerce-image-align-center","13":"wc-has-gallery","15":"first","16":"instock","17":"taxable","18":"shipping-taxable","19":"purchasable","20":"product-type-simple"},"aioseo_notices":[],"_links":{"self":[{"href":"https:\/\/www.livresentre2actions.fr\/fr_fr\/wp-json\/wp\/v2\/product\/15581","targetHints":{"allow":["GET"]}}],"collection":[{"href":"https:\/\/www.livresentre2actions.fr\/fr_fr\/wp-json\/wp\/v2\/product"}],"about":[{"href":"https:\/\/www.livresentre2actions.fr\/fr_fr\/wp-json\/wp\/v2\/types\/product"}],"wp:featuredmedia":[{"embeddable":true,"href":"https:\/\/www.livresentre2actions.fr\/fr_fr\/wp-json\/wp\/v2\/media\/15582"}],"wp:attachment":[{"href":"https:\/\/www.livresentre2actions.fr\/fr_fr\/wp-json\/wp\/v2\/media?parent=15581"}],"wp:term":[{"taxonomy":"product_brand","embeddable":true,"href":"https:\/\/www.livresentre2actions.fr\/fr_fr\/wp-json\/wp\/v2\/product_brand?post=15581"},{"taxonomy":"product_cat","embeddable":true,"href":"https:\/\/www.livresentre2actions.fr\/fr_fr\/wp-json\/wp\/v2\/product_cat?post=15581"},{"taxonomy":"product_tag","embeddable":true,"href":"https:\/\/www.livresentre2actions.fr\/fr_fr\/wp-json\/wp\/v2\/product_tag?post=15581"}],"curies":[{"name":"wp","href":"https:\/\/api.w.org\/{rel}","templated":true}]}}