{"id":15555,"date":"2025-08-16T21:22:08","date_gmt":"2025-08-16T19:22:08","guid":{"rendered":"https:\/\/www.livresentre2actions.fr\/?post_type=product&#038;p=15555"},"modified":"2025-10-16T21:22:53","modified_gmt":"2025-10-16T19:22:53","slug":"histoire-dune-ame-suivi-de-quelques-fragments-sur-le-plessis-aux-tournelles","status":"publish","type":"product","link":"https:\/\/www.livresentre2actions.fr\/fr_fr\/produit\/histoire-dune-ame-suivi-de-quelques-fragments-sur-le-plessis-aux-tournelles\/","title":{"rendered":"Histoire d&rsquo;une \u00e2me\u00a0suivi de quelques fragments sur Le Plessis-aux-Tournelles."},"content":{"rendered":"<p>Histoire d&rsquo;une \u00e2me\u00a0suivi de quelques fragments sur Le Plessis-aux-Tournelles. Suivi de Conf\u00e9rences ou entretiens. Et de Biographie de M. de Genoude par un collaborateur du journal Le Bourbonnais [Antoine Fayet]<\/p>\n<p>M. de Genoude [Antoine-Eug\u00e8ne Genoud\u00a0dit l\u2019abb\u00e9 Genoude puis\u00a0de Genoude}<\/p>\n<p>Librairie de Perrodil \u00e9diteur &#8211; Demi-maroquin vert, dos long orn\u00e9 des titre et auteur et joliment d\u00e9cor\u00e9 de frises et motifs, 218 x 138, pagination double. Histoire d\u2019une \u00e2me, et Conf\u00e9rences, pagination conitnue, 324p. 1844. Premi\u00e8re \u00e9dition. Suivi de Biographie de M. de Genoude par Antoine Fayet [professeur de rh\u00e9torique, pr\u00eatre, collaborateur du journal &lsquo;Le bourbonnais], 187p. 1844. Premi\u00e8re \u00e9dition. Int\u00e9rieur propre, rousseurs marginales, dernier texte plus marqu\u00e9. Reliure frott\u00e9e avec \u00e9pidermures mais bonne. Un coin l\u00e9g\u00e8rement \u00e9mouss\u00e9. Antoine-Eug\u00e8ne de Genoude (1792-1849) : abb\u00e9, th\u00e9ologien, d\u00e9put\u00e9 de Haute-Garonne, d\u00e9fenseur du suffrage universel et l\u00e9gitimiste.<\/p>\n","protected":false},"excerpt":{"rendered":"<p>Histoire d&rsquo;une \u00e2me\u00a0suivi de quelques fragments sur Le Plessis-aux-Tournelles. Suivi de Conf\u00e9rences ou entretiens. Et de Biographie de M. de Genoude par un collaborateur du journal Le Bourbonnais [Antoine Fayet] M. de Genoude [Antoine-Eug\u00e8ne Genoud\u00a0dit l\u2019abb\u00e9 Genoude puis\u00a0de Genoude} Librairie de Perrodil \u00e9diteur &#8211; Demi-maroquin vert, dos long orn\u00e9 des titre et auteur et joliment &#8230; <a title=\"Histoire d&rsquo;une \u00e2me\u00a0suivi de quelques fragments sur Le Plessis-aux-Tournelles.\" class=\"read-more\" href=\"https:\/\/www.livresentre2actions.fr\/fr_fr\/produit\/histoire-dune-ame-suivi-de-quelques-fragments-sur-le-plessis-aux-tournelles\/\" aria-label=\"En savoir plus sur Histoire d&rsquo;une \u00e2me\u00a0suivi de quelques fragments sur Le Plessis-aux-Tournelles.\">Lire plus<\/a><\/p>\n","protected":false},"featured_media":15556,"template":"","meta":{"_eb_attr":""},"product_brand":[],"product_cat":[36,97,68],"product_tag":[],"class_list":{"0":"post-15555","1":"product","2":"type-product","3":"status-publish","4":"has-post-thumbnail","6":"product_cat-entre-le-xviiieme-et-le-xixeme-siecle","7":"product_cat-regionalia-divers","8":"product_cat-religion-spiritualite","9":"sales-flash-overlay","10":"woocommerce-text-align-center","11":"woocommerce-image-align-center","12":"wc-has-gallery","14":"first","15":"instock","16":"taxable","17":"shipping-taxable","18":"purchasable","19":"product-type-simple"},"aioseo_notices":[],"_links":{"self":[{"href":"https:\/\/www.livresentre2actions.fr\/fr_fr\/wp-json\/wp\/v2\/product\/15555","targetHints":{"allow":["GET"]}}],"collection":[{"href":"https:\/\/www.livresentre2actions.fr\/fr_fr\/wp-json\/wp\/v2\/product"}],"about":[{"href":"https:\/\/www.livresentre2actions.fr\/fr_fr\/wp-json\/wp\/v2\/types\/product"}],"wp:featuredmedia":[{"embeddable":true,"href":"https:\/\/www.livresentre2actions.fr\/fr_fr\/wp-json\/wp\/v2\/media\/15556"}],"wp:attachment":[{"href":"https:\/\/www.livresentre2actions.fr\/fr_fr\/wp-json\/wp\/v2\/media?parent=15555"}],"wp:term":[{"taxonomy":"product_brand","embeddable":true,"href":"https:\/\/www.livresentre2actions.fr\/fr_fr\/wp-json\/wp\/v2\/product_brand?post=15555"},{"taxonomy":"product_cat","embeddable":true,"href":"https:\/\/www.livresentre2actions.fr\/fr_fr\/wp-json\/wp\/v2\/product_cat?post=15555"},{"taxonomy":"product_tag","embeddable":true,"href":"https:\/\/www.livresentre2actions.fr\/fr_fr\/wp-json\/wp\/v2\/product_tag?post=15555"}],"curies":[{"name":"wp","href":"https:\/\/api.w.org\/{rel}","templated":true}]}}