{"id":15470,"date":"2025-08-03T14:51:40","date_gmt":"2025-08-03T12:51:40","guid":{"rendered":"https:\/\/www.livresentre2actions.fr\/?post_type=product&#038;p=15470"},"modified":"2025-10-03T15:08:52","modified_gmt":"2025-10-03T13:08:52","slug":"dialogues-scientifiques-a-niogret-trad","status":"publish","type":"product","link":"https:\/\/www.livresentre2actions.fr\/fr_fr\/produit\/dialogues-scientifiques-a-niogret-trad\/","title":{"rendered":"Dialogues scientifiques, A. Niogret (trad.)"},"content":{"rendered":"<p>ou petit cours de philosophie naturelle et exp\u00e9rimentale \u00e0 l\u2019usage de la jeunesse. Tome troisi\u00e8me Hydrostatique (1 tome, complet) &#8211; Tenon, Libraire. Paris<\/p>\n<p>Plein veau marbr\u00e9 \u00e0 dos long, orn\u00e9 d\u2019une pi\u00e8ce de titre noire et d\u00e9cor\u00e9, plats encadr\u00e9s d\u2019une frise, tranches marbr\u00e9es, 141 x 88, 236p. 1827. Avec 4 planches d\u00e9pliantes \u00e0 nombreuses figures, int\u00e8gres avec rousseurs, grav\u00e9es par Hocquart. Traduit de l\u2019anglais de Joyce sur la neuvi\u00e8me \u00e9dition. Cours men\u00e9 sous forme d\u2019entretiens \u00e0 trois\u00a0: Le p\u00e8re \u2013 \u00c9mile \u2013 Sophie. In fine, pou chaque entretien, une s\u00e9rie de questions. Int\u00e9rieur bon, des rousseurs mais contenues. Coins \u00e9mouss\u00e9s, Mors fendus en pied. Des petits manques au dos, coiffe et queue aras\u00e9es. \u00c9tonnement, alors qu\u2019il s\u2019agit d\u2019une s\u00e9rie sur diff\u00e9rents domaines, nous n\u2019en trouvons trace nulle part. Sur la Bnf, le libraire Jacques-Andr\u00e9 Tenon (1797-1839) est indiqu\u00e9 comme successeur de la Veuve Lepetit, \u00e0 la m\u00eame adresse.<\/p>\n","protected":false},"excerpt":{"rendered":"<p>ou petit cours de philosophie naturelle et exp\u00e9rimentale \u00e0 l\u2019usage de la jeunesse. Tome troisi\u00e8me Hydrostatique (1 tome, complet) &#8211; Tenon, Libraire. Paris Plein veau marbr\u00e9 \u00e0 dos long, orn\u00e9 d\u2019une pi\u00e8ce de titre noire et d\u00e9cor\u00e9, plats encadr\u00e9s d\u2019une frise, tranches marbr\u00e9es, 141 x 88, 236p. 1827. Avec 4 planches d\u00e9pliantes \u00e0 nombreuses figures, &#8230; <a title=\"Dialogues scientifiques, A. Niogret (trad.)\" class=\"read-more\" href=\"https:\/\/www.livresentre2actions.fr\/fr_fr\/produit\/dialogues-scientifiques-a-niogret-trad\/\" aria-label=\"En savoir plus sur Dialogues scientifiques, A. Niogret (trad.)\">Lire plus<\/a><\/p>\n","protected":false},"featured_media":15471,"template":"","meta":{"_eb_attr":""},"product_brand":[],"product_cat":[36,71,69],"product_tag":[86],"class_list":{"0":"post-15470","1":"product","2":"type-product","3":"status-publish","4":"has-post-thumbnail","6":"product_cat-entre-le-xviiieme-et-le-xixeme-siecle","7":"product_cat-illustres-modernes-editions-originales-signees-numerotees","8":"product_cat-sciences-et-techniques","9":"product_tag-illustre","10":"sales-flash-overlay","11":"woocommerce-text-align-center","12":"woocommerce-image-align-center","13":"wc-has-gallery","15":"first","16":"instock","17":"taxable","18":"shipping-taxable","19":"purchasable","20":"product-type-simple"},"aioseo_notices":[],"_links":{"self":[{"href":"https:\/\/www.livresentre2actions.fr\/fr_fr\/wp-json\/wp\/v2\/product\/15470","targetHints":{"allow":["GET"]}}],"collection":[{"href":"https:\/\/www.livresentre2actions.fr\/fr_fr\/wp-json\/wp\/v2\/product"}],"about":[{"href":"https:\/\/www.livresentre2actions.fr\/fr_fr\/wp-json\/wp\/v2\/types\/product"}],"wp:featuredmedia":[{"embeddable":true,"href":"https:\/\/www.livresentre2actions.fr\/fr_fr\/wp-json\/wp\/v2\/media\/15471"}],"wp:attachment":[{"href":"https:\/\/www.livresentre2actions.fr\/fr_fr\/wp-json\/wp\/v2\/media?parent=15470"}],"wp:term":[{"taxonomy":"product_brand","embeddable":true,"href":"https:\/\/www.livresentre2actions.fr\/fr_fr\/wp-json\/wp\/v2\/product_brand?post=15470"},{"taxonomy":"product_cat","embeddable":true,"href":"https:\/\/www.livresentre2actions.fr\/fr_fr\/wp-json\/wp\/v2\/product_cat?post=15470"},{"taxonomy":"product_tag","embeddable":true,"href":"https:\/\/www.livresentre2actions.fr\/fr_fr\/wp-json\/wp\/v2\/product_tag?post=15470"}],"curies":[{"name":"wp","href":"https:\/\/api.w.org\/{rel}","templated":true}]}}