{"id":15450,"date":"2025-08-03T14:16:41","date_gmt":"2025-08-03T12:16:41","guid":{"rendered":"https:\/\/www.livresentre2actions.fr\/?post_type=product&#038;p=15450"},"modified":"2025-10-04T09:59:17","modified_gmt":"2025-10-04T07:59:17","slug":"the-lady-of-the-lake-a-poem-in-six-cantos-walter-scott-miniature","status":"publish","type":"product","link":"https:\/\/www.livresentre2actions.fr\/fr_fr\/produit\/the-lady-of-the-lake-a-poem-in-six-cantos-walter-scott-miniature\/","title":{"rendered":"The Lady of the Lake. A Poem in six Cantos &#8211; Walter Scott &#8211; Miniature"},"content":{"rendered":"<p>[Scott&rsquo;s lady of the lake sur le plat]<\/p>\n<p>David Bryce and Son &#8211; Cartonnage \u00e9diteur \u00e0 dos toil\u00e9 rouge, plats couleur illustr\u00e9s fa\u00e7on tartan \u00e9cossais (tartan boards), toutes tranches dor\u00e9es, 87 x 60, 191p. Sans date. 1880 ca. Frontispice et 7 illustrations pleine page par A. S. Boyd. [Alexander Stuart Boyd (7 f\u00e9vrier 1854 &#8211; 21 ao\u00fbt 1930) \u00e9tait un illustrateur, humoriste, journaliste, \u00e9crivain et peintre \u00e9cossais. Illustra notamment Conan Doyle]. Jolie provenance en page de garde\u00a0: ex-libris dat\u00e9 de septembre 1898 \u00ab\u00a0a de Kergorlay. Souvenir du lac Katrine. Achet\u00e9 sur le bateau qui traverse le lac\u00a0\u00bb. En page de garde\u00a0: Int\u00e9rieur tr\u00e8s bon, propre et int\u00e8gre. Dos toil\u00e9 rouge insol\u00e9. Plats en bon \u00e9tat, tranches en bon \u00e9tat. D\u00e9faut\u00a0: plat sup\u00e9rieur dont on sent la fragilit\u00e9 dans son lien avec le bloc. Bon exemplaire.<\/p>\n","protected":false},"excerpt":{"rendered":"<p>[Scott&rsquo;s lady of the lake sur le plat] David Bryce and Son &#8211; Cartonnage \u00e9diteur \u00e0 dos toil\u00e9 rouge, plats couleur illustr\u00e9s fa\u00e7on tartan \u00e9cossais (tartan boards), toutes tranches dor\u00e9es, 87 x 60, 191p. Sans date. 1880 ca. Frontispice et 7 illustrations pleine page par A. S. Boyd. [Alexander Stuart Boyd (7 f\u00e9vrier 1854 &#8211; &#8230; <a title=\"The Lady of the Lake. A Poem in six Cantos &#8211; Walter Scott &#8211; Miniature\" class=\"read-more\" href=\"https:\/\/www.livresentre2actions.fr\/fr_fr\/produit\/the-lady-of-the-lake-a-poem-in-six-cantos-walter-scott-miniature\/\" aria-label=\"En savoir plus sur The Lady of the Lake. A Poem in six Cantos &#8211; Walter Scott &#8211; Miniature\">Lire plus<\/a><\/p>\n","protected":false},"featured_media":15451,"template":"","meta":{"_eb_attr":""},"product_brand":[],"product_cat":[36,74,71,100,76],"product_tag":[86,94],"class_list":{"0":"post-15450","1":"product","2":"type-product","3":"status-publish","4":"has-post-thumbnail","6":"product_cat-entre-le-xviiieme-et-le-xixeme-siecle","7":"product_cat-collections","8":"product_cat-illustres-modernes-editions-originales-signees-numerotees","9":"product_cat-miniatures-minuscules","10":"product_cat-poesie-theatre-prose","11":"product_tag-illustre","12":"product_tag-provenance","13":"sales-flash-overlay","14":"woocommerce-text-align-center","15":"woocommerce-image-align-center","16":"wc-has-gallery","18":"first","19":"instock","20":"sold-individually","21":"taxable","22":"shipping-taxable","23":"purchasable","24":"product-type-simple"},"aioseo_notices":[],"_links":{"self":[{"href":"https:\/\/www.livresentre2actions.fr\/fr_fr\/wp-json\/wp\/v2\/product\/15450","targetHints":{"allow":["GET"]}}],"collection":[{"href":"https:\/\/www.livresentre2actions.fr\/fr_fr\/wp-json\/wp\/v2\/product"}],"about":[{"href":"https:\/\/www.livresentre2actions.fr\/fr_fr\/wp-json\/wp\/v2\/types\/product"}],"wp:featuredmedia":[{"embeddable":true,"href":"https:\/\/www.livresentre2actions.fr\/fr_fr\/wp-json\/wp\/v2\/media\/15451"}],"wp:attachment":[{"href":"https:\/\/www.livresentre2actions.fr\/fr_fr\/wp-json\/wp\/v2\/media?parent=15450"}],"wp:term":[{"taxonomy":"product_brand","embeddable":true,"href":"https:\/\/www.livresentre2actions.fr\/fr_fr\/wp-json\/wp\/v2\/product_brand?post=15450"},{"taxonomy":"product_cat","embeddable":true,"href":"https:\/\/www.livresentre2actions.fr\/fr_fr\/wp-json\/wp\/v2\/product_cat?post=15450"},{"taxonomy":"product_tag","embeddable":true,"href":"https:\/\/www.livresentre2actions.fr\/fr_fr\/wp-json\/wp\/v2\/product_tag?post=15450"}],"curies":[{"name":"wp","href":"https:\/\/api.w.org\/{rel}","templated":true}]}}