{"id":15435,"date":"2025-08-03T13:41:00","date_gmt":"2025-08-03T11:41:00","guid":{"rendered":"https:\/\/www.livresentre2actions.fr\/?post_type=product&#038;p=15435"},"modified":"2025-10-03T13:41:37","modified_gmt":"2025-10-03T11:41:37","slug":"le-monde-illustre-1863-annee-complete","status":"publish","type":"product","link":"https:\/\/www.livresentre2actions.fr\/fr_fr\/produit\/le-monde-illustre-1863-annee-complete\/","title":{"rendered":"Le Monde Illustr\u00e9 1863 &#8211; ann\u00e9e compl\u00e8te"},"content":{"rendered":"<p>Demi-toil\u00e9 \u00e0 dos long orn\u00e9 d&rsquo;une pi\u00e8ce de titre rouge, 393 x 265, 415p. Complet des num\u00e9ros de 1865, 7\u00e8me ann\u00e9e, du n\u00b0299 du 03\/01 au 350 du 26\/12. Avec nombreuses gravures dont 2 cartes et 1 gravure de Dor\u00e9., Rousseurs int\u00e9rieures, une page d\u00e9chir\u00e9e sans manque, reliure en bon \u00e9tat. Egalement en stock, dans la m\u00eame reliure : les ann\u00e9es 1857, 1858, 1859, 1860, 1861, 1862, 1864, 1865, 1866 et 1867.<\/p>\n","protected":false},"excerpt":{"rendered":"<p>Demi-toil\u00e9 \u00e0 dos long orn\u00e9 d&rsquo;une pi\u00e8ce de titre rouge, 393 x 265, 415p. Complet des num\u00e9ros de 1865, 7\u00e8me ann\u00e9e, du n\u00b0299 du 03\/01 au 350 du 26\/12. Avec nombreuses gravures dont 2 cartes et 1 gravure de Dor\u00e9., Rousseurs int\u00e9rieures, une page d\u00e9chir\u00e9e sans manque, reliure en bon \u00e9tat. Egalement en stock, dans &#8230; <a title=\"Le Monde Illustr\u00e9 1863 &#8211; ann\u00e9e compl\u00e8te\" class=\"read-more\" href=\"https:\/\/www.livresentre2actions.fr\/fr_fr\/produit\/le-monde-illustre-1863-annee-complete\/\" aria-label=\"En savoir plus sur Le Monde Illustr\u00e9 1863 &#8211; ann\u00e9e compl\u00e8te\">Lire plus<\/a><\/p>\n","protected":false},"featured_media":15436,"template":"","meta":{"_eb_attr":""},"product_brand":[],"product_cat":[36,71,73,76,99,69],"product_tag":[86],"class_list":{"0":"post-15435","1":"product","2":"type-product","3":"status-publish","4":"has-post-thumbnail","6":"product_cat-entre-le-xviiieme-et-le-xixeme-siecle","7":"product_cat-illustres-modernes-editions-originales-signees-numerotees","8":"product_cat-histoires-et-recits-de-voyage","9":"product_cat-poesie-theatre-prose","10":"product_cat-revues","11":"product_cat-sciences-et-techniques","12":"product_tag-illustre","13":"sales-flash-overlay","14":"woocommerce-text-align-center","15":"woocommerce-image-align-center","16":"wc-has-gallery","18":"first","19":"instock","20":"taxable","21":"shipping-taxable","22":"purchasable","23":"product-type-simple"},"aioseo_notices":[],"_links":{"self":[{"href":"https:\/\/www.livresentre2actions.fr\/fr_fr\/wp-json\/wp\/v2\/product\/15435","targetHints":{"allow":["GET"]}}],"collection":[{"href":"https:\/\/www.livresentre2actions.fr\/fr_fr\/wp-json\/wp\/v2\/product"}],"about":[{"href":"https:\/\/www.livresentre2actions.fr\/fr_fr\/wp-json\/wp\/v2\/types\/product"}],"wp:featuredmedia":[{"embeddable":true,"href":"https:\/\/www.livresentre2actions.fr\/fr_fr\/wp-json\/wp\/v2\/media\/15436"}],"wp:attachment":[{"href":"https:\/\/www.livresentre2actions.fr\/fr_fr\/wp-json\/wp\/v2\/media?parent=15435"}],"wp:term":[{"taxonomy":"product_brand","embeddable":true,"href":"https:\/\/www.livresentre2actions.fr\/fr_fr\/wp-json\/wp\/v2\/product_brand?post=15435"},{"taxonomy":"product_cat","embeddable":true,"href":"https:\/\/www.livresentre2actions.fr\/fr_fr\/wp-json\/wp\/v2\/product_cat?post=15435"},{"taxonomy":"product_tag","embeddable":true,"href":"https:\/\/www.livresentre2actions.fr\/fr_fr\/wp-json\/wp\/v2\/product_tag?post=15435"}],"curies":[{"name":"wp","href":"https:\/\/api.w.org\/{rel}","templated":true}]}}