{"id":15377,"date":"2025-08-03T12:34:33","date_gmt":"2025-08-03T10:34:33","guid":{"rendered":"https:\/\/www.livresentre2actions.fr\/?post_type=product&#038;p=15377"},"modified":"2025-10-03T12:35:01","modified_gmt":"2025-10-03T10:35:01","slug":"enoch-arden-etc-alfred-tennyson","status":"publish","type":"product","link":"https:\/\/www.livresentre2actions.fr\/fr_fr\/produit\/enoch-arden-etc-alfred-tennyson\/","title":{"rendered":"Enoch Arden. Etc. &#8211; Alfred Tennyson"},"content":{"rendered":"<p>Strahan &amp; co &#8211; Demi-chagrin vert \u00e0 coins, dos \u00e0 faux-nerfs, orn\u00e9 des titre, auteur, de liser\u00e9s et frises, tranches peign\u00e9es, 168 x 111, 178p. 1869. Int\u00e9rieur propre, tr\u00e8s bon, except\u00e9 la page de sommaire qui se d\u00e9tache en t\u00eate. Coins et champs frott\u00e9s, coins avec fortes \u00e9pidermures. Dos et plats frott\u00e9s, dos avec \u00e9pidermures, lesquelles sont marqu\u00e9es en coiffes et queue. Bon exemplaire bien ferme.<\/p>\n","protected":false},"excerpt":{"rendered":"<p>Strahan &amp; co &#8211; Demi-chagrin vert \u00e0 coins, dos \u00e0 faux-nerfs, orn\u00e9 des titre, auteur, de liser\u00e9s et frises, tranches peign\u00e9es, 168 x 111, 178p. 1869. Int\u00e9rieur propre, tr\u00e8s bon, except\u00e9 la page de sommaire qui se d\u00e9tache en t\u00eate. Coins et champs frott\u00e9s, coins avec fortes \u00e9pidermures. Dos et plats frott\u00e9s, dos avec \u00e9pidermures, &#8230; <a title=\"Enoch Arden. Etc. &#8211; Alfred Tennyson\" class=\"read-more\" href=\"https:\/\/www.livresentre2actions.fr\/fr_fr\/produit\/enoch-arden-etc-alfred-tennyson\/\" aria-label=\"En savoir plus sur Enoch Arden. Etc. &#8211; Alfred Tennyson\">Lire plus<\/a><\/p>\n","protected":false},"featured_media":15378,"template":"","meta":{"_eb_attr":""},"product_brand":[],"product_cat":[36,76],"product_tag":[],"class_list":{"0":"post-15377","1":"product","2":"type-product","3":"status-publish","4":"has-post-thumbnail","6":"product_cat-entre-le-xviiieme-et-le-xixeme-siecle","7":"product_cat-poesie-theatre-prose","8":"sales-flash-overlay","9":"woocommerce-text-align-center","10":"woocommerce-image-align-center","11":"wc-has-gallery","13":"first","14":"instock","15":"taxable","16":"shipping-taxable","17":"purchasable","18":"product-type-simple"},"aioseo_notices":[],"_links":{"self":[{"href":"https:\/\/www.livresentre2actions.fr\/fr_fr\/wp-json\/wp\/v2\/product\/15377","targetHints":{"allow":["GET"]}}],"collection":[{"href":"https:\/\/www.livresentre2actions.fr\/fr_fr\/wp-json\/wp\/v2\/product"}],"about":[{"href":"https:\/\/www.livresentre2actions.fr\/fr_fr\/wp-json\/wp\/v2\/types\/product"}],"wp:featuredmedia":[{"embeddable":true,"href":"https:\/\/www.livresentre2actions.fr\/fr_fr\/wp-json\/wp\/v2\/media\/15378"}],"wp:attachment":[{"href":"https:\/\/www.livresentre2actions.fr\/fr_fr\/wp-json\/wp\/v2\/media?parent=15377"}],"wp:term":[{"taxonomy":"product_brand","embeddable":true,"href":"https:\/\/www.livresentre2actions.fr\/fr_fr\/wp-json\/wp\/v2\/product_brand?post=15377"},{"taxonomy":"product_cat","embeddable":true,"href":"https:\/\/www.livresentre2actions.fr\/fr_fr\/wp-json\/wp\/v2\/product_cat?post=15377"},{"taxonomy":"product_tag","embeddable":true,"href":"https:\/\/www.livresentre2actions.fr\/fr_fr\/wp-json\/wp\/v2\/product_tag?post=15377"}],"curies":[{"name":"wp","href":"https:\/\/api.w.org\/{rel}","templated":true}]}}