{"id":15304,"date":"2025-08-03T11:48:16","date_gmt":"2025-08-03T09:48:16","guid":{"rendered":"https:\/\/www.livresentre2actions.fr\/?post_type=product&#038;p=15304"},"modified":"2025-10-03T11:48:58","modified_gmt":"2025-10-03T09:48:58","slug":"peveril-of-the-peak-4-tomes-sir-walter-scott","status":"publish","type":"product","link":"https:\/\/www.livresentre2actions.fr\/fr_fr\/produit\/peveril-of-the-peak-4-tomes-sir-walter-scott\/","title":{"rendered":"Peveril of the Peak, 4 tomes.  Sir Walter Scott"},"content":{"rendered":"<p>A. and W. Galignani\u00a0 &#8211; Plein veau marbr\u00e9, dos long orn\u00e9 d\u2019une pi\u00e8ce de titre et de tomaison en maroquin rouge, dos richement d\u00e9cor\u00e9 frises et fleurons, plats \u00e0 encadrement \u00e0 liser\u00e9 et frise, tranches jasp\u00e9es, signet bleu-gris, 174 x 105, 1823. 4 tomes. Parue la m\u00eame ann\u00e9e que l\u2019original. T1, Prefatory letter from the Reverend Doctor Driasdust of York, ii-xxv, et 229p. TII, 237p. TIII, 240p. TIV, 244p. Rousseurs marginales, parfois plus marqu\u00e9es, int\u00e9rieurs propres. Coins et champs frott\u00e9s, avec \u00e9pidermures, champ de pied du plat sup\u00e9rieur du T2 l\u00e9g\u00e8rement cogn\u00e9. Plats tr\u00e8s bons ; mors et dos l\u00e9g\u00e8rement frott\u00e9s mais tr\u00e8s bons, des \u00e9pidermures en coiffe et queue. Bel ensemble. Le r\u00e9cit a pour cadre l&rsquo;Angleterre et l&rsquo;\u00eele de Man au XVII\u00e8 si\u00e8cle. C&rsquo;est le plus long des romans de Scott. \u00c9galement en stock dans la m\u00eame reliure : Essays ; Waverley ; Woodstock ; Guy Mannering ; Kennilworth<\/p>\n","protected":false},"excerpt":{"rendered":"<p>A. and W. Galignani\u00a0 &#8211; Plein veau marbr\u00e9, dos long orn\u00e9 d\u2019une pi\u00e8ce de titre et de tomaison en maroquin rouge, dos richement d\u00e9cor\u00e9 frises et fleurons, plats \u00e0 encadrement \u00e0 liser\u00e9 et frise, tranches jasp\u00e9es, signet bleu-gris, 174 x 105, 1823. 4 tomes. Parue la m\u00eame ann\u00e9e que l\u2019original. T1, Prefatory letter from the &#8230; <a title=\"Peveril of the Peak, 4 tomes.  Sir Walter Scott\" class=\"read-more\" href=\"https:\/\/www.livresentre2actions.fr\/fr_fr\/produit\/peveril-of-the-peak-4-tomes-sir-walter-scott\/\" aria-label=\"En savoir plus sur Peveril of the Peak, 4 tomes.  Sir Walter Scott\">Lire plus<\/a><\/p>\n","protected":false},"featured_media":15305,"template":"","meta":{"_eb_attr":""},"product_brand":[],"product_cat":[36,76],"product_tag":[],"class_list":{"0":"post-15304","1":"product","2":"type-product","3":"status-publish","4":"has-post-thumbnail","6":"product_cat-entre-le-xviiieme-et-le-xixeme-siecle","7":"product_cat-poesie-theatre-prose","8":"sales-flash-overlay","9":"woocommerce-text-align-center","10":"woocommerce-image-align-center","11":"wc-has-gallery","13":"first","14":"instock","15":"taxable","16":"shipping-taxable","17":"purchasable","18":"product-type-simple"},"aioseo_notices":[],"_links":{"self":[{"href":"https:\/\/www.livresentre2actions.fr\/fr_fr\/wp-json\/wp\/v2\/product\/15304","targetHints":{"allow":["GET"]}}],"collection":[{"href":"https:\/\/www.livresentre2actions.fr\/fr_fr\/wp-json\/wp\/v2\/product"}],"about":[{"href":"https:\/\/www.livresentre2actions.fr\/fr_fr\/wp-json\/wp\/v2\/types\/product"}],"wp:featuredmedia":[{"embeddable":true,"href":"https:\/\/www.livresentre2actions.fr\/fr_fr\/wp-json\/wp\/v2\/media\/15305"}],"wp:attachment":[{"href":"https:\/\/www.livresentre2actions.fr\/fr_fr\/wp-json\/wp\/v2\/media?parent=15304"}],"wp:term":[{"taxonomy":"product_brand","embeddable":true,"href":"https:\/\/www.livresentre2actions.fr\/fr_fr\/wp-json\/wp\/v2\/product_brand?post=15304"},{"taxonomy":"product_cat","embeddable":true,"href":"https:\/\/www.livresentre2actions.fr\/fr_fr\/wp-json\/wp\/v2\/product_cat?post=15304"},{"taxonomy":"product_tag","embeddable":true,"href":"https:\/\/www.livresentre2actions.fr\/fr_fr\/wp-json\/wp\/v2\/product_tag?post=15304"}],"curies":[{"name":"wp","href":"https:\/\/api.w.org\/{rel}","templated":true}]}}