{"id":15255,"date":"2025-08-03T11:19:32","date_gmt":"2025-08-03T09:19:32","guid":{"rendered":"https:\/\/www.livresentre2actions.fr\/?post_type=product&#038;p=15255"},"modified":"2025-10-03T11:20:14","modified_gmt":"2025-10-03T09:20:14","slug":"la-confrerie-des-charitables-bethune-beuvry-et-environs","status":"publish","type":"product","link":"https:\/\/www.livresentre2actions.fr\/fr_fr\/produit\/la-confrerie-des-charitables-bethune-beuvry-et-environs\/","title":{"rendered":"La Confr\u00e9rie des Charitables. B\u00e9thune &#8211; Beuvry et environs"},"content":{"rendered":"<p>Cartonnage \u00e9diteur format italien, 155 x 210, 87p. 1983. Exemplaire num\u00e9rot\u00e9 300\/800. Exemplaire l\u00e9g\u00e8rement insol\u00e9 mais propre, int\u00e8gre, bien ferme.<\/p>\n","protected":false},"excerpt":{"rendered":"<p>Cartonnage \u00e9diteur format italien, 155 x 210, 87p. 1983. Exemplaire num\u00e9rot\u00e9 300\/800. Exemplaire l\u00e9g\u00e8rement insol\u00e9 mais propre, int\u00e8gre, bien ferme.<\/p>\n","protected":false},"featured_media":15256,"template":"","meta":{"_eb_attr":""},"product_brand":[],"product_cat":[37,74,71,81,68],"product_tag":[86],"class_list":{"0":"post-15255","1":"product","2":"type-product","3":"status-publish","4":"has-post-thumbnail","6":"product_cat-a-partir-du-xxeme-siecle","7":"product_cat-collections","8":"product_cat-illustres-modernes-editions-originales-signees-numerotees","9":"product_cat-hauts-de-france","10":"product_cat-religion-spiritualite","11":"product_tag-illustre","12":"sales-flash-overlay","13":"woocommerce-text-align-center","14":"woocommerce-image-align-center","15":"wc-has-gallery","17":"first","18":"instock","19":"taxable","20":"shipping-taxable","21":"purchasable","22":"product-type-simple"},"aioseo_notices":[],"_links":{"self":[{"href":"https:\/\/www.livresentre2actions.fr\/fr_fr\/wp-json\/wp\/v2\/product\/15255","targetHints":{"allow":["GET"]}}],"collection":[{"href":"https:\/\/www.livresentre2actions.fr\/fr_fr\/wp-json\/wp\/v2\/product"}],"about":[{"href":"https:\/\/www.livresentre2actions.fr\/fr_fr\/wp-json\/wp\/v2\/types\/product"}],"wp:featuredmedia":[{"embeddable":true,"href":"https:\/\/www.livresentre2actions.fr\/fr_fr\/wp-json\/wp\/v2\/media\/15256"}],"wp:attachment":[{"href":"https:\/\/www.livresentre2actions.fr\/fr_fr\/wp-json\/wp\/v2\/media?parent=15255"}],"wp:term":[{"taxonomy":"product_brand","embeddable":true,"href":"https:\/\/www.livresentre2actions.fr\/fr_fr\/wp-json\/wp\/v2\/product_brand?post=15255"},{"taxonomy":"product_cat","embeddable":true,"href":"https:\/\/www.livresentre2actions.fr\/fr_fr\/wp-json\/wp\/v2\/product_cat?post=15255"},{"taxonomy":"product_tag","embeddable":true,"href":"https:\/\/www.livresentre2actions.fr\/fr_fr\/wp-json\/wp\/v2\/product_tag?post=15255"}],"curies":[{"name":"wp","href":"https:\/\/api.w.org\/{rel}","templated":true}]}}