{"id":15243,"date":"2025-08-03T11:15:47","date_gmt":"2025-08-03T09:15:47","guid":{"rendered":"https:\/\/www.livresentre2actions.fr\/?post_type=product&#038;p=15243"},"modified":"2025-10-03T11:16:32","modified_gmt":"2025-10-03T09:16:32","slug":"lappel-de-lourdes-francois-gaquere-signe","status":"publish","type":"product","link":"https:\/\/www.livresentre2actions.fr\/fr_fr\/produit\/lappel-de-lourdes-francois-gaquere-signe\/","title":{"rendered":"L&rsquo;appel de Lourdes &#8211; Fran\u00e7ois Gaquere, sign\u00e9"},"content":{"rendered":"<p>L&rsquo;appel de Lourdes &#8211; Fran\u00e7ois Gaquere Broch\u00e9 \u00e0 rabats, 242 x 162, 62p. Hors table. 1958. Nouvelle \u00e9dition. (Deuxi\u00e8me \u00e9dition, 7\u00e8me mille) Avec envoi sign\u00e9 de l&rsquo;auteur en page de garde. Exemplaire propre et int\u00e8gre, bien ferme.<\/p>\n","protected":false},"excerpt":{"rendered":"<p>L&rsquo;appel de Lourdes &#8211; Fran\u00e7ois Gaquere Broch\u00e9 \u00e0 rabats, 242 x 162, 62p. Hors table. 1958. Nouvelle \u00e9dition. (Deuxi\u00e8me \u00e9dition, 7\u00e8me mille) Avec envoi sign\u00e9 de l&rsquo;auteur en page de garde. Exemplaire propre et int\u00e8gre, bien ferme.<\/p>\n","protected":false},"featured_media":15244,"template":"","meta":{"_eb_attr":""},"product_brand":[],"product_cat":[37,71,81,97,68],"product_tag":[86,87],"class_list":{"0":"post-15243","1":"product","2":"type-product","3":"status-publish","4":"has-post-thumbnail","6":"product_cat-a-partir-du-xxeme-siecle","7":"product_cat-illustres-modernes-editions-originales-signees-numerotees","8":"product_cat-hauts-de-france","9":"product_cat-regionalia-divers","10":"product_cat-religion-spiritualite","11":"product_tag-illustre","12":"product_tag-signe","13":"sales-flash-overlay","14":"woocommerce-text-align-center","15":"woocommerce-image-align-center","16":"wc-has-gallery","18":"first","19":"instock","20":"taxable","21":"shipping-taxable","22":"purchasable","23":"product-type-simple"},"aioseo_notices":[],"_links":{"self":[{"href":"https:\/\/www.livresentre2actions.fr\/fr_fr\/wp-json\/wp\/v2\/product\/15243","targetHints":{"allow":["GET"]}}],"collection":[{"href":"https:\/\/www.livresentre2actions.fr\/fr_fr\/wp-json\/wp\/v2\/product"}],"about":[{"href":"https:\/\/www.livresentre2actions.fr\/fr_fr\/wp-json\/wp\/v2\/types\/product"}],"wp:featuredmedia":[{"embeddable":true,"href":"https:\/\/www.livresentre2actions.fr\/fr_fr\/wp-json\/wp\/v2\/media\/15244"}],"wp:attachment":[{"href":"https:\/\/www.livresentre2actions.fr\/fr_fr\/wp-json\/wp\/v2\/media?parent=15243"}],"wp:term":[{"taxonomy":"product_brand","embeddable":true,"href":"https:\/\/www.livresentre2actions.fr\/fr_fr\/wp-json\/wp\/v2\/product_brand?post=15243"},{"taxonomy":"product_cat","embeddable":true,"href":"https:\/\/www.livresentre2actions.fr\/fr_fr\/wp-json\/wp\/v2\/product_cat?post=15243"},{"taxonomy":"product_tag","embeddable":true,"href":"https:\/\/www.livresentre2actions.fr\/fr_fr\/wp-json\/wp\/v2\/product_tag?post=15243"}],"curies":[{"name":"wp","href":"https:\/\/api.w.org\/{rel}","templated":true}]}}