{"id":15204,"date":"2025-08-03T10:51:14","date_gmt":"2025-08-03T08:51:14","guid":{"rendered":"https:\/\/www.livresentre2actions.fr\/?post_type=product&#038;p=15204"},"modified":"2025-10-03T10:51:45","modified_gmt":"2025-10-03T08:51:45","slug":"a-travers-le-vieux-saint-omer-justin-de-pas","status":"publish","type":"product","link":"https:\/\/www.livresentre2actions.fr\/fr_fr\/produit\/a-travers-le-vieux-saint-omer-justin-de-pas\/","title":{"rendered":"A travers le vieux Saint-Omer &#8211; Justin de Pas"},"content":{"rendered":"<p>REPRINT DE 1979 &#8211; Plein simili cuir lie de vin, 190 x 135, 312p. Avec table. 1979. Exemplaire num\u00e9rot\u00e9 242, un des 350 exemplaires. Un ex-libris en page de titre. Int\u00e9rieur propre et int\u00e8gre. Plats et dos propres et int\u00e8gres. Jaquette l\u00e9g\u00e8rement insol\u00e9e mais propre, avec deux petites d\u00e9chirures sans manque en t\u00eate de dos. Bien ferme.<\/p>\n","protected":false},"excerpt":{"rendered":"<p>REPRINT DE 1979 &#8211; Plein simili cuir lie de vin, 190 x 135, 312p. Avec table. 1979. Exemplaire num\u00e9rot\u00e9 242, un des 350 exemplaires. Un ex-libris en page de titre. Int\u00e9rieur propre et int\u00e8gre. Plats et dos propres et int\u00e8gres. Jaquette l\u00e9g\u00e8rement insol\u00e9e mais propre, avec deux petites d\u00e9chirures sans manque en t\u00eate de dos. &#8230; <a title=\"A travers le vieux Saint-Omer &#8211; Justin de Pas\" class=\"read-more\" href=\"https:\/\/www.livresentre2actions.fr\/fr_fr\/produit\/a-travers-le-vieux-saint-omer-justin-de-pas\/\" aria-label=\"En savoir plus sur A travers le vieux Saint-Omer &#8211; Justin de Pas\">Lire plus<\/a><\/p>\n","protected":false},"featured_media":15205,"template":"","meta":{"_eb_attr":""},"product_brand":[],"product_cat":[37,71,81],"product_tag":[86],"class_list":{"0":"post-15204","1":"product","2":"type-product","3":"status-publish","4":"has-post-thumbnail","6":"product_cat-a-partir-du-xxeme-siecle","7":"product_cat-illustres-modernes-editions-originales-signees-numerotees","8":"product_cat-hauts-de-france","9":"product_tag-illustre","10":"sales-flash-overlay","11":"woocommerce-text-align-center","12":"woocommerce-image-align-center","13":"wc-has-gallery","15":"first","16":"instock","17":"taxable","18":"shipping-taxable","19":"purchasable","20":"product-type-simple"},"aioseo_notices":[],"_links":{"self":[{"href":"https:\/\/www.livresentre2actions.fr\/fr_fr\/wp-json\/wp\/v2\/product\/15204","targetHints":{"allow":["GET"]}}],"collection":[{"href":"https:\/\/www.livresentre2actions.fr\/fr_fr\/wp-json\/wp\/v2\/product"}],"about":[{"href":"https:\/\/www.livresentre2actions.fr\/fr_fr\/wp-json\/wp\/v2\/types\/product"}],"wp:featuredmedia":[{"embeddable":true,"href":"https:\/\/www.livresentre2actions.fr\/fr_fr\/wp-json\/wp\/v2\/media\/15205"}],"wp:attachment":[{"href":"https:\/\/www.livresentre2actions.fr\/fr_fr\/wp-json\/wp\/v2\/media?parent=15204"}],"wp:term":[{"taxonomy":"product_brand","embeddable":true,"href":"https:\/\/www.livresentre2actions.fr\/fr_fr\/wp-json\/wp\/v2\/product_brand?post=15204"},{"taxonomy":"product_cat","embeddable":true,"href":"https:\/\/www.livresentre2actions.fr\/fr_fr\/wp-json\/wp\/v2\/product_cat?post=15204"},{"taxonomy":"product_tag","embeddable":true,"href":"https:\/\/www.livresentre2actions.fr\/fr_fr\/wp-json\/wp\/v2\/product_tag?post=15204"}],"curies":[{"name":"wp","href":"https:\/\/api.w.org\/{rel}","templated":true}]}}