{"id":15181,"date":"2025-08-03T10:40:04","date_gmt":"2025-08-03T08:40:04","guid":{"rendered":"https:\/\/www.livresentre2actions.fr\/?post_type=product&#038;p=15181"},"modified":"2025-10-03T10:40:32","modified_gmt":"2025-10-03T08:40:32","slug":"les-petits-ruisseaux-ch-paul-de-koch","status":"publish","type":"product","link":"https:\/\/www.livresentre2actions.fr\/fr_fr\/produit\/les-petits-ruisseaux-ch-paul-de-koch\/","title":{"rendered":"Les petits ruisseaux, Ch. Paul de Koch"},"content":{"rendered":"<p>Demi-chagrin rouge, dos long orn\u00e9 du titre et de l&rsquo;auteur, plats joliment recouverts d&rsquo;un papier peign\u00e9, 163 x 117, 288p. avec table. 1867. Edition originale. Frontispice sous serpente (Colin graveur, d&rsquo;apr\u00e8s Belin). Int\u00e9rieur propre, avec rousseurs n\u00e9anmoins, r\u00e9guli\u00e8re, plut\u00f4t marginales, fortes en tranches, et plus marqu\u00e9es en d\u00e9but et fin de volume. Reliure un peu frott\u00e9e, coins avec \u00e9pidermures, coiffe frott\u00e9e, mais bon \u00e9tat.<\/p>\n","protected":false},"excerpt":{"rendered":"<p>Demi-chagrin rouge, dos long orn\u00e9 du titre et de l&rsquo;auteur, plats joliment recouverts d&rsquo;un papier peign\u00e9, 163 x 117, 288p. avec table. 1867. Edition originale. Frontispice sous serpente (Colin graveur, d&rsquo;apr\u00e8s Belin). Int\u00e9rieur propre, avec rousseurs n\u00e9anmoins, r\u00e9guli\u00e8re, plut\u00f4t marginales, fortes en tranches, et plus marqu\u00e9es en d\u00e9but et fin de volume. Reliure un peu &#8230; <a title=\"Les petits ruisseaux, Ch. Paul de Koch\" class=\"read-more\" href=\"https:\/\/www.livresentre2actions.fr\/fr_fr\/produit\/les-petits-ruisseaux-ch-paul-de-koch\/\" aria-label=\"En savoir plus sur Les petits ruisseaux, Ch. Paul de Koch\">Lire plus<\/a><\/p>\n","protected":false},"featured_media":15182,"template":"","meta":{"_eb_attr":""},"product_brand":[],"product_cat":[36,71,76],"product_tag":[],"class_list":{"0":"post-15181","1":"product","2":"type-product","3":"status-publish","4":"has-post-thumbnail","6":"product_cat-entre-le-xviiieme-et-le-xixeme-siecle","7":"product_cat-illustres-modernes-editions-originales-signees-numerotees","8":"product_cat-poesie-theatre-prose","9":"sales-flash-overlay","10":"woocommerce-text-align-center","11":"woocommerce-image-align-center","12":"wc-has-gallery","14":"first","15":"instock","16":"taxable","17":"shipping-taxable","18":"purchasable","19":"product-type-simple"},"aioseo_notices":[],"_links":{"self":[{"href":"https:\/\/www.livresentre2actions.fr\/fr_fr\/wp-json\/wp\/v2\/product\/15181","targetHints":{"allow":["GET"]}}],"collection":[{"href":"https:\/\/www.livresentre2actions.fr\/fr_fr\/wp-json\/wp\/v2\/product"}],"about":[{"href":"https:\/\/www.livresentre2actions.fr\/fr_fr\/wp-json\/wp\/v2\/types\/product"}],"wp:featuredmedia":[{"embeddable":true,"href":"https:\/\/www.livresentre2actions.fr\/fr_fr\/wp-json\/wp\/v2\/media\/15182"}],"wp:attachment":[{"href":"https:\/\/www.livresentre2actions.fr\/fr_fr\/wp-json\/wp\/v2\/media?parent=15181"}],"wp:term":[{"taxonomy":"product_brand","embeddable":true,"href":"https:\/\/www.livresentre2actions.fr\/fr_fr\/wp-json\/wp\/v2\/product_brand?post=15181"},{"taxonomy":"product_cat","embeddable":true,"href":"https:\/\/www.livresentre2actions.fr\/fr_fr\/wp-json\/wp\/v2\/product_cat?post=15181"},{"taxonomy":"product_tag","embeddable":true,"href":"https:\/\/www.livresentre2actions.fr\/fr_fr\/wp-json\/wp\/v2\/product_tag?post=15181"}],"curies":[{"name":"wp","href":"https:\/\/api.w.org\/{rel}","templated":true}]}}