{"id":15170,"date":"2025-08-03T10:28:27","date_gmt":"2025-08-03T08:28:27","guid":{"rendered":"https:\/\/www.livresentre2actions.fr\/?post_type=product&#038;p=15170"},"modified":"2025-10-03T10:36:56","modified_gmt":"2025-10-03T08:36:56","slug":"temple-ptolemaiques-et-romains-repertoire-bibliographique","status":"publish","type":"product","link":"https:\/\/www.livresentre2actions.fr\/fr_fr\/produit\/temple-ptolemaiques-et-romains-repertoire-bibliographique\/","title":{"rendered":"Temple ptol\u00e9ma\u00efques et romains. R\u00e9pertoire bibliographique"},"content":{"rendered":"<p>Temple ptol\u00e9ma\u00efques et romains. R\u00e9pertoire bibliographique Index des citations 1955-1974, incluant l&rsquo;index des citations de 1939 \u00e0 1954 r\u00e9unies par N. Sauneron. Jean-Claude Grenier &#8211; Institut Fran\u00e7ais d&rsquo;Arch\u00e9ologie Orientale. du Caire<\/p>\n<p>Broch\u00e9, 270 x 205, 468p. 1980. Int\u00e9rieur tr\u00e8s bon, propre et int\u00e8gre. Couvertures l\u00e9g\u00e8rement insol\u00e9es, rousseurs au dos. Marques de pliures en couvertures ; et d\u00e9chirure sans manque en pied de dos le long de la couverture, et petites d\u00e9chirures sans manque en t\u00eate de dos. Bon exemplaire bien ferme.<\/p>\n","protected":false},"excerpt":{"rendered":"<p>Temple ptol\u00e9ma\u00efques et romains. R\u00e9pertoire bibliographique Index des citations 1955-1974, incluant l&rsquo;index des citations de 1939 \u00e0 1954 r\u00e9unies par N. Sauneron. Jean-Claude Grenier &#8211; Institut Fran\u00e7ais d&rsquo;Arch\u00e9ologie Orientale. du Caire Broch\u00e9, 270 x 205, 468p. 1980. Int\u00e9rieur tr\u00e8s bon, propre et int\u00e8gre. Couvertures l\u00e9g\u00e8rement insol\u00e9es, rousseurs au dos. Marques de pliures en couvertures ; &#8230; <a title=\"Temple ptol\u00e9ma\u00efques et romains. R\u00e9pertoire bibliographique\" class=\"read-more\" href=\"https:\/\/www.livresentre2actions.fr\/fr_fr\/produit\/temple-ptolemaiques-et-romains-repertoire-bibliographique\/\" aria-label=\"En savoir plus sur Temple ptol\u00e9ma\u00efques et romains. R\u00e9pertoire bibliographique\">Lire plus<\/a><\/p>\n","protected":false},"featured_media":15171,"template":"","meta":{"_eb_attr":""},"product_brand":[],"product_cat":[37,73],"product_tag":[],"class_list":{"0":"post-15170","1":"product","2":"type-product","3":"status-publish","4":"has-post-thumbnail","6":"product_cat-a-partir-du-xxeme-siecle","7":"product_cat-histoires-et-recits-de-voyage","8":"sales-flash-overlay","9":"woocommerce-text-align-center","10":"woocommerce-image-align-center","11":"wc-has-gallery","13":"first","14":"instock","15":"taxable","16":"shipping-taxable","17":"purchasable","18":"product-type-simple"},"aioseo_notices":[],"_links":{"self":[{"href":"https:\/\/www.livresentre2actions.fr\/fr_fr\/wp-json\/wp\/v2\/product\/15170","targetHints":{"allow":["GET"]}}],"collection":[{"href":"https:\/\/www.livresentre2actions.fr\/fr_fr\/wp-json\/wp\/v2\/product"}],"about":[{"href":"https:\/\/www.livresentre2actions.fr\/fr_fr\/wp-json\/wp\/v2\/types\/product"}],"wp:featuredmedia":[{"embeddable":true,"href":"https:\/\/www.livresentre2actions.fr\/fr_fr\/wp-json\/wp\/v2\/media\/15171"}],"wp:attachment":[{"href":"https:\/\/www.livresentre2actions.fr\/fr_fr\/wp-json\/wp\/v2\/media?parent=15170"}],"wp:term":[{"taxonomy":"product_brand","embeddable":true,"href":"https:\/\/www.livresentre2actions.fr\/fr_fr\/wp-json\/wp\/v2\/product_brand?post=15170"},{"taxonomy":"product_cat","embeddable":true,"href":"https:\/\/www.livresentre2actions.fr\/fr_fr\/wp-json\/wp\/v2\/product_cat?post=15170"},{"taxonomy":"product_tag","embeddable":true,"href":"https:\/\/www.livresentre2actions.fr\/fr_fr\/wp-json\/wp\/v2\/product_tag?post=15170"}],"curies":[{"name":"wp","href":"https:\/\/api.w.org\/{rel}","templated":true}]}}