{"id":15142,"date":"2025-08-03T10:12:04","date_gmt":"2025-08-03T08:12:04","guid":{"rendered":"https:\/\/www.livresentre2actions.fr\/?post_type=product&#038;p=15142"},"modified":"2025-10-03T10:12:34","modified_gmt":"2025-10-03T08:12:34","slug":"berenice-de-judee-j-soldanelle-illustrations-de-calbet-et-marold","status":"publish","type":"product","link":"https:\/\/www.livresentre2actions.fr\/fr_fr\/produit\/berenice-de-judee-j-soldanelle-illustrations-de-calbet-et-marold\/","title":{"rendered":"B\u00e9r\u00e9nice de Jud\u00e9e &#8211; J. Soldanelle &#8211; Illustrations de Calbet et Marold"},"content":{"rendered":"<p>Librairie Borel &#8211; Pleine basane chocolat \u00e0 dos romantique orn\u00e9 de 5 faux-nerfs, de liser\u00e9s, frises, pi\u00e8ce de titre rouge, auteur estamp\u00e9 dor\u00e9, signet rouge, 140 x 77, Pr\u00e9face, 4-20 et 25-84 pp. pour le texte. 1898. Collection Edouard Guillaume \u00ab\u00a0Lotus Alba\u00a0\u00bb. Illustrations de Calbet et Marold. Page de titre illustr\u00e9e. Frontispice et 5 illustrations \u00e0 pleine page, d\u2019autres en marges et en ent\u00eate. Int\u00e9rieur tr\u00e8s bon, propre et int\u00e8gre. Des frottements \u00e0 la reliure (champs, coins). Quelques griffes aux plats. Dos l\u00e9g\u00e8rement insol\u00e9 avec \u00e9pidermures en coiffe et en plein. Bon exemplaire bien ferme.<\/p>\n","protected":false},"excerpt":{"rendered":"<p>Librairie Borel &#8211; Pleine basane chocolat \u00e0 dos romantique orn\u00e9 de 5 faux-nerfs, de liser\u00e9s, frises, pi\u00e8ce de titre rouge, auteur estamp\u00e9 dor\u00e9, signet rouge, 140 x 77, Pr\u00e9face, 4-20 et 25-84 pp. pour le texte. 1898. Collection Edouard Guillaume \u00ab\u00a0Lotus Alba\u00a0\u00bb. Illustrations de Calbet et Marold. Page de titre illustr\u00e9e. Frontispice et 5 illustrations &#8230; <a title=\"B\u00e9r\u00e9nice de Jud\u00e9e &#8211; J. Soldanelle &#8211; Illustrations de Calbet et Marold\" class=\"read-more\" href=\"https:\/\/www.livresentre2actions.fr\/fr_fr\/produit\/berenice-de-judee-j-soldanelle-illustrations-de-calbet-et-marold\/\" aria-label=\"En savoir plus sur B\u00e9r\u00e9nice de Jud\u00e9e &#8211; J. Soldanelle &#8211; Illustrations de Calbet et Marold\">Lire plus<\/a><\/p>\n","protected":false},"featured_media":15143,"template":"","meta":{"_eb_attr":""},"product_brand":[],"product_cat":[36,75,74,84,71,76],"product_tag":[86],"class_list":{"0":"post-15142","1":"product","2":"type-product","3":"status-publish","4":"has-post-thumbnail","6":"product_cat-entre-le-xviiieme-et-le-xixeme-siecle","7":"product_cat-art","8":"product_cat-collections","9":"product_cat-curiosa","10":"product_cat-illustres-modernes-editions-originales-signees-numerotees","11":"product_cat-poesie-theatre-prose","12":"product_tag-illustre","13":"sales-flash-overlay","14":"woocommerce-text-align-center","15":"woocommerce-image-align-center","16":"wc-has-gallery","18":"first","19":"instock","20":"taxable","21":"shipping-taxable","22":"purchasable","23":"product-type-simple"},"aioseo_notices":[],"_links":{"self":[{"href":"https:\/\/www.livresentre2actions.fr\/fr_fr\/wp-json\/wp\/v2\/product\/15142","targetHints":{"allow":["GET"]}}],"collection":[{"href":"https:\/\/www.livresentre2actions.fr\/fr_fr\/wp-json\/wp\/v2\/product"}],"about":[{"href":"https:\/\/www.livresentre2actions.fr\/fr_fr\/wp-json\/wp\/v2\/types\/product"}],"wp:featuredmedia":[{"embeddable":true,"href":"https:\/\/www.livresentre2actions.fr\/fr_fr\/wp-json\/wp\/v2\/media\/15143"}],"wp:attachment":[{"href":"https:\/\/www.livresentre2actions.fr\/fr_fr\/wp-json\/wp\/v2\/media?parent=15142"}],"wp:term":[{"taxonomy":"product_brand","embeddable":true,"href":"https:\/\/www.livresentre2actions.fr\/fr_fr\/wp-json\/wp\/v2\/product_brand?post=15142"},{"taxonomy":"product_cat","embeddable":true,"href":"https:\/\/www.livresentre2actions.fr\/fr_fr\/wp-json\/wp\/v2\/product_cat?post=15142"},{"taxonomy":"product_tag","embeddable":true,"href":"https:\/\/www.livresentre2actions.fr\/fr_fr\/wp-json\/wp\/v2\/product_tag?post=15142"}],"curies":[{"name":"wp","href":"https:\/\/api.w.org\/{rel}","templated":true}]}}