{"id":15089,"date":"2025-08-03T09:48:23","date_gmt":"2025-08-03T07:48:23","guid":{"rendered":"https:\/\/www.livresentre2actions.fr\/?post_type=product&#038;p=15089"},"modified":"2025-10-03T09:48:56","modified_gmt":"2025-10-03T07:48:56","slug":"60-ans-darts-menagers-en-2-volumes-jacques-rouaud","status":"publish","type":"product","link":"https:\/\/www.livresentre2actions.fr\/fr_fr\/produit\/60-ans-darts-menagers-en-2-volumes-jacques-rouaud\/","title":{"rendered":"60 ans d&rsquo;arts m\u00e9nagers en 2 Volumes &#8211; Jacques Rouaud"},"content":{"rendered":"<p>Salon des arts m\u00e9nagers &#8211; Cartonnage \u00e9diteur sous jaquette, 298 x 227, 285 et 295p. avec index. 1989. Pour les deux volumes: int\u00e9rieur te cartonnage tr\u00e8s bons, propres et int\u00e8gres, proches du neuf. Jaquettes l\u00e9g\u00e8rement frott\u00e9es, mais propres et int\u00e8gres. Beaux exemplaires, bien fermes<\/p>\n<p>Tome I, 1923-1939, Le confort<\/p>\n<p>Tome II, 1948-1983, la consommation<\/p>\n<p>&nbsp;<\/p>\n","protected":false},"excerpt":{"rendered":"<p>Salon des arts m\u00e9nagers &#8211; Cartonnage \u00e9diteur sous jaquette, 298 x 227, 285 et 295p. avec index. 1989. Pour les deux volumes: int\u00e9rieur te cartonnage tr\u00e8s bons, propres et int\u00e8gres, proches du neuf. Jaquettes l\u00e9g\u00e8rement frott\u00e9es, mais propres et int\u00e8gres. Beaux exemplaires, bien fermes Tome I, 1923-1939, Le confort Tome II, 1948-1983, la consommation &nbsp;<\/p>\n","protected":false},"featured_media":15090,"template":"","meta":{"_eb_attr":""},"product_brand":[],"product_cat":[37,75,71,69],"product_tag":[86],"class_list":{"0":"post-15089","1":"product","2":"type-product","3":"status-publish","4":"has-post-thumbnail","6":"product_cat-a-partir-du-xxeme-siecle","7":"product_cat-art","8":"product_cat-illustres-modernes-editions-originales-signees-numerotees","9":"product_cat-sciences-et-techniques","10":"product_tag-illustre","11":"sales-flash-overlay","12":"woocommerce-text-align-center","13":"woocommerce-image-align-center","14":"wc-has-gallery","16":"first","17":"instock","18":"taxable","19":"shipping-taxable","20":"purchasable","21":"product-type-simple"},"aioseo_notices":[],"_links":{"self":[{"href":"https:\/\/www.livresentre2actions.fr\/fr_fr\/wp-json\/wp\/v2\/product\/15089","targetHints":{"allow":["GET"]}}],"collection":[{"href":"https:\/\/www.livresentre2actions.fr\/fr_fr\/wp-json\/wp\/v2\/product"}],"about":[{"href":"https:\/\/www.livresentre2actions.fr\/fr_fr\/wp-json\/wp\/v2\/types\/product"}],"wp:featuredmedia":[{"embeddable":true,"href":"https:\/\/www.livresentre2actions.fr\/fr_fr\/wp-json\/wp\/v2\/media\/15090"}],"wp:attachment":[{"href":"https:\/\/www.livresentre2actions.fr\/fr_fr\/wp-json\/wp\/v2\/media?parent=15089"}],"wp:term":[{"taxonomy":"product_brand","embeddable":true,"href":"https:\/\/www.livresentre2actions.fr\/fr_fr\/wp-json\/wp\/v2\/product_brand?post=15089"},{"taxonomy":"product_cat","embeddable":true,"href":"https:\/\/www.livresentre2actions.fr\/fr_fr\/wp-json\/wp\/v2\/product_cat?post=15089"},{"taxonomy":"product_tag","embeddable":true,"href":"https:\/\/www.livresentre2actions.fr\/fr_fr\/wp-json\/wp\/v2\/product_tag?post=15089"}],"curies":[{"name":"wp","href":"https:\/\/api.w.org\/{rel}","templated":true}]}}