{"id":15025,"date":"2025-08-03T09:25:00","date_gmt":"2025-08-03T07:25:00","guid":{"rendered":"https:\/\/www.livresentre2actions.fr\/?post_type=product&#038;p=15025"},"modified":"2025-10-03T09:25:34","modified_gmt":"2025-10-03T07:25:34","slug":"augustin-challamel-3-oeuvres-dont-histoire-de-france","status":"publish","type":"product","link":"https:\/\/www.livresentre2actions.fr\/fr_fr\/produit\/augustin-challamel-3-oeuvres-dont-histoire-de-france\/","title":{"rendered":"Augustin Challamel, 3 \u0153uvres dont Histoire de France"},"content":{"rendered":"<p>Chez Alphonse Lemerre.<\/p>\n<p>Pr\u00e9cis d&rsquo;histoire de France. Depuis les origines jusqu&rsquo;\u00e0 1883, Demi-chagrin rouge peign\u00e9, dos long orn\u00e9s de liser\u00e9s et des titre et auteur, 158 x 92, 494p. hors table. 1883. Int\u00e9rieur tr\u00e8s bon, propre, int\u00e8gre. Quelques frottements avec \u00e9pidermures \u00e0 la reliure mais bel exemplaire, propre int\u00e8gre, bien ferme.<\/p>\n<p>Les l\u00e9gendes de la Place Maubert &#8211; Broch\u00e9, 170 x 127, 95 p. 1877. Avec deux eaux fortes de P\u00e9qu\u00e9gnot. Int\u00e9rieur propre et int\u00e8gre (une petite d\u00e9chirure sans manque en page de garde). Couvertures et dos insol\u00e9s, frott\u00e9s et gris\u00e9s, avec une petite d\u00e9chirure sans manque en bord de couverture, et une petite d\u00e9chirure sans manque en pied de dos.<\/p>\n<p>Les revenants de la Place de Gr\u00e8ve &#8211; Broch\u00e9, 170 x 127, 97 p. 1879. Avec deux eaux fortes par Salmont. Int\u00e9rieur propre et int\u00e8gre. Tranches grises. Couvertures et dos insol\u00e9s, frott\u00e9s et gris\u00e9s, avec une petite d\u00e9chirure sans manque en pied de quatri\u00e8me de couverture.<\/p>\n","protected":false},"excerpt":{"rendered":"<p>Chez Alphonse Lemerre. Pr\u00e9cis d&rsquo;histoire de France. Depuis les origines jusqu&rsquo;\u00e0 1883, Demi-chagrin rouge peign\u00e9, dos long orn\u00e9s de liser\u00e9s et des titre et auteur, 158 x 92, 494p. hors table. 1883. Int\u00e9rieur tr\u00e8s bon, propre, int\u00e8gre. Quelques frottements avec \u00e9pidermures \u00e0 la reliure mais bel exemplaire, propre int\u00e8gre, bien ferme. Les l\u00e9gendes de la &#8230; <a title=\"Augustin Challamel, 3 \u0153uvres dont Histoire de France\" class=\"read-more\" href=\"https:\/\/www.livresentre2actions.fr\/fr_fr\/produit\/augustin-challamel-3-oeuvres-dont-histoire-de-france\/\" aria-label=\"En savoir plus sur Augustin Challamel, 3 \u0153uvres dont Histoire de France\">Lire plus<\/a><\/p>\n","protected":false},"featured_media":15026,"template":"","meta":{"_eb_attr":""},"product_brand":[],"product_cat":[36,71,73],"product_tag":[86],"class_list":{"0":"post-15025","1":"product","2":"type-product","3":"status-publish","4":"has-post-thumbnail","6":"product_cat-entre-le-xviiieme-et-le-xixeme-siecle","7":"product_cat-illustres-modernes-editions-originales-signees-numerotees","8":"product_cat-histoires-et-recits-de-voyage","9":"product_tag-illustre","10":"sales-flash-overlay","11":"woocommerce-text-align-center","12":"woocommerce-image-align-center","13":"wc-has-gallery","15":"first","16":"instock","17":"taxable","18":"shipping-taxable","19":"purchasable","20":"product-type-simple"},"aioseo_notices":[],"_links":{"self":[{"href":"https:\/\/www.livresentre2actions.fr\/fr_fr\/wp-json\/wp\/v2\/product\/15025","targetHints":{"allow":["GET"]}}],"collection":[{"href":"https:\/\/www.livresentre2actions.fr\/fr_fr\/wp-json\/wp\/v2\/product"}],"about":[{"href":"https:\/\/www.livresentre2actions.fr\/fr_fr\/wp-json\/wp\/v2\/types\/product"}],"wp:featuredmedia":[{"embeddable":true,"href":"https:\/\/www.livresentre2actions.fr\/fr_fr\/wp-json\/wp\/v2\/media\/15026"}],"wp:attachment":[{"href":"https:\/\/www.livresentre2actions.fr\/fr_fr\/wp-json\/wp\/v2\/media?parent=15025"}],"wp:term":[{"taxonomy":"product_brand","embeddable":true,"href":"https:\/\/www.livresentre2actions.fr\/fr_fr\/wp-json\/wp\/v2\/product_brand?post=15025"},{"taxonomy":"product_cat","embeddable":true,"href":"https:\/\/www.livresentre2actions.fr\/fr_fr\/wp-json\/wp\/v2\/product_cat?post=15025"},{"taxonomy":"product_tag","embeddable":true,"href":"https:\/\/www.livresentre2actions.fr\/fr_fr\/wp-json\/wp\/v2\/product_tag?post=15025"}],"curies":[{"name":"wp","href":"https:\/\/api.w.org\/{rel}","templated":true}]}}