{"id":15010,"date":"2025-08-03T09:15:44","date_gmt":"2025-08-03T07:15:44","guid":{"rendered":"https:\/\/www.livresentre2actions.fr\/?post_type=product&#038;p=15010"},"modified":"2025-10-03T09:16:36","modified_gmt":"2025-10-03T07:16:36","slug":"catalogue-general-des-cartulaires-des-archives-departementales","status":"publish","type":"product","link":"https:\/\/www.livresentre2actions.fr\/fr_fr\/produit\/catalogue-general-des-cartulaires-des-archives-departementales\/","title":{"rendered":"Catalogue g\u00e9n\u00e9ral des cartulaires des archives d\u00e9partementales"},"content":{"rendered":"<p>Catalogue g\u00e9n\u00e9ral des cartulaires des archives d\u00e9partementales publi\u00e9 par la Commission des archives d\u00e9partementales et communales<\/p>\n<p>Imprimerie royale &#8211; Pleine toile \u00e0 recouvrement, color\u00e9e \u00e0 motifs floraux, \u00e0 dos long orn\u00e9 d\u2019une pi\u00e8ce de titre en maroquin noir, couvertures conserv\u00e9es, 264 x 212, 285p. Avec table. 1847. Tr\u00e8s bel ex-libris coll\u00e9 en contreplat sup\u00e9rieur, dessin\u00e9 et semble-t-il sign\u00e9 E. Loriot, comportant quelques inscriptions non indentifi\u00e9es autour d\u2019un dessin au nombreux motifs symboliques. Comprend\u00a0: Cartulaires ou volumes manuscrits compos\u00e9s de transcriptions de titres anciens, 2-263 pp. Puis Tableaux pr\u00e9sentant les relev\u00e9s num\u00e9riques du catalogue des cartulaires, 267-272 pp. Puis Table des noms de lieux, maisons, \u00e9tablissements ou corporations. 274-285 pp. Int\u00e9rieur tr\u00e8s frais, propre et int\u00e8gre. Plats inf\u00e9rieur et dos frott\u00e9s et un peu noircis, mais bel exemplaire, propre et int\u00e8gre. Bien ferme.<\/p>\n","protected":false},"excerpt":{"rendered":"<p>Catalogue g\u00e9n\u00e9ral des cartulaires des archives d\u00e9partementales publi\u00e9 par la Commission des archives d\u00e9partementales et communales Imprimerie royale &#8211; Pleine toile \u00e0 recouvrement, color\u00e9e \u00e0 motifs floraux, \u00e0 dos long orn\u00e9 d\u2019une pi\u00e8ce de titre en maroquin noir, couvertures conserv\u00e9es, 264 x 212, 285p. Avec table. 1847. Tr\u00e8s bel ex-libris coll\u00e9 en contreplat sup\u00e9rieur, dessin\u00e9 &#8230; <a title=\"Catalogue g\u00e9n\u00e9ral des cartulaires des archives d\u00e9partementales\" class=\"read-more\" href=\"https:\/\/www.livresentre2actions.fr\/fr_fr\/produit\/catalogue-general-des-cartulaires-des-archives-departementales\/\" aria-label=\"En savoir plus sur Catalogue g\u00e9n\u00e9ral des cartulaires des archives d\u00e9partementales\">Lire plus<\/a><\/p>\n","protected":false},"featured_media":15011,"template":"","meta":{"_eb_attr":""},"product_brand":[],"product_cat":[36,74,72,73],"product_tag":[94],"class_list":{"0":"post-15010","1":"product","2":"type-product","3":"status-publish","4":"has-post-thumbnail","6":"product_cat-entre-le-xviiieme-et-le-xixeme-siecle","7":"product_cat-collections","8":"product_cat-divers","9":"product_cat-histoires-et-recits-de-voyage","10":"product_tag-provenance","11":"sales-flash-overlay","12":"woocommerce-text-align-center","13":"woocommerce-image-align-center","14":"wc-has-gallery","16":"first","17":"instock","18":"taxable","19":"shipping-taxable","20":"purchasable","21":"product-type-simple"},"aioseo_notices":[],"_links":{"self":[{"href":"https:\/\/www.livresentre2actions.fr\/fr_fr\/wp-json\/wp\/v2\/product\/15010","targetHints":{"allow":["GET"]}}],"collection":[{"href":"https:\/\/www.livresentre2actions.fr\/fr_fr\/wp-json\/wp\/v2\/product"}],"about":[{"href":"https:\/\/www.livresentre2actions.fr\/fr_fr\/wp-json\/wp\/v2\/types\/product"}],"wp:featuredmedia":[{"embeddable":true,"href":"https:\/\/www.livresentre2actions.fr\/fr_fr\/wp-json\/wp\/v2\/media\/15011"}],"wp:attachment":[{"href":"https:\/\/www.livresentre2actions.fr\/fr_fr\/wp-json\/wp\/v2\/media?parent=15010"}],"wp:term":[{"taxonomy":"product_brand","embeddable":true,"href":"https:\/\/www.livresentre2actions.fr\/fr_fr\/wp-json\/wp\/v2\/product_brand?post=15010"},{"taxonomy":"product_cat","embeddable":true,"href":"https:\/\/www.livresentre2actions.fr\/fr_fr\/wp-json\/wp\/v2\/product_cat?post=15010"},{"taxonomy":"product_tag","embeddable":true,"href":"https:\/\/www.livresentre2actions.fr\/fr_fr\/wp-json\/wp\/v2\/product_tag?post=15010"}],"curies":[{"name":"wp","href":"https:\/\/api.w.org\/{rel}","templated":true}]}}