{"id":14967,"date":"2025-09-16T17:42:07","date_gmt":"2025-09-16T15:42:07","guid":{"rendered":"https:\/\/www.livresentre2actions.fr\/?post_type=product&#038;p=14967"},"modified":"2025-09-16T17:42:08","modified_gmt":"2025-09-16T15:42:08","slug":"q-septimii-florentis-tertulliani-opera-1664","status":"publish","type":"product","link":"https:\/\/www.livresentre2actions.fr\/fr_fr\/produit\/q-septimii-florentis-tertulliani-opera-1664\/","title":{"rendered":"Q. Septimii Florentis Tertulliani Opera &#8211; 1664"},"content":{"rendered":"<p>Q. Septimii Florentis Tertulliani Opera ad vetustissimorum exemplarium fidem sedulo emendata, diligentia Nic. Rigaltii I.C. cum eiusdem annotationibus integris, &amp; variorum commentariis, seorsim anteae editis. Ph. Priorius argumenta &amp; notas in libros omnes, de nouo adjecit, &amp; dissertationem apprime utilem concinnauit. Accedunt Novatiani tractatus, De trinitate, &amp; Cibis iudaicis, cum notis, vt editione Pamelij<\/p>\n<p>Tertullien &#8211; Impensis Societatis Typographicae<\/p>\n<p>In-folio plein veau chin\u00e9 noir, dos \u00e0 6 nerfs, pi\u00e8ce de titre havane, 5 caissons fleuronn\u00e9s, frise en queue, et premier caisson aux armes \u00e9piscopales [croix pleine ceinte de fleurs de lys, en m\u00e9daillon \u00e0 bords pleins, surmont\u00e9 d\u2019un motif peu distinct (couronne? Laquelle est surmont\u00e9e de 4 motifs v\u00e9g\u00e9taux) avec en bord ext\u00e9rieur gauche la mitre \u00e0 double point], de tranche jasp\u00e9e rouge, 398 x 255, 736p. 1664.<\/p>\n<p>Tr\u00e8s belle vignette au titre avec la devise latine \u00ab absit gloriari nisi in cruce Domini \u00bb. ex-libris en t\u00eate de contreplat sup\u00e9rieur Bibliotheca seminarii meldensis [S\u00e9minaire de Meaux], dat\u00e9 de 1849. Et deux ex-libris au titre dont un dat\u00e9 de 1664, marquant l\u2019entr\u00e9e du volume au catalogue de la Congr\u00e9gation b\u00e9n\u00e9dictine de Saint-Maur [fond\u00e9e en 1618], et sign\u00e9 Monrij. S. Th\u00e9odisim (?) [Emmanuel-Theodose de la tour d\u2019Auvergne, celui qui r\u00e9unit l\u2019abbaye de Beaulieu \u00e0 Saint-Maur puis se retira en 1664 ?<\/p>\n<p>Comprend : Adresse \u00e0 Petro Segverio, avec une bel ent\u00eate grav\u00e9, ij-iiij ; Adresse au lecteur, avec ent\u00eate et lettrine, 2p. ; Dissertatio in qua tertulliani vita opiniones, et errores expenduntur, ent\u00eate, lettrine, 2p. ; De tertulliano et eius scriptis deque variis eorum editionibus nicolai rigaltii iudicium, ent\u00eate , lettrine, cul-de-lampe, 3p. ; Veterum scriptorum testimonia quaedam\u2026 3p. ; Vita q. septimii florentis tertulliani carthaginiensis presbyteri, auctore Jacobo Pamelio, 17p. Puis Paradoxa tertulliani cum antidoto iacobi pamielii, 14p. ; Proverbiales formulae toto opere e libris tertuli excerptae, 20p. Puis les \u0153uvres : ent\u00eate, petites lettrines, texte \u00e0 pleine page, commentaires en pied sur deux colonnes, 576p. Suivi de l\u2019Index (ent\u00eate, lettrine), pp. 577-628 ; suivi de Incerti auctoris adversus marcionem libri quinque, 630-644, cul-de-lampe. Suivi de : Index memorabilium, pp. 645-665, texte sur trois colonnes, cul-de-lampe ; Index scriptorum, index glossarium, pp. 668-706, texte sur 3 colonnes. Suivi de : Novatiani tractatus de trinitate, et cibis iudaicis com notis, ut in Pamielij, pp. 705-736. texte \u00e0 pleine page, commentaires en pied sur deux colonnes , cul-de-lampe, privil\u00e8ge.<\/p>\n<p>Int\u00e9rieur propre, rares mouillures, une page avec un manque en marge de pied. Reliure : coins et champs tr\u00e8s frott\u00e9s, 3 coins \u00e9mouss\u00e9s, champs de pied avec manques de cuir. Plats tr\u00e8s frott\u00e9s avec griffes, \u00e9pidermures, et manque en pied de plat inf\u00e9rieur ; restauration modeste en t\u00eat des plats, pr\u00e8s du dos et en pied de plat inf\u00e9rieur. Mors frott\u00e9s, fendus tout du long. Dos frott\u00e9 avec manque en pied, coiffe manquante, queue aras\u00e9e, premier caisson avec fente au premier nerfs, frottements, \u00e9pidermures<\/p>\n","protected":false},"excerpt":{"rendered":"<p>Q. Septimii Florentis Tertulliani Opera ad vetustissimorum exemplarium fidem sedulo emendata, diligentia Nic. Rigaltii I.C. cum eiusdem annotationibus integris, &amp; variorum commentariis, seorsim anteae editis. Ph. Priorius argumenta &amp; notas in libros omnes, de nouo adjecit, &amp; dissertationem apprime utilem concinnauit. Accedunt Novatiani tractatus, De trinitate, &amp; Cibis iudaicis, cum notis, vt editione Pamelij Tertullien &#8230; <a title=\"Q. Septimii Florentis Tertulliani Opera &#8211; 1664\" class=\"read-more\" href=\"https:\/\/www.livresentre2actions.fr\/fr_fr\/produit\/q-septimii-florentis-tertulliani-opera-1664\/\" aria-label=\"En savoir plus sur Q. Septimii Florentis Tertulliani Opera &#8211; 1664\">Lire plus<\/a><\/p>\n","protected":false},"featured_media":14968,"template":"","meta":{"_eb_attr":""},"product_brand":[],"product_cat":[35,71,73,68],"product_tag":[],"class_list":{"0":"post-14967","1":"product","2":"type-product","3":"status-publish","4":"has-post-thumbnail","6":"product_cat-jusquau-xviiemesiecle","7":"product_cat-illustres-modernes-editions-originales-signees-numerotees","8":"product_cat-histoires-et-recits-de-voyage","9":"product_cat-religion-spiritualite","10":"sales-flash-overlay","11":"woocommerce-text-align-center","12":"woocommerce-image-align-center","13":"wc-has-gallery","15":"first","16":"instock","17":"taxable","18":"shipping-taxable","19":"purchasable","20":"product-type-simple"},"aioseo_notices":[],"_links":{"self":[{"href":"https:\/\/www.livresentre2actions.fr\/fr_fr\/wp-json\/wp\/v2\/product\/14967","targetHints":{"allow":["GET"]}}],"collection":[{"href":"https:\/\/www.livresentre2actions.fr\/fr_fr\/wp-json\/wp\/v2\/product"}],"about":[{"href":"https:\/\/www.livresentre2actions.fr\/fr_fr\/wp-json\/wp\/v2\/types\/product"}],"wp:featuredmedia":[{"embeddable":true,"href":"https:\/\/www.livresentre2actions.fr\/fr_fr\/wp-json\/wp\/v2\/media\/14968"}],"wp:attachment":[{"href":"https:\/\/www.livresentre2actions.fr\/fr_fr\/wp-json\/wp\/v2\/media?parent=14967"}],"wp:term":[{"taxonomy":"product_brand","embeddable":true,"href":"https:\/\/www.livresentre2actions.fr\/fr_fr\/wp-json\/wp\/v2\/product_brand?post=14967"},{"taxonomy":"product_cat","embeddable":true,"href":"https:\/\/www.livresentre2actions.fr\/fr_fr\/wp-json\/wp\/v2\/product_cat?post=14967"},{"taxonomy":"product_tag","embeddable":true,"href":"https:\/\/www.livresentre2actions.fr\/fr_fr\/wp-json\/wp\/v2\/product_tag?post=14967"}],"curies":[{"name":"wp","href":"https:\/\/api.w.org\/{rel}","templated":true}]}}